{"id":10004,"date":"2024-06-15T13:26:25","date_gmt":"2024-06-15T16:26:25","guid":{"rendered":"https:\/\/www.taller-palabras.com\/WordPress_04\/?post_type=product&#038;p=10004"},"modified":"2024-06-15T13:31:40","modified_gmt":"2024-06-15T16:31:40","slug":"el-hombre-que-calculaba-malba-tahan-ebook","status":"publish","type":"product","link":"https:\/\/www.taller-palabras.com\/WordPress_04\/producto\/el-hombre-que-calculaba-malba-tahan-ebook","title":{"rendered":"El hombre que calculaba &#8211; Malba Tahan  \/ebook"},"content":{"rendered":"<figure id=\"attachment_10013\" aria-describedby=\"caption-attachment-10013\" style=\"width: 150px\" class=\"wp-caption alignleft\"><img loading=\"lazy\" decoding=\"async\" class=\"wp-image-10013 size-thumbnail\" src=\"https:\/\/www.taller-palabras.com\/WordPress_04\/wp-content\/uploads\/2024\/06\/Malba-Tahan-150x150.jpg\" alt=\"\" width=\"150\" height=\"150\" srcset=\"https:\/\/www.taller-palabras.com\/WordPress_04\/wp-content\/uploads\/2024\/06\/Malba-Tahan-150x150.jpg 150w, https:\/\/www.taller-palabras.com\/WordPress_04\/wp-content\/uploads\/2024\/06\/Malba-Tahan-100x100.jpg 100w\" sizes=\"auto, (max-width: 150px) 100vw, 150px\" \/><figcaption id=\"caption-attachment-10013\" class=\"wp-caption-text\">Autor Malba Tahan<\/figcaption><\/figure>\n<p>Beremiz Samir, el Hombre que Calculaba, aparece a un lado del camino que lleva a la ciudad de Bagdad. All\u00ed lo encuentra quien ser\u00e1 el narrador de la historia. Los dos personajes emprenden juntos el viaje. A trav\u00e9s de las palabras con que Hank\u2014Tad\u00e9\u2014Mai\u00e1 relata las distintas vicisitudes en las que participa Beremiz Samir a lo largo de la traves\u00eda, el lector recibe una clara idea de su talento para dominar la ciencia de la matem\u00e1tica, as\u00ed como tambi\u00e9n de la altura \u00e9tica de el Hombre que Calculaba. Los desaf\u00edos que enfrenta el calculador tienen como marco las tierras de un antiqu\u00edsimo Irak habitado por califas, jeques y visires. En cada uno de los relatos, Beremiz Samir demuestra el dominio que tiene sobre los n\u00fameros, pero ante cada consulta, ante cada historia, esa sabidur\u00eda va acompa\u00f1ada por una reflexi\u00f3n que, por encima de todos los detalles, busca y siempre encuentra una raz\u00f3n \u00e9tica, de justicia, para hacer desaparecer el problema, la no coincidencia entre los hombres por cuestiones, en la mayor\u00eda de los casos, casi insignificantes. Beremiz Samir es un hombre sabio, es un hombre de paz que no busca el poder sino la tranquilidad de vivir una vida plena. El Hombre que Calculaba es, en definitiva, un hombre que intenta hablar con su hermano, transmitir historias en las que los seres humanos entienden que en la vida no todo es c\u00e1lculo, y que es en la b\u00fasqueda de un equilibrio sincero, real y justo, donde ser\u00e1 posible hallar la felicidad de los d\u00edas.<\/p>\n","protected":false},"excerpt":{"rendered":"<p>Beremiz Samir, el Hombre que Calculaba, aparece a un lado del camino que lleva a la ciudad de Bagdad. All\u00ed lo encuentra quien ser\u00e1 el narrador de la historia. Los dos personajes emprenden juntos el viaje. A trav\u00e9s de las palabras con que Hank\u2014Tad\u00e9\u2014Mai\u00e1 relata las distintas vicisitudes en las que participa Beremiz Samir a [&hellip;]<\/p>\n","protected":false},"featured_media":10010,"template":"","meta":[],"product_brand":[],"product_cat":[25],"product_tag":[54,1341,1340,45],"class_list":{"0":"post-10004","1":"product","2":"type-product","3":"status-publish","4":"has-post-thumbnail","6":"product_cat-libros-digitales-ebooks","7":"product_tag-descargar-ebook","8":"product_tag-el-hombre-que-calculaba","9":"product_tag-malba-tahan","10":"product_tag-mejor-novela","12":"first","13":"instock","14":"shipping-taxable","15":"purchasable","16":"product-type-variable","17":"has-default-attributes"},"_links":{"self":[{"href":"https:\/\/www.taller-palabras.com\/WordPress_04\/wp-json\/wp\/v2\/product\/10004","targetHints":{"allow":["GET"]}}],"collection":[{"href":"https:\/\/www.taller-palabras.com\/WordPress_04\/wp-json\/wp\/v2\/product"}],"about":[{"href":"https:\/\/www.taller-palabras.com\/WordPress_04\/wp-json\/wp\/v2\/types\/product"}],"wp:featuredmedia":[{"embeddable":true,"href":"https:\/\/www.taller-palabras.com\/WordPress_04\/wp-json\/wp\/v2\/media\/10010"}],"wp:attachment":[{"href":"https:\/\/www.taller-palabras.com\/WordPress_04\/wp-json\/wp\/v2\/media?parent=10004"}],"wp:term":[{"taxonomy":"product_brand","embeddable":true,"href":"https:\/\/www.taller-palabras.com\/WordPress_04\/wp-json\/wp\/v2\/product_brand?post=10004"},{"taxonomy":"product_cat","embeddable":true,"href":"https:\/\/www.taller-palabras.com\/WordPress_04\/wp-json\/wp\/v2\/product_cat?post=10004"},{"taxonomy":"product_tag","embeddable":true,"href":"https:\/\/www.taller-palabras.com\/WordPress_04\/wp-json\/wp\/v2\/product_tag?post=10004"}],"curies":[{"name":"wp","href":"https:\/\/api.w.org\/{rel}","templated":true}]}}