{"id":10020,"date":"2024-06-15T13:32:28","date_gmt":"2024-06-15T16:32:28","guid":{"rendered":"https:\/\/www.taller-palabras.com\/WordPress_04\/?post_type=product&#038;p=10020"},"modified":"2024-06-15T13:35:58","modified_gmt":"2024-06-15T16:35:58","slug":"el-marciano-andy-weir-ebook","status":"publish","type":"product","link":"https:\/\/www.taller-palabras.com\/WordPress_04\/producto\/el-marciano-andy-weir-ebook","title":{"rendered":"El marciano &#8211; Andy Weir  \/ebook"},"content":{"rendered":"<figure id=\"attachment_10007\" aria-describedby=\"caption-attachment-10007\" style=\"width: 150px\" class=\"wp-caption alignleft\"><img loading=\"lazy\" decoding=\"async\" class=\"wp-image-10007 size-thumbnail\" src=\"https:\/\/www.taller-palabras.com\/WordPress_04\/wp-content\/uploads\/2024\/06\/Andy-Weir-150x150.jpg\" alt=\"\" width=\"150\" height=\"150\" srcset=\"https:\/\/www.taller-palabras.com\/WordPress_04\/wp-content\/uploads\/2024\/06\/Andy-Weir-150x150.jpg 150w, https:\/\/www.taller-palabras.com\/WordPress_04\/wp-content\/uploads\/2024\/06\/Andy-Weir-100x100.jpg 100w, https:\/\/www.taller-palabras.com\/WordPress_04\/wp-content\/uploads\/2024\/06\/Andy-Weir.jpg 283w\" sizes=\"auto, (max-width: 150px) 100vw, 150px\" \/><figcaption id=\"caption-attachment-10007\" class=\"wp-caption-text\">Autor Andy Weir<\/figcaption><\/figure>\n<p>Seis d\u00edas atr\u00e1s el astronauta Mark Watney se convirti\u00f3 en uno de los primeros hombres en caminar por la superficie de Marte. Ahora est\u00e1 seguro de que ser\u00e1 el primer hombre en morir all\u00ed. La tripulaci\u00f3n de la nave en que viajaba se ve obligada a evacuar el planeta a causa de una tormenta de polvo, dejando atr\u00e1s a Mark tras darlo por muerto. Pero \u00e9l est\u00e1 vivo, y atrapado a millones de kil\u00f3metros de cualquier ser humano, sin posibilidad de enviar se\u00f1ales a la Tierra. De todos modos, si lograra establecer conexi\u00f3n, morir\u00eda mucho antes de que el rescate llegara. Sin embargo, Mark no se da por vencido; armado con su ingenio, sus habilidades y sus conocimientos sobre bot\u00e1nica, se enfrentar\u00e1 a obst\u00e1culos aparentemente insuperables. Por suerte, el sentido del humor resultar\u00e1 ser su mayor fuente de fuerza. Obstinado en seguir con vida, incubar\u00e1 un plan absolutamente demencial para ponerse en contacto con la NASA. Con un final sorprendente, El marciano es una novela brillantemente construida, un delirio ingenioso, con una mec\u00e1nica del suspense que sorprender\u00e1 al lector una y otra vez y le har\u00e1 perderse en el cosmos de la naturaleza humana y la lucha por la supervivencia. Una experiencia literaria excepcional en gravedad cero.<\/p>\n","protected":false},"excerpt":{"rendered":"<p>Seis d\u00edas atr\u00e1s el astronauta Mark Watney se convirti\u00f3 en uno de los primeros hombres en caminar por la superficie de Marte. Ahora est\u00e1 seguro de que ser\u00e1 el primer hombre en morir all\u00ed. La tripulaci\u00f3n de la nave en que viajaba se ve obligada a evacuar el planeta a causa de una tormenta de [&hellip;]<\/p>\n","protected":false},"featured_media":10014,"template":"","meta":[],"product_brand":[],"product_cat":[25],"product_tag":[1342,54,1343,45],"class_list":{"0":"post-10020","1":"product","2":"type-product","3":"status-publish","4":"has-post-thumbnail","6":"product_cat-libros-digitales-ebooks","7":"product_tag-andy-weir","8":"product_tag-descargar-ebook","9":"product_tag-el-marciano","10":"product_tag-mejor-novela","12":"first","13":"instock","14":"shipping-taxable","15":"purchasable","16":"product-type-variable","17":"has-default-attributes"},"_links":{"self":[{"href":"https:\/\/www.taller-palabras.com\/WordPress_04\/wp-json\/wp\/v2\/product\/10020","targetHints":{"allow":["GET"]}}],"collection":[{"href":"https:\/\/www.taller-palabras.com\/WordPress_04\/wp-json\/wp\/v2\/product"}],"about":[{"href":"https:\/\/www.taller-palabras.com\/WordPress_04\/wp-json\/wp\/v2\/types\/product"}],"wp:featuredmedia":[{"embeddable":true,"href":"https:\/\/www.taller-palabras.com\/WordPress_04\/wp-json\/wp\/v2\/media\/10014"}],"wp:attachment":[{"href":"https:\/\/www.taller-palabras.com\/WordPress_04\/wp-json\/wp\/v2\/media?parent=10020"}],"wp:term":[{"taxonomy":"product_brand","embeddable":true,"href":"https:\/\/www.taller-palabras.com\/WordPress_04\/wp-json\/wp\/v2\/product_brand?post=10020"},{"taxonomy":"product_cat","embeddable":true,"href":"https:\/\/www.taller-palabras.com\/WordPress_04\/wp-json\/wp\/v2\/product_cat?post=10020"},{"taxonomy":"product_tag","embeddable":true,"href":"https:\/\/www.taller-palabras.com\/WordPress_04\/wp-json\/wp\/v2\/product_tag?post=10020"}],"curies":[{"name":"wp","href":"https:\/\/api.w.org\/{rel}","templated":true}]}}