{"id":10048,"date":"2021-03-31T11:50:07","date_gmt":"2021-03-31T14:50:07","guid":{"rendered":"https:\/\/www.taller-palabras.com\/WordPress_04\/?post_type=product&#038;p=10048"},"modified":"2024-06-17T12:48:16","modified_gmt":"2024-06-17T15:48:16","slug":"mientras-agonizo-william-faulkner-ebook","status":"publish","type":"product","link":"https:\/\/www.taller-palabras.com\/WordPress_04\/producto\/mientras-agonizo-william-faulkner-ebook","title":{"rendered":"Mientras agonizo &#8211; William Faulkner  \/ebook"},"content":{"rendered":"<figure id=\"attachment_3373\" aria-describedby=\"caption-attachment-3373\" style=\"width: 150px\" class=\"wp-caption alignleft\"><img loading=\"lazy\" decoding=\"async\" class=\"wp-image-3373 size-thumbnail\" src=\"https:\/\/www.taller-palabras.com\/WordPress_04\/wp-content\/uploads\/2021\/03\/WilliamFaulkner-150x150.jpg\" alt=\"\" width=\"150\" height=\"150\" srcset=\"https:\/\/www.taller-palabras.com\/WordPress_04\/wp-content\/uploads\/2021\/03\/WilliamFaulkner-150x150.jpg 150w, https:\/\/www.taller-palabras.com\/WordPress_04\/wp-content\/uploads\/2021\/03\/WilliamFaulkner-100x100.jpg 100w\" sizes=\"auto, (max-width: 150px) 100vw, 150px\" \/><figcaption id=\"caption-attachment-3373\" class=\"wp-caption-text\">Autor William Faulkner<\/figcaption><\/figure>\n<p>Mientras agonizo es una novela publicada en 1930 escrita por William Faulkner, uno de los novelistas m\u00e1s reconocidos de la literatura estadounidense del siglo XX. Es la quinta de su producci\u00f3n literaria, y fue escrita seg\u00fan palabras del autor, en \u00abseis fren\u00e9ticas semanas\u00bb, mientras trabajaba como bombero y vigilante nocturno en la central el\u00e9ctrica de la Universidad de Missisipi. Faulkner se refiri\u00f3 a ella como un \u00abtour de force\u00bb. El libro est\u00e1 narrado mediante la t\u00e9cnica del flujo de conciencia con 15 narradores en 59 cap\u00edtulos. Es la historia de la muerte de Addie Bundren, la mujer de un humilde granjero de Misisipi, y la b\u00fasqueda de la familia, noble o ego\u00edsta, que quiere honrar su deseo de ser enterrada con \u00absu gente\u00bb en el pueblo de Jefferson. En el viaje, el ni\u00f1o favorito de Addie, Jewel, salva el cuerpo de su madre de una inundaci\u00f3n y de las llamas. Adem\u00e1s, se van revelando los pensamientos de cada uno de los Bundrens. Darl, el segundo mayor, demuestra dotes para averiguar el futuro e intenta terminar con el viaje familiar. Tal y como ocurre en muchos trabajos de Faulkner, la historia est\u00e1 ambientada en Yoknapatawpha County, Mississippi, un condado imaginario que recuerda a Lafayette County en el que el autor vivi\u00f3.<\/p>\n","protected":false},"excerpt":{"rendered":"<p>Mientras agonizo es una novela publicada en 1930 escrita por William Faulkner, uno de los novelistas m\u00e1s reconocidos de la literatura estadounidense del siglo XX. Es la quinta de su producci\u00f3n literaria, y fue escrita seg\u00fan palabras del autor, en \u00abseis fren\u00e9ticas semanas\u00bb, mientras trabajaba como bombero y vigilante nocturno en la central el\u00e9ctrica de [&hellip;]<\/p>\n","protected":false},"featured_media":10052,"template":"","meta":[],"product_brand":[],"product_cat":[25],"product_tag":[136,1350,55,404],"class_list":{"0":"post-10048","1":"product","2":"type-product","3":"status-publish","4":"has-post-thumbnail","6":"product_cat-libros-digitales-ebooks","7":"product_tag-decargar-ebook","8":"product_tag-mientras-agonizo","9":"product_tag-novelas","10":"product_tag-william-faulkner","12":"first","13":"instock","14":"shipping-taxable","15":"purchasable","16":"product-type-variable","17":"has-default-attributes"},"_links":{"self":[{"href":"https:\/\/www.taller-palabras.com\/WordPress_04\/wp-json\/wp\/v2\/product\/10048","targetHints":{"allow":["GET"]}}],"collection":[{"href":"https:\/\/www.taller-palabras.com\/WordPress_04\/wp-json\/wp\/v2\/product"}],"about":[{"href":"https:\/\/www.taller-palabras.com\/WordPress_04\/wp-json\/wp\/v2\/types\/product"}],"wp:featuredmedia":[{"embeddable":true,"href":"https:\/\/www.taller-palabras.com\/WordPress_04\/wp-json\/wp\/v2\/media\/10052"}],"wp:attachment":[{"href":"https:\/\/www.taller-palabras.com\/WordPress_04\/wp-json\/wp\/v2\/media?parent=10048"}],"wp:term":[{"taxonomy":"product_brand","embeddable":true,"href":"https:\/\/www.taller-palabras.com\/WordPress_04\/wp-json\/wp\/v2\/product_brand?post=10048"},{"taxonomy":"product_cat","embeddable":true,"href":"https:\/\/www.taller-palabras.com\/WordPress_04\/wp-json\/wp\/v2\/product_cat?post=10048"},{"taxonomy":"product_tag","embeddable":true,"href":"https:\/\/www.taller-palabras.com\/WordPress_04\/wp-json\/wp\/v2\/product_tag?post=10048"}],"curies":[{"name":"wp","href":"https:\/\/api.w.org\/{rel}","templated":true}]}}