{"id":10148,"date":"2023-12-31T13:35:27","date_gmt":"2023-12-31T16:35:27","guid":{"rendered":"https:\/\/www.taller-palabras.com\/WordPress_04\/?post_type=product&#038;p=10148"},"modified":"2024-06-29T15:21:32","modified_gmt":"2024-06-29T18:21:32","slug":"rumbo-al-hermoso-norte-luis-alberto-urrea-ebook","status":"publish","type":"product","link":"https:\/\/www.taller-palabras.com\/WordPress_04\/producto\/rumbo-al-hermoso-norte-luis-alberto-urrea-ebook","title":{"rendered":"Rumbo al hermoso norte &#8211; Luis Alberto Urrea  \/ebook"},"content":{"rendered":"<figure id=\"attachment_10153\" aria-describedby=\"caption-attachment-10153\" style=\"width: 150px\" class=\"wp-caption alignleft\"><img loading=\"lazy\" decoding=\"async\" class=\"wp-image-10153 size-thumbnail\" src=\"https:\/\/www.taller-palabras.com\/WordPress_04\/wp-content\/uploads\/2024\/06\/Luis-Urrea-150x150.jpg\" alt=\"\" width=\"150\" height=\"150\" \/><figcaption id=\"caption-attachment-10153\" class=\"wp-caption-text\">Autor Luis Alberto Urrea<\/figcaption><\/figure>\n<p>Nayeli es una chica de diecinueve a\u00f1os que trabaja en una taquer\u00eda de tres Camarones, un poblado mexicano. Ve en sue\u00f1os a su padre, que emigr\u00f3 al norte cuando era ni\u00f1a. Recientemente se ha dado cuenta de que su padre no es el \u00fanico hombre que se ha ido del pueblo, de hecho ya casi no quedan hombres, todos se han ido al otro lado, a los Estados Unidos. Un grupo de narcotraficantes tambi\u00e9n se ha percatado de ese hecho y ven la oportunidad para apoderarse.Pero una noche, durante la exhibici\u00f3n de la pel\u00edcula Los Siete Magn\u00edficos, Nayeli tiene una revelaci\u00f3n: Debe dirigirse al norte a reclutar sus propios Siete Magn\u00edficos, para que la protejan de los criminales y coadyuven a repoblar Tres Camarones. Ella y sus amigas viajan al norte y en el camino hacia esa extra\u00f1a y fascinante tierra de sus sue\u00f1os, ese m\u00edtico lugar donde su padre desapareci\u00f3, van sumando una colecci\u00f3n de inusitados y sorprendentes aliados. La meta es un poblado del estado de Illinois, donde Nayeli espera encontrar a su padre y reclutar a sus guerreros. Con suerte, har\u00e1 realidad tambi\u00e9n su destino.<\/p>\n<p>&nbsp;<\/p>\n","protected":false},"excerpt":{"rendered":"<p>Nayeli es una chica de diecinueve a\u00f1os que trabaja en una taquer\u00eda de tres Camarones, un poblado mexicano. Ve en sue\u00f1os a su padre, que emigr\u00f3 al norte cuando era ni\u00f1a. Recientemente se ha dado cuenta de que su padre no es el \u00fanico hombre que se ha ido del pueblo, de hecho ya casi [&hellip;]<\/p>\n","protected":false},"featured_media":10155,"template":"","meta":[],"product_brand":[],"product_cat":[25],"product_tag":[54,1354,225,1355],"class_list":{"0":"post-10148","1":"product","2":"type-product","3":"status-publish","4":"has-post-thumbnail","6":"product_cat-libros-digitales-ebooks","7":"product_tag-descargar-ebook","8":"product_tag-luis-alberto-urrea","9":"product_tag-mejores-novelas","10":"product_tag-rumbo-al-hermoso-norte","12":"first","13":"instock","14":"shipping-taxable","15":"purchasable","16":"product-type-variable","17":"has-default-attributes"},"_links":{"self":[{"href":"https:\/\/www.taller-palabras.com\/WordPress_04\/wp-json\/wp\/v2\/product\/10148","targetHints":{"allow":["GET"]}}],"collection":[{"href":"https:\/\/www.taller-palabras.com\/WordPress_04\/wp-json\/wp\/v2\/product"}],"about":[{"href":"https:\/\/www.taller-palabras.com\/WordPress_04\/wp-json\/wp\/v2\/types\/product"}],"wp:featuredmedia":[{"embeddable":true,"href":"https:\/\/www.taller-palabras.com\/WordPress_04\/wp-json\/wp\/v2\/media\/10155"}],"wp:attachment":[{"href":"https:\/\/www.taller-palabras.com\/WordPress_04\/wp-json\/wp\/v2\/media?parent=10148"}],"wp:term":[{"taxonomy":"product_brand","embeddable":true,"href":"https:\/\/www.taller-palabras.com\/WordPress_04\/wp-json\/wp\/v2\/product_brand?post=10148"},{"taxonomy":"product_cat","embeddable":true,"href":"https:\/\/www.taller-palabras.com\/WordPress_04\/wp-json\/wp\/v2\/product_cat?post=10148"},{"taxonomy":"product_tag","embeddable":true,"href":"https:\/\/www.taller-palabras.com\/WordPress_04\/wp-json\/wp\/v2\/product_tag?post=10148"}],"curies":[{"name":"wp","href":"https:\/\/api.w.org\/{rel}","templated":true}]}}