{"id":10175,"date":"2024-07-03T11:48:09","date_gmt":"2024-07-03T14:48:09","guid":{"rendered":"https:\/\/www.taller-palabras.com\/WordPress_04\/?post_type=product&#038;p=10175"},"modified":"2024-07-03T13:33:40","modified_gmt":"2024-07-03T16:33:40","slug":"nueva-atlantida-francis-bacon-ebook","status":"publish","type":"product","link":"https:\/\/www.taller-palabras.com\/WordPress_04\/producto\/nueva-atlantida-francis-bacon-ebook","title":{"rendered":"Nueva Atlantida &#8211; Francis Bacon  \/ebook"},"content":{"rendered":"<figure id=\"attachment_10181\" aria-describedby=\"caption-attachment-10181\" style=\"width: 150px\" class=\"wp-caption alignleft\"><img loading=\"lazy\" decoding=\"async\" class=\"wp-image-10181 size-thumbnail\" src=\"https:\/\/www.taller-palabras.com\/WordPress_04\/wp-content\/uploads\/2024\/07\/francis-bacon-150x150.jpg\" alt=\"\" width=\"150\" height=\"150\" srcset=\"https:\/\/www.taller-palabras.com\/WordPress_04\/wp-content\/uploads\/2024\/07\/francis-bacon-150x150.jpg 150w, https:\/\/www.taller-palabras.com\/WordPress_04\/wp-content\/uploads\/2024\/07\/francis-bacon-100x100.jpg 100w, https:\/\/www.taller-palabras.com\/WordPress_04\/wp-content\/uploads\/2024\/07\/francis-bacon.jpg 283w\" sizes=\"auto, (max-width: 150px) 100vw, 150px\" \/><figcaption id=\"caption-attachment-10181\" class=\"wp-caption-text\">Autor Francis Bacon<\/figcaption><\/figure>\n<p>El fil\u00f3sofo ingl\u00e9s Francis Bacon imagina una sociedad regida por los frutos de la ciencia: no existen pol\u00edticos ni bur\u00f3cratas, s\u00f3lo quienes descuellan en alguna ciencia participan de la toma de decisiones, una idea socialista de una sociedad en la que los \u00abcient\u00edficos\u00bb todav\u00eda no hab\u00edan defraudado las expectativas de los humanistas.<\/p>\n","protected":false},"excerpt":{"rendered":"<p>El fil\u00f3sofo ingl\u00e9s Francis Bacon imagina una sociedad regida por los frutos de la ciencia: no existen pol\u00edticos ni bur\u00f3cratas, s\u00f3lo quienes descuellan en alguna ciencia participan de la toma de decisiones, una idea socialista de una sociedad en la que los \u00abcient\u00edficos\u00bb todav\u00eda no hab\u00edan defraudado las expectativas de los humanistas.<\/p>\n","protected":false},"featured_media":10184,"template":"","meta":[],"product_brand":[],"product_cat":[25],"product_tag":[54,1356,45,1357],"class_list":{"0":"post-10175","1":"product","2":"type-product","3":"status-publish","4":"has-post-thumbnail","6":"product_cat-libros-digitales-ebooks","7":"product_tag-descargar-ebook","8":"product_tag-francis-bacon","9":"product_tag-mejor-novela","10":"product_tag-nueva-atlantida","12":"first","13":"instock","14":"shipping-taxable","15":"purchasable","16":"product-type-variable","17":"has-default-attributes"},"_links":{"self":[{"href":"https:\/\/www.taller-palabras.com\/WordPress_04\/wp-json\/wp\/v2\/product\/10175","targetHints":{"allow":["GET"]}}],"collection":[{"href":"https:\/\/www.taller-palabras.com\/WordPress_04\/wp-json\/wp\/v2\/product"}],"about":[{"href":"https:\/\/www.taller-palabras.com\/WordPress_04\/wp-json\/wp\/v2\/types\/product"}],"wp:featuredmedia":[{"embeddable":true,"href":"https:\/\/www.taller-palabras.com\/WordPress_04\/wp-json\/wp\/v2\/media\/10184"}],"wp:attachment":[{"href":"https:\/\/www.taller-palabras.com\/WordPress_04\/wp-json\/wp\/v2\/media?parent=10175"}],"wp:term":[{"taxonomy":"product_brand","embeddable":true,"href":"https:\/\/www.taller-palabras.com\/WordPress_04\/wp-json\/wp\/v2\/product_brand?post=10175"},{"taxonomy":"product_cat","embeddable":true,"href":"https:\/\/www.taller-palabras.com\/WordPress_04\/wp-json\/wp\/v2\/product_cat?post=10175"},{"taxonomy":"product_tag","embeddable":true,"href":"https:\/\/www.taller-palabras.com\/WordPress_04\/wp-json\/wp\/v2\/product_tag?post=10175"}],"curies":[{"name":"wp","href":"https:\/\/api.w.org\/{rel}","templated":true}]}}