{"id":10201,"date":"2024-07-06T11:49:43","date_gmt":"2024-07-06T14:49:43","guid":{"rendered":"https:\/\/www.taller-palabras.com\/WordPress_04\/?post_type=product&#038;p=10201"},"modified":"2024-07-06T11:52:47","modified_gmt":"2024-07-06T14:52:47","slug":"estacion-once-emily-st-john-mandel-ebook","status":"publish","type":"product","link":"https:\/\/www.taller-palabras.com\/WordPress_04\/producto\/estacion-once-emily-st-john-mandel-ebook","title":{"rendered":"Estaci\u00f3n Once &#8211; Emily St John Mandel  \/ebook"},"content":{"rendered":"<figure id=\"attachment_10179\" aria-describedby=\"caption-attachment-10179\" style=\"width: 150px\" class=\"wp-caption alignleft\"><img loading=\"lazy\" decoding=\"async\" class=\"wp-image-10179 size-thumbnail\" src=\"https:\/\/www.taller-palabras.com\/WordPress_04\/wp-content\/uploads\/2024\/07\/Emily_Mandel-150x150.png\" alt=\"\" width=\"150\" height=\"150\" srcset=\"https:\/\/www.taller-palabras.com\/WordPress_04\/wp-content\/uploads\/2024\/07\/Emily_Mandel-150x150.png 150w, https:\/\/www.taller-palabras.com\/WordPress_04\/wp-content\/uploads\/2024\/07\/Emily_Mandel-100x100.png 100w, https:\/\/www.taller-palabras.com\/WordPress_04\/wp-content\/uploads\/2024\/07\/Emily_Mandel.png 283w\" sizes=\"auto, (max-width: 150px) 100vw, 150px\" \/><figcaption id=\"caption-attachment-10179\" class=\"wp-caption-text\">Autora Emily St John Mandel<\/figcaption><\/figure>\n<p>Un inesperado virus mortal acaba con la humanidad tal y como la conocemos: ya no quedan trenes que unan los lugares, ni internet que nos permita conocer el mundo, ni siquiera ciudades en las que vivir, solo quedan asentamientos hostiles al visitante ocasional. En este desolador panorama un peque\u00f1o grupo de actores y m\u00fasicos tienen una iniciativa sorprendente: crear la Sinfon\u00eda Viajera, con el fin de mantener vivo un resquicio de humanidad. Pero en este libro nada es f\u00e1cil y pronto este rescoldo de civilizaci\u00f3n tambi\u00e9n se ver\u00e1 amenazado por un violento profeta. Esta novela va m\u00e1s all\u00e1 de su argumento y escritura, originales y ambiciosos: nos sumerge en un mundo distinto y nos obliga a reflexionar sobre el presente, sobre lo que tenemos y qu\u00e9 valor le damos. En definitiva, un homenaje inteligente y sobrio a los peque\u00f1os placeres de la vida. Un libro dif\u00edcil de dejar y, m\u00e1s a\u00fan, de olvidar.<\/p>\n","protected":false},"excerpt":{"rendered":"<p>Un inesperado virus mortal acaba con la humanidad tal y como la conocemos: ya no quedan trenes que unan los lugares, ni internet que nos permita conocer el mundo, ni siquiera ciudades en las que vivir, solo quedan asentamientos hostiles al visitante ocasional. En este desolador panorama un peque\u00f1o grupo de actores y m\u00fasicos tienen [&hellip;]<\/p>\n","protected":false},"featured_media":10180,"template":"","meta":[],"product_brand":[],"product_cat":[25],"product_tag":[54,1360,1361,45],"class_list":{"0":"post-10201","1":"product","2":"type-product","3":"status-publish","4":"has-post-thumbnail","6":"product_cat-libros-digitales-ebooks","7":"product_tag-descargar-ebook","8":"product_tag-emily-st-john-mandel","9":"product_tag-estacion-once","10":"product_tag-mejor-novela","12":"first","13":"instock","14":"shipping-taxable","15":"purchasable","16":"product-type-variable","17":"has-default-attributes"},"_links":{"self":[{"href":"https:\/\/www.taller-palabras.com\/WordPress_04\/wp-json\/wp\/v2\/product\/10201","targetHints":{"allow":["GET"]}}],"collection":[{"href":"https:\/\/www.taller-palabras.com\/WordPress_04\/wp-json\/wp\/v2\/product"}],"about":[{"href":"https:\/\/www.taller-palabras.com\/WordPress_04\/wp-json\/wp\/v2\/types\/product"}],"wp:featuredmedia":[{"embeddable":true,"href":"https:\/\/www.taller-palabras.com\/WordPress_04\/wp-json\/wp\/v2\/media\/10180"}],"wp:attachment":[{"href":"https:\/\/www.taller-palabras.com\/WordPress_04\/wp-json\/wp\/v2\/media?parent=10201"}],"wp:term":[{"taxonomy":"product_brand","embeddable":true,"href":"https:\/\/www.taller-palabras.com\/WordPress_04\/wp-json\/wp\/v2\/product_brand?post=10201"},{"taxonomy":"product_cat","embeddable":true,"href":"https:\/\/www.taller-palabras.com\/WordPress_04\/wp-json\/wp\/v2\/product_cat?post=10201"},{"taxonomy":"product_tag","embeddable":true,"href":"https:\/\/www.taller-palabras.com\/WordPress_04\/wp-json\/wp\/v2\/product_tag?post=10201"}],"curies":[{"name":"wp","href":"https:\/\/api.w.org\/{rel}","templated":true}]}}