{"id":10266,"date":"2021-11-22T17:32:29","date_gmt":"2021-11-22T20:32:29","guid":{"rendered":"https:\/\/www.taller-palabras.com\/WordPress_04\/?post_type=product&#038;p=10266"},"modified":"2024-07-26T17:02:42","modified_gmt":"2024-07-26T20:02:42","slug":"jerusalem-selma-lagerlof-ebook","status":"publish","type":"product","link":"https:\/\/www.taller-palabras.com\/WordPress_04\/producto\/jerusalem-selma-lagerlof-ebook","title":{"rendered":"Jerusal\u00e9n   &#8211; Selma Lagerlof \/ebook"},"content":{"rendered":"<figure id=\"attachment_4728\" aria-describedby=\"caption-attachment-4728\" style=\"width: 150px\" class=\"wp-caption alignleft\"><img loading=\"lazy\" decoding=\"async\" class=\"wp-image-4728 size-thumbnail\" src=\"https:\/\/www.taller-palabras.com\/WordPress_04\/wp-content\/uploads\/2021\/11\/Selma-Lagerlof-150x150.jpg\" alt=\"\" width=\"150\" height=\"150\" srcset=\"https:\/\/www.taller-palabras.com\/WordPress_04\/wp-content\/uploads\/2021\/11\/Selma-Lagerlof-150x150.jpg 150w, https:\/\/www.taller-palabras.com\/WordPress_04\/wp-content\/uploads\/2021\/11\/Selma-Lagerlof-324x324.jpg 324w, https:\/\/www.taller-palabras.com\/WordPress_04\/wp-content\/uploads\/2021\/11\/Selma-Lagerlof-100x100.jpg 100w\" sizes=\"auto, (max-width: 150px) 100vw, 150px\" \/><figcaption id=\"caption-attachment-4728\" class=\"wp-caption-text\">Autora Selma Lagerlof<\/figcaption><\/figure>\n<p>\u00abEran treinta y siete los campesinos, los que tras subastar sus granjas y todo cuanto de valor pudieran poseer, el d\u00eda 23 de julio de 1896 abandonaron su terru\u00f1o a lomos de caballos y en carretas para iniciar un viaje sin retorno. El pueblo era N\u00e5s, una peque\u00f1a comunidad en el coraz\u00f3n de Dalecarlia, cuna de la naci\u00f3n y s\u00edmbolo de lo sueco por excelencia, y su destino, Jerusal\u00e9n, la ciudad santa de Dios, seg\u00fan la Biblia que aquellos labriegos austeros y recalcitrantes conoc\u00edan tan bien\u00bb. (Del Pr\u00f3logo).<\/p>\n<p>Partiendo de este hecho real, Jerusal\u00e9n narra la trayectoria vital de un grupo de campesinos suecos que a finales del siglo\u00a0XIX, empujados por la fe, abandonaron su pa\u00eds para establecerse en Palestina. Alternando los retratos de aquellos miembros de la comunidad que decidieron quedarse en Suecia con los de los que iniciaron una nueva vida en Tierra Santa, la autora crea, como dijo Marguerite Yourcenar, \u00abuna epopeya-r\u00edo que surge de las mismas fuentes del mito\u00bb. Selma Lagerl\u00f6f \u2013la primera mujer que obtuvo el premio Nobel de Literatura\u2013 demuestra su genialidad en una novela viva que tiene como escenario un mundo en transici\u00f3n y como protagonistas a unos personajes que reflejan la dualidad del ser humano y su continuo debate entre la esperanza y el miedo, el raciocinio y la pasi\u00f3n.<\/p>\n","protected":false},"excerpt":{"rendered":"<p>\u00abEran treinta y siete los campesinos, los que tras subastar sus granjas y todo cuanto de valor pudieran poseer, el d\u00eda 23 de julio de 1896 abandonaron su terru\u00f1o a lomos de caballos y en carretas para iniciar un viaje sin retorno. El pueblo era N\u00e5s, una peque\u00f1a comunidad en el coraz\u00f3n de Dalecarlia, cuna [&hellip;]<\/p>\n","protected":false},"featured_media":10269,"template":"","meta":[],"product_brand":[],"product_cat":[25],"product_tag":[54,1366,225,632],"class_list":{"0":"post-10266","1":"product","2":"type-product","3":"status-publish","4":"has-post-thumbnail","6":"product_cat-libros-digitales-ebooks","7":"product_tag-descargar-ebook","8":"product_tag-jerusalen","9":"product_tag-mejores-novelas","10":"product_tag-selma-lagerlof","12":"first","13":"instock","14":"shipping-taxable","15":"purchasable","16":"product-type-variable","17":"has-default-attributes"},"_links":{"self":[{"href":"https:\/\/www.taller-palabras.com\/WordPress_04\/wp-json\/wp\/v2\/product\/10266","targetHints":{"allow":["GET"]}}],"collection":[{"href":"https:\/\/www.taller-palabras.com\/WordPress_04\/wp-json\/wp\/v2\/product"}],"about":[{"href":"https:\/\/www.taller-palabras.com\/WordPress_04\/wp-json\/wp\/v2\/types\/product"}],"wp:featuredmedia":[{"embeddable":true,"href":"https:\/\/www.taller-palabras.com\/WordPress_04\/wp-json\/wp\/v2\/media\/10269"}],"wp:attachment":[{"href":"https:\/\/www.taller-palabras.com\/WordPress_04\/wp-json\/wp\/v2\/media?parent=10266"}],"wp:term":[{"taxonomy":"product_brand","embeddable":true,"href":"https:\/\/www.taller-palabras.com\/WordPress_04\/wp-json\/wp\/v2\/product_brand?post=10266"},{"taxonomy":"product_cat","embeddable":true,"href":"https:\/\/www.taller-palabras.com\/WordPress_04\/wp-json\/wp\/v2\/product_cat?post=10266"},{"taxonomy":"product_tag","embeddable":true,"href":"https:\/\/www.taller-palabras.com\/WordPress_04\/wp-json\/wp\/v2\/product_tag?post=10266"}],"curies":[{"name":"wp","href":"https:\/\/api.w.org\/{rel}","templated":true}]}}