{"id":10315,"date":"2020-09-05T11:20:19","date_gmt":"2020-09-05T14:20:19","guid":{"rendered":"https:\/\/www.taller-palabras.com\/WordPress_04\/?post_type=product&#038;p=10315"},"modified":"2024-08-03T13:22:44","modified_gmt":"2024-08-03T16:22:44","slug":"el-silencio-de-los-corderos-thomas-harris-ebook","status":"publish","type":"product","link":"https:\/\/www.taller-palabras.com\/WordPress_04\/producto\/el-silencio-de-los-corderos-thomas-harris-ebook","title":{"rendered":"El silencio de los corderos &#8211; Thomas Harris \/ebook"},"content":{"rendered":"<figure id=\"attachment_2429\" aria-describedby=\"caption-attachment-2429\" style=\"width: 150px\" class=\"wp-caption alignleft\"><img loading=\"lazy\" decoding=\"async\" class=\"wp-image-2429 size-thumbnail\" src=\"https:\/\/www.taller-palabras.com\/WordPress_04\/wp-content\/uploads\/2020\/09\/ThomasHarris-150x150.jpg\" alt=\"\" width=\"150\" height=\"150\" srcset=\"https:\/\/www.taller-palabras.com\/WordPress_04\/wp-content\/uploads\/2020\/09\/ThomasHarris-150x150.jpg 150w, https:\/\/www.taller-palabras.com\/WordPress_04\/wp-content\/uploads\/2020\/09\/ThomasHarris-100x100.jpg 100w\" sizes=\"auto, (max-width: 150px) 100vw, 150px\" \/><figcaption id=\"caption-attachment-2429\" class=\"wp-caption-text\">Autor Thomas Harris<\/figcaption><\/figure>\n<p>A Clarice Starling, joven y ambiciosa estudiante de la academia del FBI, le encomiendan que entreviste a Hannibal Lecter, brillante psiquiatra y despiadado asesino, para conseguir su colaboraci\u00f3n en la resoluci\u00f3n de un caso de asesinatos en serie. El asombroso conocimiento de Lecter del comportamiento humano y su poderosa personalidad cautivar\u00e1n de inmediato a Clarice, quien, incapaz de dominarla, establecer\u00e1 con \u00e9l una ambigua, inquientante y peligrosa relaci\u00f3n.<\/p>\n","protected":false},"excerpt":{"rendered":"<p>A Clarice Starling, joven y ambiciosa estudiante de la academia del FBI, le encomiendan que entreviste a Hannibal Lecter, brillante psiquiatra y despiadado asesino, para conseguir su colaboraci\u00f3n en la resoluci\u00f3n de un caso de asesinatos en serie. El asombroso conocimiento de Lecter del comportamiento humano y su poderosa personalidad cautivar\u00e1n de inmediato a Clarice, [&hellip;]<\/p>\n","protected":false},"featured_media":10318,"template":"","meta":[],"product_brand":[],"product_cat":[25],"product_tag":[54,1368,45,268],"class_list":{"0":"post-10315","1":"product","2":"type-product","3":"status-publish","4":"has-post-thumbnail","6":"product_cat-libros-digitales-ebooks","7":"product_tag-descargar-ebook","8":"product_tag-el-silencio-de-los-corderos","9":"product_tag-mejor-novela","10":"product_tag-thomas-harris","12":"first","13":"instock","14":"shipping-taxable","15":"purchasable","16":"product-type-variable","17":"has-default-attributes"},"_links":{"self":[{"href":"https:\/\/www.taller-palabras.com\/WordPress_04\/wp-json\/wp\/v2\/product\/10315","targetHints":{"allow":["GET"]}}],"collection":[{"href":"https:\/\/www.taller-palabras.com\/WordPress_04\/wp-json\/wp\/v2\/product"}],"about":[{"href":"https:\/\/www.taller-palabras.com\/WordPress_04\/wp-json\/wp\/v2\/types\/product"}],"wp:featuredmedia":[{"embeddable":true,"href":"https:\/\/www.taller-palabras.com\/WordPress_04\/wp-json\/wp\/v2\/media\/10318"}],"wp:attachment":[{"href":"https:\/\/www.taller-palabras.com\/WordPress_04\/wp-json\/wp\/v2\/media?parent=10315"}],"wp:term":[{"taxonomy":"product_brand","embeddable":true,"href":"https:\/\/www.taller-palabras.com\/WordPress_04\/wp-json\/wp\/v2\/product_brand?post=10315"},{"taxonomy":"product_cat","embeddable":true,"href":"https:\/\/www.taller-palabras.com\/WordPress_04\/wp-json\/wp\/v2\/product_cat?post=10315"},{"taxonomy":"product_tag","embeddable":true,"href":"https:\/\/www.taller-palabras.com\/WordPress_04\/wp-json\/wp\/v2\/product_tag?post=10315"}],"curies":[{"name":"wp","href":"https:\/\/api.w.org\/{rel}","templated":true}]}}