{"id":10321,"date":"2022-06-19T17:20:34","date_gmt":"2022-06-19T20:20:34","guid":{"rendered":"https:\/\/www.taller-palabras.com\/WordPress_04\/?post_type=product&#038;p=10321"},"modified":"2024-08-03T13:37:18","modified_gmt":"2024-08-03T16:37:18","slug":"el-informe-pelicano-john-grisham-ebook","status":"publish","type":"product","link":"https:\/\/www.taller-palabras.com\/WordPress_04\/producto\/el-informe-pelicano-john-grisham-ebook","title":{"rendered":"El informe Pel\u00edcano &#8211; John Grisham \/ebook"},"content":{"rendered":"<figure id=\"attachment_5856\" aria-describedby=\"caption-attachment-5856\" style=\"width: 150px\" class=\"wp-caption alignleft\"><img loading=\"lazy\" decoding=\"async\" class=\"wp-image-5856 size-thumbnail\" src=\"https:\/\/www.taller-palabras.com\/WordPress_04\/wp-content\/uploads\/2022\/06\/JohnGrisham-1-150x150.jpg\" alt=\"\" width=\"150\" height=\"150\" srcset=\"https:\/\/www.taller-palabras.com\/WordPress_04\/wp-content\/uploads\/2022\/06\/JohnGrisham-1-150x150.jpg 150w, https:\/\/www.taller-palabras.com\/WordPress_04\/wp-content\/uploads\/2022\/06\/JohnGrisham-1-100x100.jpg 100w, https:\/\/www.taller-palabras.com\/WordPress_04\/wp-content\/uploads\/2022\/06\/JohnGrisham-1.jpg 282w\" sizes=\"auto, (max-width: 150px) 100vw, 150px\" \/><figcaption id=\"caption-attachment-5856\" class=\"wp-caption-text\">Autor John Grisham<\/figcaption><\/figure>\n<p>A altas horas de una noche de octubre, su se\u00f1or\u00eda Abe Rosenberg, liberal legendario del Tribunal Supremo, recibe un balazo en la cabeza mientras duerme. Al cabo de dos horas, Glenn Jensen, el juez m\u00e1s joven y conservador del Tribunal, muere estrangulado posiblemente por el mismo asesino. El FBI no tiene pistas. Sin embargo, Darby Shaw, una brillante estudiante de Derecho de Tulane, cree tener la respuesta. Despu\u00e9s de hurgar durante varios d\u00edas en los ordenadores de la biblioteca jur\u00eddica, ha descubierto un sombr\u00edo v\u00ednculo entre ambos jueces. Una noche, escapa por los pelos de la explosi\u00f3n de un coche bomba. Asustada, Darby se pone en contacto con el corresponsal investigador Gray Grantham y le convence de que la actitud de Washington ante los asesinatos constituye la mayor tapadera desde Watergate.<\/p>\n","protected":false},"excerpt":{"rendered":"<p>A altas horas de una noche de octubre, su se\u00f1or\u00eda Abe Rosenberg, liberal legendario del Tribunal Supremo, recibe un balazo en la cabeza mientras duerme. Al cabo de dos horas, Glenn Jensen, el juez m\u00e1s joven y conservador del Tribunal, muere estrangulado posiblemente por el mismo asesino. El FBI no tiene pistas. Sin embargo, Darby [&hellip;]<\/p>\n","protected":false},"featured_media":10325,"template":"","meta":[],"product_brand":[],"product_cat":[25],"product_tag":[54,1369,812,45],"class_list":{"0":"post-10321","1":"product","2":"type-product","3":"status-publish","4":"has-post-thumbnail","6":"product_cat-libros-digitales-ebooks","7":"product_tag-descargar-ebook","8":"product_tag-el-informe-pelicano","9":"product_tag-john-grisham","10":"product_tag-mejor-novela","12":"first","13":"instock","14":"shipping-taxable","15":"purchasable","16":"product-type-variable","17":"has-default-attributes"},"_links":{"self":[{"href":"https:\/\/www.taller-palabras.com\/WordPress_04\/wp-json\/wp\/v2\/product\/10321","targetHints":{"allow":["GET"]}}],"collection":[{"href":"https:\/\/www.taller-palabras.com\/WordPress_04\/wp-json\/wp\/v2\/product"}],"about":[{"href":"https:\/\/www.taller-palabras.com\/WordPress_04\/wp-json\/wp\/v2\/types\/product"}],"wp:featuredmedia":[{"embeddable":true,"href":"https:\/\/www.taller-palabras.com\/WordPress_04\/wp-json\/wp\/v2\/media\/10325"}],"wp:attachment":[{"href":"https:\/\/www.taller-palabras.com\/WordPress_04\/wp-json\/wp\/v2\/media?parent=10321"}],"wp:term":[{"taxonomy":"product_brand","embeddable":true,"href":"https:\/\/www.taller-palabras.com\/WordPress_04\/wp-json\/wp\/v2\/product_brand?post=10321"},{"taxonomy":"product_cat","embeddable":true,"href":"https:\/\/www.taller-palabras.com\/WordPress_04\/wp-json\/wp\/v2\/product_cat?post=10321"},{"taxonomy":"product_tag","embeddable":true,"href":"https:\/\/www.taller-palabras.com\/WordPress_04\/wp-json\/wp\/v2\/product_tag?post=10321"}],"curies":[{"name":"wp","href":"https:\/\/api.w.org\/{rel}","templated":true}]}}