{"id":10335,"date":"2024-08-03T14:10:04","date_gmt":"2024-08-03T17:10:04","guid":{"rendered":"https:\/\/www.taller-palabras.com\/WordPress_04\/?post_type=product&#038;p=10335"},"modified":"2024-08-11T11:53:28","modified_gmt":"2024-08-11T14:53:28","slug":"el-dia-del-chacal-frederick-forsyth-ebook","status":"publish","type":"product","link":"https:\/\/www.taller-palabras.com\/WordPress_04\/producto\/el-dia-del-chacal-frederick-forsyth-ebook","title":{"rendered":"El d\u00eda del Chacal &#8211; Frederick Forsyth  \/ebook"},"content":{"rendered":"<figure id=\"attachment_10341\" aria-describedby=\"caption-attachment-10341\" style=\"width: 150px\" class=\"wp-caption alignleft\"><img loading=\"lazy\" decoding=\"async\" class=\"wp-image-10341 size-thumbnail\" src=\"https:\/\/www.taller-palabras.com\/WordPress_04\/wp-content\/uploads\/2024\/08\/Frederick-Forsyth-150x150.jpg\" alt=\"\" width=\"150\" height=\"150\" srcset=\"https:\/\/www.taller-palabras.com\/WordPress_04\/wp-content\/uploads\/2024\/08\/Frederick-Forsyth-150x150.jpg 150w, https:\/\/www.taller-palabras.com\/WordPress_04\/wp-content\/uploads\/2024\/08\/Frederick-Forsyth-100x100.jpg 100w\" sizes=\"auto, (max-width: 150px) 100vw, 150px\" \/><figcaption id=\"caption-attachment-10341\" class=\"wp-caption-text\">Autor Frederick Forsyth<\/figcaption><\/figure>\n<p>Piloto de motocicletas, aspirante a torero en M\u00e1laga y aviador de la RAF a los diecisiete a\u00f1os, Frederick Forsyth ingres\u00f3 muy joven en el periodismo. Enviado por la agencia Reuter a cubrir los viajes del general De Gaulle en la \u00e9poca de los atentados de la OAS, concibi\u00f3 contar un atentado desconocido: el que cometi\u00f3 Chacal. \u00bfSe trata s\u00f3lo de una novela? \u00bfMezcla el autor realidad y ficci\u00f3n? \u00bfOcurri\u00f3 realmente?<\/p>\n","protected":false},"excerpt":{"rendered":"<p>Piloto de motocicletas, aspirante a torero en M\u00e1laga y aviador de la RAF a los diecisiete a\u00f1os, Frederick Forsyth ingres\u00f3 muy joven en el periodismo. Enviado por la agencia Reuter a cubrir los viajes del general De Gaulle en la \u00e9poca de los atentados de la OAS, concibi\u00f3 contar un atentado desconocido: el que cometi\u00f3 [&hellip;]<\/p>\n","protected":false},"featured_media":10340,"template":"","meta":[],"product_brand":[],"product_cat":[25],"product_tag":[54,1373,1372,45],"class_list":{"0":"post-10335","1":"product","2":"type-product","3":"status-publish","4":"has-post-thumbnail","6":"product_cat-libros-digitales-ebooks","7":"product_tag-descargar-ebook","8":"product_tag-el-dia-del-chacal","9":"product_tag-frederick-forsyth","10":"product_tag-mejor-novela","12":"first","13":"instock","14":"shipping-taxable","15":"purchasable","16":"product-type-variable","17":"has-default-attributes"},"_links":{"self":[{"href":"https:\/\/www.taller-palabras.com\/WordPress_04\/wp-json\/wp\/v2\/product\/10335","targetHints":{"allow":["GET"]}}],"collection":[{"href":"https:\/\/www.taller-palabras.com\/WordPress_04\/wp-json\/wp\/v2\/product"}],"about":[{"href":"https:\/\/www.taller-palabras.com\/WordPress_04\/wp-json\/wp\/v2\/types\/product"}],"wp:featuredmedia":[{"embeddable":true,"href":"https:\/\/www.taller-palabras.com\/WordPress_04\/wp-json\/wp\/v2\/media\/10340"}],"wp:attachment":[{"href":"https:\/\/www.taller-palabras.com\/WordPress_04\/wp-json\/wp\/v2\/media?parent=10335"}],"wp:term":[{"taxonomy":"product_brand","embeddable":true,"href":"https:\/\/www.taller-palabras.com\/WordPress_04\/wp-json\/wp\/v2\/product_brand?post=10335"},{"taxonomy":"product_cat","embeddable":true,"href":"https:\/\/www.taller-palabras.com\/WordPress_04\/wp-json\/wp\/v2\/product_cat?post=10335"},{"taxonomy":"product_tag","embeddable":true,"href":"https:\/\/www.taller-palabras.com\/WordPress_04\/wp-json\/wp\/v2\/product_tag?post=10335"}],"curies":[{"name":"wp","href":"https:\/\/api.w.org\/{rel}","templated":true}]}}