{"id":10346,"date":"2018-11-04T18:02:22","date_gmt":"2018-11-04T21:02:22","guid":{"rendered":"https:\/\/www.taller-palabras.com\/WordPress_04\/?post_type=product&#038;p=10346"},"modified":"2024-08-06T11:36:50","modified_gmt":"2024-08-06T14:36:50","slug":"las-cenizas-de-angela-frank-mccourt-ebook","status":"publish","type":"product","link":"https:\/\/www.taller-palabras.com\/WordPress_04\/producto\/las-cenizas-de-angela-frank-mccourt-ebook","title":{"rendered":"Las cenizas de Angela &#8211; Frank McCourt  \/ebook"},"content":{"rendered":"<figure id=\"attachment_379\" aria-describedby=\"caption-attachment-379\" style=\"width: 150px\" class=\"wp-caption alignleft\"><img loading=\"lazy\" decoding=\"async\" class=\"wp-image-379 size-thumbnail\" src=\"https:\/\/www.taller-palabras.com\/WordPress_04\/wp-content\/uploads\/2018\/11\/frankMcCourt-150x150.jpg\" alt=\"\" width=\"150\" height=\"150\" srcset=\"https:\/\/www.taller-palabras.com\/WordPress_04\/wp-content\/uploads\/2018\/11\/frankMcCourt-150x150.jpg 150w, https:\/\/www.taller-palabras.com\/WordPress_04\/wp-content\/uploads\/2018\/11\/frankMcCourt-324x324.jpg 324w, https:\/\/www.taller-palabras.com\/WordPress_04\/wp-content\/uploads\/2018\/11\/frankMcCourt-100x100.jpg 100w\" sizes=\"auto, (max-width: 150px) 100vw, 150px\" \/><figcaption id=\"caption-attachment-379\" class=\"wp-caption-text\">Autor Frank McCourt<\/figcaption><\/figure>\n<p>En esta dolorosa y esplendorosa biograf\u00eda se narran los duros comienzos de una familia vista a trav\u00e9s los ojos de un ni\u00f1o de Limerick, un pueblo de Irlanda sumido en la pobreza. Por ello, el lector se encontrar\u00e1 con grandes dosis de humor y compasi\u00f3n transmitidos a trav\u00e9s de su autor, Frank McCourt. La madre de \u00e9ste, \u00c1ngela, no tiene dinero para dar de comer a sus hijos porque el padre, Malachy, rara vez trabaja, y cuando trabaja se bebe el sueldo. La \u00fanica esperanza est\u00e1 en la educaci\u00f3n de sus cinco hijos, Frank McCourt entre ellos. En esta extraordinaria obra Frank McCourt nos muestra el amor, la dignidad y el humor de una infancia marcada por el hambre, la muerte y el dolor. Ganador entre otros muchos del Premio Pulitzer 1997.<br \/>\nNarrar en primera persona suele ser uno de los m\u00e1s dif\u00edciles desaf\u00edos para un escritor. Narrar en primera persona cuando de contar la propia historia se trata, implica un nuevo desaf\u00edo que suma el compromiso de atrapar al lector con situaciones, que sean interesantes no solo para quien las escribe. Si a ello le sumamos que el narrador de la historia es un ni\u00f1o que nos habla desde su m\u00e1s tierna infancia hasta pasados los diez a\u00f1os de edad, el desaf\u00edo sin lugar a dudas se triplica. Frank McCourt, no solo sale ileso del triple desaf\u00edo sino fortalecido como protagonista y como escritor.<\/p>\n","protected":false},"excerpt":{"rendered":"<p>En esta dolorosa y esplendorosa biograf\u00eda se narran los duros comienzos de una familia vista a trav\u00e9s los ojos de un ni\u00f1o de Limerick, un pueblo de Irlanda sumido en la pobreza. Por ello, el lector se encontrar\u00e1 con grandes dosis de humor y compasi\u00f3n transmitidos a trav\u00e9s de su autor, Frank McCourt. La madre [&hellip;]<\/p>\n","protected":false},"featured_media":10349,"template":"","meta":[],"product_brand":[],"product_cat":[25],"product_tag":[46,54,114,115,45],"class_list":{"0":"post-10346","1":"product","2":"type-product","3":"status-publish","4":"has-post-thumbnail","6":"product_cat-libros-digitales-ebooks","7":"product_tag-bestseller","8":"product_tag-descargar-ebook","9":"product_tag-frank-mccourt","10":"product_tag-las-cenizas-de-angela","11":"product_tag-mejor-novela","13":"first","14":"instock","15":"shipping-taxable","16":"purchasable","17":"product-type-variable","18":"has-default-attributes"},"_links":{"self":[{"href":"https:\/\/www.taller-palabras.com\/WordPress_04\/wp-json\/wp\/v2\/product\/10346","targetHints":{"allow":["GET"]}}],"collection":[{"href":"https:\/\/www.taller-palabras.com\/WordPress_04\/wp-json\/wp\/v2\/product"}],"about":[{"href":"https:\/\/www.taller-palabras.com\/WordPress_04\/wp-json\/wp\/v2\/types\/product"}],"wp:featuredmedia":[{"embeddable":true,"href":"https:\/\/www.taller-palabras.com\/WordPress_04\/wp-json\/wp\/v2\/media\/10349"}],"wp:attachment":[{"href":"https:\/\/www.taller-palabras.com\/WordPress_04\/wp-json\/wp\/v2\/media?parent=10346"}],"wp:term":[{"taxonomy":"product_brand","embeddable":true,"href":"https:\/\/www.taller-palabras.com\/WordPress_04\/wp-json\/wp\/v2\/product_brand?post=10346"},{"taxonomy":"product_cat","embeddable":true,"href":"https:\/\/www.taller-palabras.com\/WordPress_04\/wp-json\/wp\/v2\/product_cat?post=10346"},{"taxonomy":"product_tag","embeddable":true,"href":"https:\/\/www.taller-palabras.com\/WordPress_04\/wp-json\/wp\/v2\/product_tag?post=10346"}],"curies":[{"name":"wp","href":"https:\/\/api.w.org\/{rel}","templated":true}]}}