{"id":10355,"date":"2024-08-03T13:47:00","date_gmt":"2024-08-03T16:47:00","guid":{"rendered":"https:\/\/www.taller-palabras.com\/WordPress_04\/?post_type=product&#038;p=10355"},"modified":"2024-08-06T14:35:42","modified_gmt":"2024-08-06T17:35:42","slug":"luto-de-miel-2-franck-thilliez-ebook","status":"publish","type":"product","link":"https:\/\/www.taller-palabras.com\/WordPress_04\/producto\/luto-de-miel-2-franck-thilliez-ebook","title":{"rendered":"Serie: Luto de miel (2) &#8211; Franck Thilliez  \/ebook"},"content":{"rendered":"<figure id=\"attachment_10331\" aria-describedby=\"caption-attachment-10331\" style=\"width: 150px\" class=\"wp-caption alignleft\"><img loading=\"lazy\" decoding=\"async\" class=\"wp-image-10331 size-thumbnail\" src=\"https:\/\/www.taller-palabras.com\/WordPress_04\/wp-content\/uploads\/2024\/08\/FranckThilliez-150x150.jpg\" alt=\"\" width=\"150\" height=\"150\" srcset=\"https:\/\/www.taller-palabras.com\/WordPress_04\/wp-content\/uploads\/2024\/08\/FranckThilliez-150x150.jpg 150w, https:\/\/www.taller-palabras.com\/WordPress_04\/wp-content\/uploads\/2024\/08\/FranckThilliez-100x100.jpg 100w, https:\/\/www.taller-palabras.com\/WordPress_04\/wp-content\/uploads\/2024\/08\/FranckThilliez.jpg 283w\" sizes=\"auto, (max-width: 150px) 100vw, 150px\" \/><figcaption id=\"caption-attachment-10331\" class=\"wp-caption-text\">Autor Franck Thilliez<\/figcaption><\/figure>\n<p>En un momento en que la vida personal del comisario Franck Sharko parece tocar fondo, despu\u00e9s de perder en accidente a su esposa y a su hija, se enfrenta a uno de los casos m\u00e1s macabros y enigm\u00e1ticos a los que nadie haya tenido que enfrentarse: la aparici\u00f3n de una joven arrodillada, completamente desnuda, rasurada y a la que parecen haber estallado los \u00f3rganos, en el interior de una iglesia. todo parece resultado de un horripilante rito, o bien constituir un apocal\u00edptico mensaje, pero lo que pondr\u00e1 al comisario sobre la buena pista ser\u00e1n unas peque\u00f1as mariposas, todav\u00eda vivas, halladas en el interior del cr\u00e1neo de la v\u00edctima.<\/p>\n","protected":false},"excerpt":{"rendered":"<p>En un momento en que la vida personal del comisario Franck Sharko parece tocar fondo, despu\u00e9s de perder en accidente a su esposa y a su hija, se enfrenta a uno de los casos m\u00e1s macabros y enigm\u00e1ticos a los que nadie haya tenido que enfrentarse: la aparici\u00f3n de una joven arrodillada, completamente desnuda, rasurada [&hellip;]<\/p>\n","protected":false},"featured_media":10358,"template":"","meta":[],"product_brand":[],"product_cat":[25,47],"product_tag":[54,1370,1374,45],"class_list":{"0":"post-10355","1":"product","2":"type-product","3":"status-publish","4":"has-post-thumbnail","6":"product_cat-libros-digitales-ebooks","7":"product_cat-libros-digitales-sagas","8":"product_tag-descargar-ebook","9":"product_tag-franck-thilliez","10":"product_tag-luto-de-miel","11":"product_tag-mejor-novela","13":"first","14":"instock","15":"shipping-taxable","16":"purchasable","17":"product-type-variable","18":"has-default-attributes"},"_links":{"self":[{"href":"https:\/\/www.taller-palabras.com\/WordPress_04\/wp-json\/wp\/v2\/product\/10355","targetHints":{"allow":["GET"]}}],"collection":[{"href":"https:\/\/www.taller-palabras.com\/WordPress_04\/wp-json\/wp\/v2\/product"}],"about":[{"href":"https:\/\/www.taller-palabras.com\/WordPress_04\/wp-json\/wp\/v2\/types\/product"}],"wp:featuredmedia":[{"embeddable":true,"href":"https:\/\/www.taller-palabras.com\/WordPress_04\/wp-json\/wp\/v2\/media\/10358"}],"wp:attachment":[{"href":"https:\/\/www.taller-palabras.com\/WordPress_04\/wp-json\/wp\/v2\/media?parent=10355"}],"wp:term":[{"taxonomy":"product_brand","embeddable":true,"href":"https:\/\/www.taller-palabras.com\/WordPress_04\/wp-json\/wp\/v2\/product_brand?post=10355"},{"taxonomy":"product_cat","embeddable":true,"href":"https:\/\/www.taller-palabras.com\/WordPress_04\/wp-json\/wp\/v2\/product_cat?post=10355"},{"taxonomy":"product_tag","embeddable":true,"href":"https:\/\/www.taller-palabras.com\/WordPress_04\/wp-json\/wp\/v2\/product_tag?post=10355"}],"curies":[{"name":"wp","href":"https:\/\/api.w.org\/{rel}","templated":true}]}}