{"id":10371,"date":"2024-08-03T13:45:39","date_gmt":"2024-08-03T16:45:39","guid":{"rendered":"https:\/\/www.taller-palabras.com\/WordPress_04\/?post_type=product&#038;p=10371"},"modified":"2024-08-08T13:15:08","modified_gmt":"2024-08-08T16:15:08","slug":"serie-gataca-4-franck-thilliez-ebook","status":"publish","type":"product","link":"https:\/\/www.taller-palabras.com\/WordPress_04\/producto\/serie-gataca-4-franck-thilliez-ebook","title":{"rendered":"Serie: Gataca (4) &#8211; Franck Thilliez  \/ebook"},"content":{"rendered":"<figure id=\"attachment_10331\" aria-describedby=\"caption-attachment-10331\" style=\"width: 150px\" class=\"wp-caption alignleft\"><img loading=\"lazy\" decoding=\"async\" class=\"wp-image-10331 size-thumbnail\" src=\"https:\/\/www.taller-palabras.com\/WordPress_04\/wp-content\/uploads\/2024\/08\/FranckThilliez-150x150.jpg\" alt=\"\" width=\"150\" height=\"150\" srcset=\"https:\/\/www.taller-palabras.com\/WordPress_04\/wp-content\/uploads\/2024\/08\/FranckThilliez-150x150.jpg 150w, https:\/\/www.taller-palabras.com\/WordPress_04\/wp-content\/uploads\/2024\/08\/FranckThilliez-100x100.jpg 100w, https:\/\/www.taller-palabras.com\/WordPress_04\/wp-content\/uploads\/2024\/08\/FranckThilliez.jpg 283w\" sizes=\"auto, (max-width: 150px) 100vw, 150px\" \/><figcaption id=\"caption-attachment-10331\" class=\"wp-caption-text\">Autor Franck Thilliez<\/figcaption><\/figure>\n<p>Un padre infanticida apu\u00f1alado en su coche en el bosque de Vincennes. El cad\u00e1ver de una estudiante de biolog\u00eda descubierto en la jaula de un primate, aparentemente asesinada por uno de los animales. Los restos de una familia de neandertales a los que mat\u00f3 un croma\u00f1\u00f3n hallados en una grieta en la cumbre de un macizo alpino. El asesino de ni\u00f1os Gr\u00e9gory Carnot encontrado muerto en su celda. Un m\u00e9dico obstetra que investiga sobre gen\u00e9tica salvajemente asesinado en su domicilio de Montmartre. \u00bfQu\u00e9 invisible hilo une estos cr\u00edmenes atroces, cometidos con 30.000 a\u00f1os de diferencia? Destrozada por una terrible p\u00e9rdida, devorada y espoleada por el odio, Lucie Henebelle se lanza sobre la pista de los asesinos junto a Franck Sharko, igualmente incapaz de olvidar la terrible experiencia vivida. Una investigaci\u00f3n que, a trav\u00e9s de la gen\u00e9tica, les conducir\u00e1 a las ra\u00edces del mal.<\/p>\n","protected":false},"excerpt":{"rendered":"<p>Un padre infanticida apu\u00f1alado en su coche en el bosque de Vincennes. El cad\u00e1ver de una estudiante de biolog\u00eda descubierto en la jaula de un primate, aparentemente asesinada por uno de los animales. Los restos de una familia de neandertales a los que mat\u00f3 un croma\u00f1\u00f3n hallados en una grieta en la cumbre de un [&hellip;]<\/p>\n","protected":false},"featured_media":10374,"template":"","meta":[],"product_brand":[],"product_cat":[25,47],"product_tag":[54,1370,1376,45],"class_list":{"0":"post-10371","1":"product","2":"type-product","3":"status-publish","4":"has-post-thumbnail","6":"product_cat-libros-digitales-ebooks","7":"product_cat-libros-digitales-sagas","8":"product_tag-descargar-ebook","9":"product_tag-franck-thilliez","10":"product_tag-gataca","11":"product_tag-mejor-novela","13":"first","14":"instock","15":"shipping-taxable","16":"purchasable","17":"product-type-variable","18":"has-default-attributes"},"_links":{"self":[{"href":"https:\/\/www.taller-palabras.com\/WordPress_04\/wp-json\/wp\/v2\/product\/10371","targetHints":{"allow":["GET"]}}],"collection":[{"href":"https:\/\/www.taller-palabras.com\/WordPress_04\/wp-json\/wp\/v2\/product"}],"about":[{"href":"https:\/\/www.taller-palabras.com\/WordPress_04\/wp-json\/wp\/v2\/types\/product"}],"wp:featuredmedia":[{"embeddable":true,"href":"https:\/\/www.taller-palabras.com\/WordPress_04\/wp-json\/wp\/v2\/media\/10374"}],"wp:attachment":[{"href":"https:\/\/www.taller-palabras.com\/WordPress_04\/wp-json\/wp\/v2\/media?parent=10371"}],"wp:term":[{"taxonomy":"product_brand","embeddable":true,"href":"https:\/\/www.taller-palabras.com\/WordPress_04\/wp-json\/wp\/v2\/product_brand?post=10371"},{"taxonomy":"product_cat","embeddable":true,"href":"https:\/\/www.taller-palabras.com\/WordPress_04\/wp-json\/wp\/v2\/product_cat?post=10371"},{"taxonomy":"product_tag","embeddable":true,"href":"https:\/\/www.taller-palabras.com\/WordPress_04\/wp-json\/wp\/v2\/product_tag?post=10371"}],"curies":[{"name":"wp","href":"https:\/\/api.w.org\/{rel}","templated":true}]}}