{"id":10400,"date":"2024-08-03T13:41:46","date_gmt":"2024-08-03T16:41:46","guid":{"rendered":"https:\/\/www.taller-palabras.com\/WordPress_04\/?post_type=product&#038;p=10400"},"modified":"2024-08-09T12:08:30","modified_gmt":"2024-08-09T15:08:30","slug":"serie-sharko-8-franck-thilliez-ebook","status":"publish","type":"product","link":"https:\/\/www.taller-palabras.com\/WordPress_04\/producto\/serie-sharko-8-franck-thilliez-ebook","title":{"rendered":"Serie: Sharko (8) &#8211; Franck Thilliez  \/ebook"},"content":{"rendered":"<figure id=\"attachment_10331\" aria-describedby=\"caption-attachment-10331\" style=\"width: 150px\" class=\"wp-caption alignleft\"><img loading=\"lazy\" decoding=\"async\" class=\"wp-image-10331 size-thumbnail\" src=\"https:\/\/www.taller-palabras.com\/WordPress_04\/wp-content\/uploads\/2024\/08\/FranckThilliez-150x150.jpg\" alt=\"\" width=\"150\" height=\"150\" srcset=\"https:\/\/www.taller-palabras.com\/WordPress_04\/wp-content\/uploads\/2024\/08\/FranckThilliez-150x150.jpg 150w, https:\/\/www.taller-palabras.com\/WordPress_04\/wp-content\/uploads\/2024\/08\/FranckThilliez-100x100.jpg 100w, https:\/\/www.taller-palabras.com\/WordPress_04\/wp-content\/uploads\/2024\/08\/FranckThilliez.jpg 283w\" sizes=\"auto, (max-width: 150px) 100vw, 150px\" \/><figcaption id=\"caption-attachment-10331\" class=\"wp-caption-text\">Autor Franck Thilliez<\/figcaption><\/figure>\n<p>La pareja de polic\u00edas, Franck Sharko y Lucie Hennebelle, est\u00e1 en apuros: ella, fuera de todo procedimiento legal, ha allanado una propiedad privada en las afueras de Par\u00eds y ha asesinado al hombre que investigaba, Julien Ram\u00edrez. Ha sido en defensa propia, pero si confiesa lo ocurrido ir\u00e1 a la c\u00e1rcel, y Sharko no piensa permitirlo. En el curso de la investigaci\u00f3n, descubrir\u00e1n que tras Ram\u00edrez hay una secta vamp\u00edrica que comete las atrocidades m\u00e1s perversas. Tras hallar trece cad\u00e1veres a los que han extra\u00eddo hasta la \u00faltima gota de sangre, y soportando la angustia de que sus compa\u00f1eros puedan descubrir lo que hicieron, Lucie y Sharko se enfrentar\u00e1n a una enfermedad desconocida que la secta vamp\u00edrica propaga deliberadamente.<\/p>\n","protected":false},"excerpt":{"rendered":"<p>La pareja de polic\u00edas, Franck Sharko y Lucie Hennebelle, est\u00e1 en apuros: ella, fuera de todo procedimiento legal, ha allanado una propiedad privada en las afueras de Par\u00eds y ha asesinado al hombre que investigaba, Julien Ram\u00edrez. Ha sido en defensa propia, pero si confiesa lo ocurrido ir\u00e1 a la c\u00e1rcel, y Sharko no piensa [&hellip;]<\/p>\n","protected":false},"featured_media":10405,"template":"","meta":[],"product_brand":[],"product_cat":[25,47],"product_tag":[54,1370,45,1380],"class_list":{"0":"post-10400","1":"product","2":"type-product","3":"status-publish","4":"has-post-thumbnail","6":"product_cat-libros-digitales-ebooks","7":"product_cat-libros-digitales-sagas","8":"product_tag-descargar-ebook","9":"product_tag-franck-thilliez","10":"product_tag-mejor-novela","11":"product_tag-sharko","13":"first","14":"instock","15":"shipping-taxable","16":"purchasable","17":"product-type-variable","18":"has-default-attributes"},"_links":{"self":[{"href":"https:\/\/www.taller-palabras.com\/WordPress_04\/wp-json\/wp\/v2\/product\/10400","targetHints":{"allow":["GET"]}}],"collection":[{"href":"https:\/\/www.taller-palabras.com\/WordPress_04\/wp-json\/wp\/v2\/product"}],"about":[{"href":"https:\/\/www.taller-palabras.com\/WordPress_04\/wp-json\/wp\/v2\/types\/product"}],"wp:featuredmedia":[{"embeddable":true,"href":"https:\/\/www.taller-palabras.com\/WordPress_04\/wp-json\/wp\/v2\/media\/10405"}],"wp:attachment":[{"href":"https:\/\/www.taller-palabras.com\/WordPress_04\/wp-json\/wp\/v2\/media?parent=10400"}],"wp:term":[{"taxonomy":"product_brand","embeddable":true,"href":"https:\/\/www.taller-palabras.com\/WordPress_04\/wp-json\/wp\/v2\/product_brand?post=10400"},{"taxonomy":"product_cat","embeddable":true,"href":"https:\/\/www.taller-palabras.com\/WordPress_04\/wp-json\/wp\/v2\/product_cat?post=10400"},{"taxonomy":"product_tag","embeddable":true,"href":"https:\/\/www.taller-palabras.com\/WordPress_04\/wp-json\/wp\/v2\/product_tag?post=10400"}],"curies":[{"name":"wp","href":"https:\/\/api.w.org\/{rel}","templated":true}]}}