{"id":10456,"date":"2022-08-27T11:05:21","date_gmt":"2022-08-27T14:05:21","guid":{"rendered":"https:\/\/www.taller-palabras.com\/WordPress_04\/?post_type=product&#038;p=10456"},"modified":"2024-08-21T14:01:46","modified_gmt":"2024-08-21T17:01:46","slug":"el-mesias-de-dune-frank-herbert-ebook","status":"publish","type":"product","link":"https:\/\/www.taller-palabras.com\/WordPress_04\/producto\/el-mesias-de-dune-frank-herbert-ebook","title":{"rendered":"Saga: El Mes\u00edas de Dune (2) &#8211; Frank Herbert \/ebook"},"content":{"rendered":"<figure id=\"attachment_6160\" aria-describedby=\"caption-attachment-6160\" style=\"width: 150px\" class=\"wp-caption alignleft\"><img loading=\"lazy\" decoding=\"async\" class=\"wp-image-6160 size-thumbnail\" src=\"https:\/\/www.taller-palabras.com\/WordPress_04\/wp-content\/uploads\/2022\/08\/Franck_Hebert-150x150.jpg\" alt=\"\" width=\"150\" height=\"150\" srcset=\"https:\/\/www.taller-palabras.com\/WordPress_04\/wp-content\/uploads\/2022\/08\/Franck_Hebert-150x150.jpg 150w, https:\/\/www.taller-palabras.com\/WordPress_04\/wp-content\/uploads\/2022\/08\/Franck_Hebert-100x100.jpg 100w\" sizes=\"auto, (max-width: 150px) 100vw, 150px\" \/><figcaption id=\"caption-attachment-6160\" class=\"wp-caption-text\">Autor Frank Herbert<\/figcaption><\/figure>\n<p>Arrakis, tambi\u00e9n llamado Dune: un mundo desierto en pos del sue\u00f1o de convertirse en un para\u00edso, cuna de mil guerras que se han extendido por todo el universo y de un anhelo mesi\u00e1nico que intenta alcanzar el sue\u00f1o m\u00e1s antiguo de la humanidad\u2026 Paul Atreides: un personaje m\u00edtico, perturbado por la cercana presencia de una sombra dominante: su hermana Alia. Y frente a ellos, los grandes intereses econ\u00f3micos, pol\u00edticos y religiosos que sacuden los espacios interestelares: la CHOAM, la Cofrad\u00eda espacial, el Landsraad, la Bene Gesserit\u2026 Todo ello, y mucho m\u00e1s, conforma esta segunda entrega de Dune: un fresco impresionante y una obra cumbre de la imaginaci\u00f3n.<\/p>\n","protected":false},"excerpt":{"rendered":"<p>Arrakis, tambi\u00e9n llamado Dune: un mundo desierto en pos del sue\u00f1o de convertirse en un para\u00edso, cuna de mil guerras que se han extendido por todo el universo y de un anhelo mesi\u00e1nico que intenta alcanzar el sue\u00f1o m\u00e1s antiguo de la humanidad\u2026 Paul Atreides: un personaje m\u00edtico, perturbado por la cercana presencia de una [&hellip;]<\/p>\n","protected":false},"featured_media":10459,"template":"","meta":[],"product_brand":[],"product_cat":[25,47],"product_tag":[54,1381,889,45],"class_list":{"0":"post-10456","1":"product","2":"type-product","3":"status-publish","4":"has-post-thumbnail","6":"product_cat-libros-digitales-ebooks","7":"product_cat-libros-digitales-sagas","8":"product_tag-descargar-ebook","9":"product_tag-el-mesias-de-dune","10":"product_tag-frank-herbert","11":"product_tag-mejor-novela","13":"first","14":"instock","15":"shipping-taxable","16":"purchasable","17":"product-type-variable","18":"has-default-attributes"},"_links":{"self":[{"href":"https:\/\/www.taller-palabras.com\/WordPress_04\/wp-json\/wp\/v2\/product\/10456","targetHints":{"allow":["GET"]}}],"collection":[{"href":"https:\/\/www.taller-palabras.com\/WordPress_04\/wp-json\/wp\/v2\/product"}],"about":[{"href":"https:\/\/www.taller-palabras.com\/WordPress_04\/wp-json\/wp\/v2\/types\/product"}],"wp:featuredmedia":[{"embeddable":true,"href":"https:\/\/www.taller-palabras.com\/WordPress_04\/wp-json\/wp\/v2\/media\/10459"}],"wp:attachment":[{"href":"https:\/\/www.taller-palabras.com\/WordPress_04\/wp-json\/wp\/v2\/media?parent=10456"}],"wp:term":[{"taxonomy":"product_brand","embeddable":true,"href":"https:\/\/www.taller-palabras.com\/WordPress_04\/wp-json\/wp\/v2\/product_brand?post=10456"},{"taxonomy":"product_cat","embeddable":true,"href":"https:\/\/www.taller-palabras.com\/WordPress_04\/wp-json\/wp\/v2\/product_cat?post=10456"},{"taxonomy":"product_tag","embeddable":true,"href":"https:\/\/www.taller-palabras.com\/WordPress_04\/wp-json\/wp\/v2\/product_tag?post=10456"}],"curies":[{"name":"wp","href":"https:\/\/api.w.org\/{rel}","templated":true}]}}