{"id":10477,"date":"2022-08-27T11:02:04","date_gmt":"2022-08-27T14:02:04","guid":{"rendered":"https:\/\/www.taller-palabras.com\/WordPress_04\/?post_type=product&#038;p=10477"},"modified":"2024-08-21T14:02:57","modified_gmt":"2024-08-21T17:02:57","slug":"saga-herejes-de-dune-5-frank-herbert-ebook","status":"publish","type":"product","link":"https:\/\/www.taller-palabras.com\/WordPress_04\/producto\/saga-herejes-de-dune-5-frank-herbert-ebook","title":{"rendered":"Saga: Herejes de Dune (5) &#8211; Frank Herbert \/ebook"},"content":{"rendered":"<figure id=\"attachment_6160\" aria-describedby=\"caption-attachment-6160\" style=\"width: 150px\" class=\"wp-caption alignleft\"><img loading=\"lazy\" decoding=\"async\" class=\"wp-image-6160 size-thumbnail\" src=\"https:\/\/www.taller-palabras.com\/WordPress_04\/wp-content\/uploads\/2022\/08\/Franck_Hebert-150x150.jpg\" alt=\"\" width=\"150\" height=\"150\" srcset=\"https:\/\/www.taller-palabras.com\/WordPress_04\/wp-content\/uploads\/2022\/08\/Franck_Hebert-150x150.jpg 150w, https:\/\/www.taller-palabras.com\/WordPress_04\/wp-content\/uploads\/2022\/08\/Franck_Hebert-100x100.jpg 100w\" sizes=\"auto, (max-width: 150px) 100vw, 150px\" \/><figcaption id=\"caption-attachment-6160\" class=\"wp-caption-text\">Autor Frank Herbert<\/figcaption><\/figure>\n<p>Los Herejes de Dune es el quinto libro en La Saga de Dune de Frank Herbert. En \u00e9l se plasman los acontecimientos siguientes al orden de paz forzada por Leto II, el Dios Emperador. Despu\u00e9s de la Desaparici\u00f3n de Leto II, la humanidad ha intentado seguir su camino a trav\u00e9s del espacio infinito. Muchos han huido del Antiguo Imperio hacia lo desconocido, en un suceso llamado la \u00abdispersi\u00f3n\u00bb. La trama se desarrolla muchos miles de a\u00f1os despu\u00e9s, cuando los individuos que huyeron hacia la dispersi\u00f3n regresan al interior del Mundo Conocido. La Bene Gesserit tendr\u00e1 que lidiar con un nuevo problema, al descubrir que ciertos elementos hostiles y poderosos surgen del exterior, trayendo la amenaza del exterminio y la subyugaci\u00f3n. Las diversas fuerzas que anteriormente han conspirado por el poder y el control, deber\u00e1n decidirse por un pacto en contra del enemigo en com\u00fan, o seguir sus propios intereses hasta llegar al desastre. Surgen las Honoradas Matres, las nuevas rivales de la orden, quien s\u00f3lo pueden contar con sus poco eficaces recursos y su Bashar Miles Teg, genio militar, con un talento secreto inesperado.<\/p>\n","protected":false},"excerpt":{"rendered":"<p>Los Herejes de Dune es el quinto libro en La Saga de Dune de Frank Herbert. En \u00e9l se plasman los acontecimientos siguientes al orden de paz forzada por Leto II, el Dios Emperador. Despu\u00e9s de la Desaparici\u00f3n de Leto II, la humanidad ha intentado seguir su camino a trav\u00e9s del espacio infinito. Muchos han [&hellip;]<\/p>\n","protected":false},"featured_media":10476,"template":"","meta":[],"product_brand":[],"product_cat":[25,47],"product_tag":[54,889,1384,45],"class_list":{"0":"post-10477","1":"product","2":"type-product","3":"status-publish","4":"has-post-thumbnail","6":"product_cat-libros-digitales-ebooks","7":"product_cat-libros-digitales-sagas","8":"product_tag-descargar-ebook","9":"product_tag-frank-herbert","10":"product_tag-herejes-de-dune","11":"product_tag-mejor-novela","13":"first","14":"instock","15":"shipping-taxable","16":"purchasable","17":"product-type-variable","18":"has-default-attributes"},"_links":{"self":[{"href":"https:\/\/www.taller-palabras.com\/WordPress_04\/wp-json\/wp\/v2\/product\/10477","targetHints":{"allow":["GET"]}}],"collection":[{"href":"https:\/\/www.taller-palabras.com\/WordPress_04\/wp-json\/wp\/v2\/product"}],"about":[{"href":"https:\/\/www.taller-palabras.com\/WordPress_04\/wp-json\/wp\/v2\/types\/product"}],"wp:featuredmedia":[{"embeddable":true,"href":"https:\/\/www.taller-palabras.com\/WordPress_04\/wp-json\/wp\/v2\/media\/10476"}],"wp:attachment":[{"href":"https:\/\/www.taller-palabras.com\/WordPress_04\/wp-json\/wp\/v2\/media?parent=10477"}],"wp:term":[{"taxonomy":"product_brand","embeddable":true,"href":"https:\/\/www.taller-palabras.com\/WordPress_04\/wp-json\/wp\/v2\/product_brand?post=10477"},{"taxonomy":"product_cat","embeddable":true,"href":"https:\/\/www.taller-palabras.com\/WordPress_04\/wp-json\/wp\/v2\/product_cat?post=10477"},{"taxonomy":"product_tag","embeddable":true,"href":"https:\/\/www.taller-palabras.com\/WordPress_04\/wp-json\/wp\/v2\/product_tag?post=10477"}],"curies":[{"name":"wp","href":"https:\/\/api.w.org\/{rel}","templated":true}]}}