{"id":10480,"date":"2022-08-21T11:01:27","date_gmt":"2022-08-21T14:01:27","guid":{"rendered":"https:\/\/www.taller-palabras.com\/WordPress_04\/?post_type=product&#038;p=10480"},"modified":"2024-08-21T14:01:06","modified_gmt":"2024-08-21T17:01:06","slug":"saga-casa-capitular-dune-6-frank-herbert-ebook","status":"publish","type":"product","link":"https:\/\/www.taller-palabras.com\/WordPress_04\/producto\/saga-casa-capitular-dune-6-frank-herbert-ebook","title":{"rendered":"Saga: Casa capitular Dune (6) &#8211; Frank Herbert \/ebook"},"content":{"rendered":"<figure id=\"attachment_6160\" aria-describedby=\"caption-attachment-6160\" style=\"width: 150px\" class=\"wp-caption alignleft\"><img loading=\"lazy\" decoding=\"async\" class=\"wp-image-6160 size-thumbnail\" src=\"https:\/\/www.taller-palabras.com\/WordPress_04\/wp-content\/uploads\/2022\/08\/Franck_Hebert-150x150.jpg\" alt=\"\" width=\"150\" height=\"150\" srcset=\"https:\/\/www.taller-palabras.com\/WordPress_04\/wp-content\/uploads\/2022\/08\/Franck_Hebert-150x150.jpg 150w, https:\/\/www.taller-palabras.com\/WordPress_04\/wp-content\/uploads\/2022\/08\/Franck_Hebert-100x100.jpg 100w\" sizes=\"auto, (max-width: 150px) 100vw, 150px\" \/><figcaption id=\"caption-attachment-6160\" class=\"wp-caption-text\">Autor Frank Herbert<\/figcaption><\/figure>\n<p>Las Honoradas Matres llegadas de vuelta de la Dispersi\u00f3n se enfrentan, con sus terribles poderes, a la secular Bene Gesserit. Lentamente, planeta tras planeta, van ganando su batalla. Mientras, las Reverendas Madres, ocultas y fortificadas en su planeta Casa Capitular, intentan revivir el viejo orden que les dio su antigua predominancia en todo el universo. Un ghola de Miles Teg est\u00e1 siendo educado y adiestrado cuidadosamente, con la esperanza de revivir en \u00e9l los extraordinarios poderes de su antecesor; la uni\u00f3n de Duncan ldaho y Murbella, la Honorada Matre, cautivos ambos en la no-nave, puede dar sus frutos en una comprensi\u00f3n del traum\u00e1tico fen\u00f3meno de la dispersi\u00f3n. Y mientras tanto, liberadas del gusano de arena original, las truchas de arena est\u00e1n ganando desierto lentamente en el planeta, prosiguiendo su inexorable ciclo. En unos a\u00f1os, la Casa Capitular puede convertirse en un nuevo Dune, compensando as\u00ed la terrible destrucci\u00f3n del Arrakis original. Y Sheeana espera la aparici\u00f3n del primer gusano para cabalgarlo\u2026<\/p>\n","protected":false},"excerpt":{"rendered":"<p>Las Honoradas Matres llegadas de vuelta de la Dispersi\u00f3n se enfrentan, con sus terribles poderes, a la secular Bene Gesserit. Lentamente, planeta tras planeta, van ganando su batalla. Mientras, las Reverendas Madres, ocultas y fortificadas en su planeta Casa Capitular, intentan revivir el viejo orden que les dio su antigua predominancia en todo el universo. [&hellip;]<\/p>\n","protected":false},"featured_media":10483,"template":"","meta":[],"product_brand":[],"product_cat":[25,47],"product_tag":[1385,54,889,45],"class_list":{"0":"post-10480","1":"product","2":"type-product","3":"status-publish","4":"has-post-thumbnail","6":"product_cat-libros-digitales-ebooks","7":"product_cat-libros-digitales-sagas","8":"product_tag-casa-capitular-dune","9":"product_tag-descargar-ebook","10":"product_tag-frank-herbert","11":"product_tag-mejor-novela","13":"first","14":"instock","15":"shipping-taxable","16":"purchasable","17":"product-type-variable","18":"has-default-attributes"},"_links":{"self":[{"href":"https:\/\/www.taller-palabras.com\/WordPress_04\/wp-json\/wp\/v2\/product\/10480","targetHints":{"allow":["GET"]}}],"collection":[{"href":"https:\/\/www.taller-palabras.com\/WordPress_04\/wp-json\/wp\/v2\/product"}],"about":[{"href":"https:\/\/www.taller-palabras.com\/WordPress_04\/wp-json\/wp\/v2\/types\/product"}],"wp:featuredmedia":[{"embeddable":true,"href":"https:\/\/www.taller-palabras.com\/WordPress_04\/wp-json\/wp\/v2\/media\/10483"}],"wp:attachment":[{"href":"https:\/\/www.taller-palabras.com\/WordPress_04\/wp-json\/wp\/v2\/media?parent=10480"}],"wp:term":[{"taxonomy":"product_brand","embeddable":true,"href":"https:\/\/www.taller-palabras.com\/WordPress_04\/wp-json\/wp\/v2\/product_brand?post=10480"},{"taxonomy":"product_cat","embeddable":true,"href":"https:\/\/www.taller-palabras.com\/WordPress_04\/wp-json\/wp\/v2\/product_cat?post=10480"},{"taxonomy":"product_tag","embeddable":true,"href":"https:\/\/www.taller-palabras.com\/WordPress_04\/wp-json\/wp\/v2\/product_tag?post=10480"}],"curies":[{"name":"wp","href":"https:\/\/api.w.org\/{rel}","templated":true}]}}