{"id":10499,"date":"2024-08-23T13:21:59","date_gmt":"2024-08-23T16:21:59","guid":{"rendered":"https:\/\/www.taller-palabras.com\/WordPress_04\/?post_type=product&#038;p=10499"},"modified":"2024-08-23T13:30:24","modified_gmt":"2024-08-23T16:30:24","slug":"invierno-christopher-nicholson-ebook","status":"publish","type":"product","link":"https:\/\/www.taller-palabras.com\/WordPress_04\/producto\/invierno-christopher-nicholson-ebook","title":{"rendered":"Invierno &#8211; Christopher Nicholson  \/ebook"},"content":{"rendered":"<figure id=\"attachment_10505\" aria-describedby=\"caption-attachment-10505\" style=\"width: 150px\" class=\"wp-caption alignleft\"><img loading=\"lazy\" decoding=\"async\" class=\"wp-image-10505 size-thumbnail\" src=\"https:\/\/www.taller-palabras.com\/WordPress_04\/wp-content\/uploads\/2024\/08\/Christopher-Nicholson-150x150.jpg\" alt=\"\" width=\"150\" height=\"150\" srcset=\"https:\/\/www.taller-palabras.com\/WordPress_04\/wp-content\/uploads\/2024\/08\/Christopher-Nicholson-150x150.jpg 150w, https:\/\/www.taller-palabras.com\/WordPress_04\/wp-content\/uploads\/2024\/08\/Christopher-Nicholson-100x100.jpg 100w, https:\/\/www.taller-palabras.com\/WordPress_04\/wp-content\/uploads\/2024\/08\/Christopher-Nicholson.jpg 213w\" sizes=\"auto, (max-width: 150px) 100vw, 150px\" \/><figcaption id=\"caption-attachment-10505\" class=\"wp-caption-text\">Autor Christopher Nicholson<\/figcaption><\/figure>\n<p>Una mortecina ma\u00f1ana del mes de noviembre, el anciano escritor Thomas Hardy y su esposa, Florence, esperan en su casa de campo la visita de Gertrude, la actriz principal de una adaptaci\u00f3n amateur de la novela de Hardy, Tess, la de los d\u2019Urberville. Sin embargo, la llegada de esta hermosa y joven actriz de teatro pronto perturbar\u00e1 el equilibrio de sus recluidas vidas campestres. En esta novela, ambientada en la d\u00e9cada de los a\u00f1os veinte, Christopher Nicholson realiza un sutil retrato psicol\u00f3gico de la relaci\u00f3n que se estableci\u00f3 (con motivo de la primera adaptaci\u00f3n inglesa de Tess), entre el escritor Thomas Hardy, ya en la vejez, su esposa Florence Dugdale y la actriz de teatro Gertrude Bugler.<\/p>\n","protected":false},"excerpt":{"rendered":"<p>Una mortecina ma\u00f1ana del mes de noviembre, el anciano escritor Thomas Hardy y su esposa, Florence, esperan en su casa de campo la visita de Gertrude, la actriz principal de una adaptaci\u00f3n amateur de la novela de Hardy, Tess, la de los d\u2019Urberville. Sin embargo, la llegada de esta hermosa y joven actriz de teatro [&hellip;]<\/p>\n","protected":false},"featured_media":10506,"template":"","meta":[],"product_brand":[],"product_cat":[25],"product_tag":[1389,54,1390,45],"class_list":{"0":"post-10499","1":"product","2":"type-product","3":"status-publish","4":"has-post-thumbnail","6":"product_cat-libros-digitales-ebooks","7":"product_tag-christopher-nicholson","8":"product_tag-descargar-ebook","9":"product_tag-invierno","10":"product_tag-mejor-novela","12":"first","13":"instock","14":"shipping-taxable","15":"purchasable","16":"product-type-variable","17":"has-default-attributes"},"_links":{"self":[{"href":"https:\/\/www.taller-palabras.com\/WordPress_04\/wp-json\/wp\/v2\/product\/10499","targetHints":{"allow":["GET"]}}],"collection":[{"href":"https:\/\/www.taller-palabras.com\/WordPress_04\/wp-json\/wp\/v2\/product"}],"about":[{"href":"https:\/\/www.taller-palabras.com\/WordPress_04\/wp-json\/wp\/v2\/types\/product"}],"wp:featuredmedia":[{"embeddable":true,"href":"https:\/\/www.taller-palabras.com\/WordPress_04\/wp-json\/wp\/v2\/media\/10506"}],"wp:attachment":[{"href":"https:\/\/www.taller-palabras.com\/WordPress_04\/wp-json\/wp\/v2\/media?parent=10499"}],"wp:term":[{"taxonomy":"product_brand","embeddable":true,"href":"https:\/\/www.taller-palabras.com\/WordPress_04\/wp-json\/wp\/v2\/product_brand?post=10499"},{"taxonomy":"product_cat","embeddable":true,"href":"https:\/\/www.taller-palabras.com\/WordPress_04\/wp-json\/wp\/v2\/product_cat?post=10499"},{"taxonomy":"product_tag","embeddable":true,"href":"https:\/\/www.taller-palabras.com\/WordPress_04\/wp-json\/wp\/v2\/product_tag?post=10499"}],"curies":[{"name":"wp","href":"https:\/\/api.w.org\/{rel}","templated":true}]}}