{"id":10507,"date":"2021-10-28T10:24:33","date_gmt":"2021-10-28T13:24:33","guid":{"rendered":"https:\/\/www.taller-palabras.com\/WordPress_04\/?post_type=product&#038;p=10507"},"modified":"2024-08-23T13:35:16","modified_gmt":"2024-08-23T16:35:16","slug":"el-invierno-en-lisboa-antonio-munoz-molina-ebook","status":"publish","type":"product","link":"https:\/\/www.taller-palabras.com\/WordPress_04\/producto\/el-invierno-en-lisboa-antonio-munoz-molina-ebook","title":{"rendered":"El invierno en Lisboa &#8211; Antonio Mu\u00f1oz Molina \/ebook"},"content":{"rendered":"<figure id=\"attachment_4501\" aria-describedby=\"caption-attachment-4501\" style=\"width: 150px\" class=\"wp-caption alignleft\"><img loading=\"lazy\" decoding=\"async\" class=\"wp-image-4501 size-thumbnail\" src=\"https:\/\/www.taller-palabras.com\/WordPress_04\/wp-content\/uploads\/2021\/10\/AntonioMunozMolina-150x150.jpg\" alt=\"\" width=\"150\" height=\"150\" srcset=\"https:\/\/www.taller-palabras.com\/WordPress_04\/wp-content\/uploads\/2021\/10\/AntonioMunozMolina-150x150.jpg 150w, https:\/\/www.taller-palabras.com\/WordPress_04\/wp-content\/uploads\/2021\/10\/AntonioMunozMolina-100x100.jpg 100w\" sizes=\"auto, (max-width: 150px) 100vw, 150px\" \/><figcaption id=\"caption-attachment-4501\" class=\"wp-caption-text\">Autor Antonio Mu\u00f1os Molina<\/figcaption><\/figure>\n<p>El invierno en Lisboa es al mismo tiempo un homenaje al cine \u00abnegro\u00bb americano (y a sus antecedentes literarios) y al mundo del jazz. Pero, es tambi\u00e9n, y ante todo, sobre el ca\u00f1amazo de una historia de amor e intriga, una singular y poderosa creaci\u00f3n literaria, cuya concisi\u00f3n casi sentenciosa propicia un envolvente aliento po\u00e9tico con escasos parangones en nuestra narrativa reciente. El invierno en Lisboa confirma plenamente las cualidades de un autor que se cuenta ya por derecho propio entre los valores m\u00e1s firmes de la novela espa\u00f1ola. Esta obra fue premio Nacional de Literatura y premio de la Cr\u00edtica en 1988.<\/p>\n","protected":false},"excerpt":{"rendered":"<p>El invierno en Lisboa es al mismo tiempo un homenaje al cine \u00abnegro\u00bb americano (y a sus antecedentes literarios) y al mundo del jazz. Pero, es tambi\u00e9n, y ante todo, sobre el ca\u00f1amazo de una historia de amor e intriga, una singular y poderosa creaci\u00f3n literaria, cuya concisi\u00f3n casi sentenciosa propicia un envolvente aliento po\u00e9tico [&hellip;]<\/p>\n","protected":false},"featured_media":10510,"template":"","meta":[],"product_brand":[],"product_cat":[25],"product_tag":[594,54,1391,45],"class_list":{"0":"post-10507","1":"product","2":"type-product","3":"status-publish","4":"has-post-thumbnail","6":"product_cat-libros-digitales-ebooks","7":"product_tag-antonio-munoz-molina","8":"product_tag-descargar-ebook","9":"product_tag-el-invierno-en-lisboa","10":"product_tag-mejor-novela","12":"first","13":"instock","14":"shipping-taxable","15":"purchasable","16":"product-type-variable","17":"has-default-attributes"},"_links":{"self":[{"href":"https:\/\/www.taller-palabras.com\/WordPress_04\/wp-json\/wp\/v2\/product\/10507","targetHints":{"allow":["GET"]}}],"collection":[{"href":"https:\/\/www.taller-palabras.com\/WordPress_04\/wp-json\/wp\/v2\/product"}],"about":[{"href":"https:\/\/www.taller-palabras.com\/WordPress_04\/wp-json\/wp\/v2\/types\/product"}],"wp:featuredmedia":[{"embeddable":true,"href":"https:\/\/www.taller-palabras.com\/WordPress_04\/wp-json\/wp\/v2\/media\/10510"}],"wp:attachment":[{"href":"https:\/\/www.taller-palabras.com\/WordPress_04\/wp-json\/wp\/v2\/media?parent=10507"}],"wp:term":[{"taxonomy":"product_brand","embeddable":true,"href":"https:\/\/www.taller-palabras.com\/WordPress_04\/wp-json\/wp\/v2\/product_brand?post=10507"},{"taxonomy":"product_cat","embeddable":true,"href":"https:\/\/www.taller-palabras.com\/WordPress_04\/wp-json\/wp\/v2\/product_cat?post=10507"},{"taxonomy":"product_tag","embeddable":true,"href":"https:\/\/www.taller-palabras.com\/WordPress_04\/wp-json\/wp\/v2\/product_tag?post=10507"}],"curies":[{"name":"wp","href":"https:\/\/api.w.org\/{rel}","templated":true}]}}