{"id":10520,"date":"2024-08-23T13:58:33","date_gmt":"2024-08-23T16:58:33","guid":{"rendered":"https:\/\/www.taller-palabras.com\/WordPress_04\/?post_type=product&#038;p=10520"},"modified":"2024-08-23T14:02:12","modified_gmt":"2024-08-23T17:02:12","slug":"miguel-de-cervantes-la-conquista-de-la-ironia-jordi-gracia-ebook","status":"publish","type":"product","link":"https:\/\/www.taller-palabras.com\/WordPress_04\/producto\/miguel-de-cervantes-la-conquista-de-la-ironia-jordi-gracia-ebook","title":{"rendered":"Miguel de Cervantes &#8211; La conquista de la iron\u00eda &#8211; Jordi Gracia  \/ebook"},"content":{"rendered":"<figure id=\"attachment_10523\" aria-describedby=\"caption-attachment-10523\" style=\"width: 150px\" class=\"wp-caption alignleft\"><img loading=\"lazy\" decoding=\"async\" class=\"wp-image-10523 size-thumbnail\" src=\"https:\/\/www.taller-palabras.com\/WordPress_04\/wp-content\/uploads\/2024\/08\/jordi-gracia-150x150.jpg\" alt=\"\" width=\"150\" height=\"150\" srcset=\"https:\/\/www.taller-palabras.com\/WordPress_04\/wp-content\/uploads\/2024\/08\/jordi-gracia-150x150.jpg 150w, https:\/\/www.taller-palabras.com\/WordPress_04\/wp-content\/uploads\/2024\/08\/jordi-gracia-100x100.jpg 100w, https:\/\/www.taller-palabras.com\/WordPress_04\/wp-content\/uploads\/2024\/08\/jordi-gracia.jpg 283w\" sizes=\"auto, (max-width: 150px) 100vw, 150px\" \/><figcaption id=\"caption-attachment-10523\" class=\"wp-caption-text\">Autor Jordi Gracia<\/figcaption><\/figure>\n<p>Esta biograf\u00eda aspira a despojar a Cervantes de los 400 a\u00f1os de historia que le han ca\u00eddo encima para acercarnos a su dimensi\u00f3n humana y sentimental, a su condici\u00f3n de firme hombre de armas e inagotable hombre de letras, al escritor \u00fanico y a su vitalidad arrebatada, a su defensa de la mujer y a su af\u00e1n por entender la existencia como nadie la hab\u00eda entendido hasta entonces: en la encrucijada moderna de la iron\u00eda. Esa ha acabado siendo su mejor intimidad. Ni desvalido ni predestinado, Cervantes logr\u00f3 escapar de su tiempo para plantarse en el centro del nuestro porque s\u00f3lo los cl\u00e1sicos viven como aut\u00e9nticos modernos. Pero ninguno lo es tanto como Cervantes en el Quijote, cuando ya la edad le encorva la espalda, sigue entera la alegr\u00eda y nada le amarga el \u00e1nimo. La iron\u00eda y el ideal se dan la mano por primera vez en una novela imposible en su tiempo y tan genial hoy como entonces. Algunas de las razones para ese sortilegio est\u00e1n en esta biograf\u00eda escrita con impulso narrativo, a pie de calle, fidedigna y renovadora. Se cumplen 400 a\u00f1os del fallecimiento de Cervantes, conmemoraci\u00f3n clave de 2016 en Espa\u00f1a. Despu\u00e9s del aniversario, en 2005, de la publicaci\u00f3n de El Quijote, en 2016 las celebraciones se centrar\u00e1n en torno a la figura del escritor. Es el momento id\u00f3neo para esta biograf\u00eda renovadora, que realmente se centra en retratar a Cervantes como hombre y como escritor.<\/p>\n","protected":false},"excerpt":{"rendered":"<p>Esta biograf\u00eda aspira a despojar a Cervantes de los 400 a\u00f1os de historia que le han ca\u00eddo encima para acercarnos a su dimensi\u00f3n humana y sentimental, a su condici\u00f3n de firme hombre de armas e inagotable hombre de letras, al escritor \u00fanico y a su vitalidad arrebatada, a su defensa de la mujer y a [&hellip;]<\/p>\n","protected":false},"featured_media":10524,"template":"","meta":[],"product_brand":[],"product_cat":[25],"product_tag":[54,1394,1395,45],"class_list":{"0":"post-10520","1":"product","2":"type-product","3":"status-publish","4":"has-post-thumbnail","6":"product_cat-libros-digitales-ebooks","7":"product_tag-descargar-ebook","8":"product_tag-jordi-gracia","9":"product_tag-la-conquista-de-la-ironia","10":"product_tag-mejor-novela","12":"first","13":"instock","14":"shipping-taxable","15":"purchasable","16":"product-type-variable","17":"has-default-attributes"},"_links":{"self":[{"href":"https:\/\/www.taller-palabras.com\/WordPress_04\/wp-json\/wp\/v2\/product\/10520","targetHints":{"allow":["GET"]}}],"collection":[{"href":"https:\/\/www.taller-palabras.com\/WordPress_04\/wp-json\/wp\/v2\/product"}],"about":[{"href":"https:\/\/www.taller-palabras.com\/WordPress_04\/wp-json\/wp\/v2\/types\/product"}],"wp:featuredmedia":[{"embeddable":true,"href":"https:\/\/www.taller-palabras.com\/WordPress_04\/wp-json\/wp\/v2\/media\/10524"}],"wp:attachment":[{"href":"https:\/\/www.taller-palabras.com\/WordPress_04\/wp-json\/wp\/v2\/media?parent=10520"}],"wp:term":[{"taxonomy":"product_brand","embeddable":true,"href":"https:\/\/www.taller-palabras.com\/WordPress_04\/wp-json\/wp\/v2\/product_brand?post=10520"},{"taxonomy":"product_cat","embeddable":true,"href":"https:\/\/www.taller-palabras.com\/WordPress_04\/wp-json\/wp\/v2\/product_cat?post=10520"},{"taxonomy":"product_tag","embeddable":true,"href":"https:\/\/www.taller-palabras.com\/WordPress_04\/wp-json\/wp\/v2\/product_tag?post=10520"}],"curies":[{"name":"wp","href":"https:\/\/api.w.org\/{rel}","templated":true}]}}