{"id":10527,"date":"2024-08-23T14:53:23","date_gmt":"2024-08-23T17:53:23","guid":{"rendered":"https:\/\/www.taller-palabras.com\/WordPress_04\/?post_type=product&#038;p=10527"},"modified":"2024-08-23T14:57:34","modified_gmt":"2024-08-23T17:57:34","slug":"mrs-hemingway-en-paris-paula-mclain-ebook","status":"publish","type":"product","link":"https:\/\/www.taller-palabras.com\/WordPress_04\/producto\/mrs-hemingway-en-paris-paula-mclain-ebook","title":{"rendered":"Mrs Hemingway en Par\u00eds &#8211; Paula McLain  \/ebook"},"content":{"rendered":"<figure id=\"attachment_10533\" aria-describedby=\"caption-attachment-10533\" style=\"width: 150px\" class=\"wp-caption alignleft\"><img loading=\"lazy\" decoding=\"async\" class=\"wp-image-10533 size-thumbnail\" src=\"https:\/\/www.taller-palabras.com\/WordPress_04\/wp-content\/uploads\/2024\/08\/PaulaMclain-150x150.jpg\" alt=\"\" width=\"150\" height=\"150\" srcset=\"https:\/\/www.taller-palabras.com\/WordPress_04\/wp-content\/uploads\/2024\/08\/PaulaMclain-150x150.jpg 150w, https:\/\/www.taller-palabras.com\/WordPress_04\/wp-content\/uploads\/2024\/08\/PaulaMclain-100x100.jpg 100w, https:\/\/www.taller-palabras.com\/WordPress_04\/wp-content\/uploads\/2024\/08\/PaulaMclain.jpg 283w\" sizes=\"auto, (max-width: 150px) 100vw, 150px\" \/><figcaption id=\"caption-attachment-10533\" class=\"wp-caption-text\">Autora Paula McLain<\/figcaption><\/figure>\n<p>Hadley Richardson viv\u00eda en el Chicago de 1920 una existencia sin privaciones, pero alejada del amor y de la felicidad. Hasta que conoci\u00f3 a Ernest Hemingway, con su personalidad y su energ\u00eda arrolladoras, y su vida cambi\u00f3 para siempre. Despu\u00e9s de un breve noviazgo, se convirti\u00f3 en su primera esposa y se trasladaron a Par\u00eds, donde fueron \u00abmuy pobres y muy felices\u00bb. Mrs. Hemingway en Par\u00eds es una historia de amores y traiciones de dos seres inolvidables. Pero tambi\u00e9n es un fresco de una \u00e9poca fascinante en la que la capital de Francia fue escenario de uno de los momentos m\u00e1s alegres, ricos y creativos del siglo XX.<\/p>\n","protected":false},"excerpt":{"rendered":"<p>Hadley Richardson viv\u00eda en el Chicago de 1920 una existencia sin privaciones, pero alejada del amor y de la felicidad. Hasta que conoci\u00f3 a Ernest Hemingway, con su personalidad y su energ\u00eda arrolladoras, y su vida cambi\u00f3 para siempre. Despu\u00e9s de un breve noviazgo, se convirti\u00f3 en su primera esposa y se trasladaron a Par\u00eds, [&hellip;]<\/p>\n","protected":false},"featured_media":10532,"template":"","meta":[],"product_brand":[],"product_cat":[25],"product_tag":[54,45,1397,1396],"class_list":{"0":"post-10527","1":"product","2":"type-product","3":"status-publish","4":"has-post-thumbnail","6":"product_cat-libros-digitales-ebooks","7":"product_tag-descargar-ebook","8":"product_tag-mejor-novela","9":"product_tag-mrs-hemingway-en-paris","10":"product_tag-paula-mclain","12":"first","13":"instock","14":"shipping-taxable","15":"purchasable","16":"product-type-variable","17":"has-default-attributes"},"_links":{"self":[{"href":"https:\/\/www.taller-palabras.com\/WordPress_04\/wp-json\/wp\/v2\/product\/10527","targetHints":{"allow":["GET"]}}],"collection":[{"href":"https:\/\/www.taller-palabras.com\/WordPress_04\/wp-json\/wp\/v2\/product"}],"about":[{"href":"https:\/\/www.taller-palabras.com\/WordPress_04\/wp-json\/wp\/v2\/types\/product"}],"wp:featuredmedia":[{"embeddable":true,"href":"https:\/\/www.taller-palabras.com\/WordPress_04\/wp-json\/wp\/v2\/media\/10532"}],"wp:attachment":[{"href":"https:\/\/www.taller-palabras.com\/WordPress_04\/wp-json\/wp\/v2\/media?parent=10527"}],"wp:term":[{"taxonomy":"product_brand","embeddable":true,"href":"https:\/\/www.taller-palabras.com\/WordPress_04\/wp-json\/wp\/v2\/product_brand?post=10527"},{"taxonomy":"product_cat","embeddable":true,"href":"https:\/\/www.taller-palabras.com\/WordPress_04\/wp-json\/wp\/v2\/product_cat?post=10527"},{"taxonomy":"product_tag","embeddable":true,"href":"https:\/\/www.taller-palabras.com\/WordPress_04\/wp-json\/wp\/v2\/product_tag?post=10527"}],"curies":[{"name":"wp","href":"https:\/\/api.w.org\/{rel}","templated":true}]}}