{"id":10534,"date":"2024-08-23T14:58:05","date_gmt":"2024-08-23T17:58:05","guid":{"rendered":"https:\/\/www.taller-palabras.com\/WordPress_04\/?post_type=product&#038;p=10534"},"modified":"2024-08-24T10:21:29","modified_gmt":"2024-08-24T13:21:29","slug":"the-master-colm-toibin-ebook","status":"publish","type":"product","link":"https:\/\/www.taller-palabras.com\/WordPress_04\/producto\/the-master-colm-toibin-ebook","title":{"rendered":"The Master &#8211; Colm Toibin  \/ebook"},"content":{"rendered":"<figure id=\"attachment_10538\" aria-describedby=\"caption-attachment-10538\" style=\"width: 150px\" class=\"wp-caption alignleft\"><img loading=\"lazy\" decoding=\"async\" class=\"wp-image-10538 size-thumbnail\" src=\"https:\/\/www.taller-palabras.com\/WordPress_04\/wp-content\/uploads\/2024\/08\/Colm_toibin-150x150.jpg\" alt=\"\" width=\"150\" height=\"150\" srcset=\"https:\/\/www.taller-palabras.com\/WordPress_04\/wp-content\/uploads\/2024\/08\/Colm_toibin-150x150.jpg 150w, https:\/\/www.taller-palabras.com\/WordPress_04\/wp-content\/uploads\/2024\/08\/Colm_toibin-100x100.jpg 100w, https:\/\/www.taller-palabras.com\/WordPress_04\/wp-content\/uploads\/2024\/08\/Colm_toibin.jpg 283w\" sizes=\"auto, (max-width: 150px) 100vw, 150px\" \/><figcaption id=\"caption-attachment-10538\" class=\"wp-caption-text\">Autor Colm Toibin<\/figcaption><\/figure>\n<p>Colm T\u00f3ib\u00edn se centra en esta novela en una parte especialmente interesante de la vida de Henry James: sus d\u00edas en Florencia, Par\u00eds y finalmente Inglaterra, durante la cual se hace m\u00e1s evidente tanto en su obra como en su vida la conciencia del transtierro, la exploraci\u00f3n del concepto de identidad mediante el estudio de las costumbres europeas y de la literatura estadounidense. Sin embargo, o que mejor expone el autor es la particular forma de James de tratar con sus semejantes, sin esquivar las referencias a sus posibles relaciones homosexuales. El retrato de T\u00f3ib\u00edn apunta tanto al novelista, al observador de la sociedad europea de su tiempo, como al hombre de carne y hueso, con sus atormentados sentimientos, filias y fobias. Pero es el estilo, la sensibilidad, y en algunos pasajes la perfecta imitaci\u00f3n del estilo de James lo que han reportado justa fama a esta novela.<\/p>\n","protected":false},"excerpt":{"rendered":"<p>Colm T\u00f3ib\u00edn se centra en esta novela en una parte especialmente interesante de la vida de Henry James: sus d\u00edas en Florencia, Par\u00eds y finalmente Inglaterra, durante la cual se hace m\u00e1s evidente tanto en su obra como en su vida la conciencia del transtierro, la exploraci\u00f3n del concepto de identidad mediante el estudio de [&hellip;]<\/p>\n","protected":false},"featured_media":10539,"template":"","meta":[],"product_brand":[],"product_cat":[25],"product_tag":[1398,54,45,1399],"class_list":{"0":"post-10534","1":"product","2":"type-product","3":"status-publish","4":"has-post-thumbnail","6":"product_cat-libros-digitales-ebooks","7":"product_tag-colm-toibin","8":"product_tag-descargar-ebook","9":"product_tag-mejor-novela","10":"product_tag-the-master","12":"first","13":"instock","14":"shipping-taxable","15":"purchasable","16":"product-type-variable","17":"has-default-attributes"},"_links":{"self":[{"href":"https:\/\/www.taller-palabras.com\/WordPress_04\/wp-json\/wp\/v2\/product\/10534","targetHints":{"allow":["GET"]}}],"collection":[{"href":"https:\/\/www.taller-palabras.com\/WordPress_04\/wp-json\/wp\/v2\/product"}],"about":[{"href":"https:\/\/www.taller-palabras.com\/WordPress_04\/wp-json\/wp\/v2\/types\/product"}],"wp:featuredmedia":[{"embeddable":true,"href":"https:\/\/www.taller-palabras.com\/WordPress_04\/wp-json\/wp\/v2\/media\/10539"}],"wp:attachment":[{"href":"https:\/\/www.taller-palabras.com\/WordPress_04\/wp-json\/wp\/v2\/media?parent=10534"}],"wp:term":[{"taxonomy":"product_brand","embeddable":true,"href":"https:\/\/www.taller-palabras.com\/WordPress_04\/wp-json\/wp\/v2\/product_brand?post=10534"},{"taxonomy":"product_cat","embeddable":true,"href":"https:\/\/www.taller-palabras.com\/WordPress_04\/wp-json\/wp\/v2\/product_cat?post=10534"},{"taxonomy":"product_tag","embeddable":true,"href":"https:\/\/www.taller-palabras.com\/WordPress_04\/wp-json\/wp\/v2\/product_tag?post=10534"}],"curies":[{"name":"wp","href":"https:\/\/api.w.org\/{rel}","templated":true}]}}