{"id":10542,"date":"2024-08-24T10:21:57","date_gmt":"2024-08-24T13:21:57","guid":{"rendered":"https:\/\/www.taller-palabras.com\/WordPress_04\/?post_type=product&#038;p=10542"},"modified":"2024-08-24T10:25:13","modified_gmt":"2024-08-24T13:25:13","slug":"virginia-woolf-vida-de-una-escritora-lyndall-gordon-ebook","status":"publish","type":"product","link":"https:\/\/www.taller-palabras.com\/WordPress_04\/producto\/virginia-woolf-vida-de-una-escritora-lyndall-gordon-ebook","title":{"rendered":"Virginia Woolf &#8211; Vida de una escritora &#8211; Lyndall Gordon  \/ebook"},"content":{"rendered":"<figure id=\"attachment_10548\" aria-describedby=\"caption-attachment-10548\" style=\"width: 150px\" class=\"wp-caption alignleft\"><img loading=\"lazy\" decoding=\"async\" class=\"wp-image-10548 size-thumbnail\" src=\"https:\/\/www.taller-palabras.com\/WordPress_04\/wp-content\/uploads\/2024\/08\/lyndall-gordon-150x150.jpg\" alt=\"\" width=\"150\" height=\"150\" srcset=\"https:\/\/www.taller-palabras.com\/WordPress_04\/wp-content\/uploads\/2024\/08\/lyndall-gordon-150x150.jpg 150w, https:\/\/www.taller-palabras.com\/WordPress_04\/wp-content\/uploads\/2024\/08\/lyndall-gordon-100x100.jpg 100w, https:\/\/www.taller-palabras.com\/WordPress_04\/wp-content\/uploads\/2024\/08\/lyndall-gordon.jpg 285w\" sizes=\"auto, (max-width: 150px) 100vw, 150px\" \/><figcaption id=\"caption-attachment-10548\" class=\"wp-caption-text\">Autora Lyndall Gordon<\/figcaption><\/figure>\n<p>Ganador del Premio James Tait Black Memorial, este estudio sobre la vida y la obra de Virginia Woolf \u2014\u2060en una nueva versi\u00f3n revisada y ampliada por la autora\u2060\u2014 pretende \u00abarticular una narraci\u00f3n capaz de rastrear \u2014\u2060tan \u00edntimamente como permita la autenticidad\u2060\u2014 el flujo de memoria e imaginaci\u00f3n a lo largo de toda una vida, de manera que veamos a Virginia Woolf tal como ella misma se ve\u00eda\u00bb, se\u00f1ala Lyndall Gordon. Su infancia, su relaci\u00f3n con su padre, su feminismo, su sexualidad y su matrimonio, el c\u00edrculo de Bloomsbury, sus crisis nerviosas, las convenciones victorianas, la escritura y su relaci\u00f3n con la vida, son solo algunos de los m\u00faltiples aspectos que la autora trata en esta obra. Bas\u00e1ndose en la copiosa correspondencia, en los diarios y en el abundante material de la escritora \u2014\u2060desde sus papeles privados a su narrativa y sus ensayos\u2060\u2014, Lyndall Gordon construye, a trav\u00e9s de su obra y de los personajes de sus novelas, un excelente retrato de la escritora y de su tiempo.<\/p>\n","protected":false},"excerpt":{"rendered":"<p>Ganador del Premio James Tait Black Memorial, este estudio sobre la vida y la obra de Virginia Woolf \u2014\u2060en una nueva versi\u00f3n revisada y ampliada por la autora\u2060\u2014 pretende \u00abarticular una narraci\u00f3n capaz de rastrear \u2014\u2060tan \u00edntimamente como permita la autenticidad\u2060\u2014 el flujo de memoria e imaginaci\u00f3n a lo largo de toda una vida, de [&hellip;]<\/p>\n","protected":false},"featured_media":10547,"template":"","meta":[],"product_brand":[],"product_cat":[25],"product_tag":[54,1400,45,1401],"class_list":{"0":"post-10542","1":"product","2":"type-product","3":"status-publish","4":"has-post-thumbnail","6":"product_cat-libros-digitales-ebooks","7":"product_tag-descargar-ebook","8":"product_tag-lyndall-gordon","9":"product_tag-mejor-novela","10":"product_tag-vida-de-una-escritora","12":"first","13":"instock","14":"shipping-taxable","15":"purchasable","16":"product-type-variable","17":"has-default-attributes"},"_links":{"self":[{"href":"https:\/\/www.taller-palabras.com\/WordPress_04\/wp-json\/wp\/v2\/product\/10542","targetHints":{"allow":["GET"]}}],"collection":[{"href":"https:\/\/www.taller-palabras.com\/WordPress_04\/wp-json\/wp\/v2\/product"}],"about":[{"href":"https:\/\/www.taller-palabras.com\/WordPress_04\/wp-json\/wp\/v2\/types\/product"}],"wp:featuredmedia":[{"embeddable":true,"href":"https:\/\/www.taller-palabras.com\/WordPress_04\/wp-json\/wp\/v2\/media\/10547"}],"wp:attachment":[{"href":"https:\/\/www.taller-palabras.com\/WordPress_04\/wp-json\/wp\/v2\/media?parent=10542"}],"wp:term":[{"taxonomy":"product_brand","embeddable":true,"href":"https:\/\/www.taller-palabras.com\/WordPress_04\/wp-json\/wp\/v2\/product_brand?post=10542"},{"taxonomy":"product_cat","embeddable":true,"href":"https:\/\/www.taller-palabras.com\/WordPress_04\/wp-json\/wp\/v2\/product_cat?post=10542"},{"taxonomy":"product_tag","embeddable":true,"href":"https:\/\/www.taller-palabras.com\/WordPress_04\/wp-json\/wp\/v2\/product_tag?post=10542"}],"curies":[{"name":"wp","href":"https:\/\/api.w.org\/{rel}","templated":true}]}}