{"id":10655,"date":"2024-09-29T13:28:15","date_gmt":"2024-09-29T16:28:15","guid":{"rendered":"https:\/\/www.taller-palabras.com\/WordPress_04\/?post_type=product&#038;p=10655"},"modified":"2024-09-29T13:37:27","modified_gmt":"2024-09-29T16:37:27","slug":"saga-la-torre-oscura-el-pistolero-1-stephen-king-ebook","status":"publish","type":"product","link":"https:\/\/www.taller-palabras.com\/WordPress_04\/producto\/saga-la-torre-oscura-el-pistolero-1-stephen-king-ebook","title":{"rendered":"Saga: La torre oscura &#8211; El pistolero (1) &#8211; Stephen King \/ebook"},"content":{"rendered":"<figure id=\"attachment_2450\" aria-describedby=\"caption-attachment-2450\" style=\"width: 150px\" class=\"wp-caption alignleft\"><img loading=\"lazy\" decoding=\"async\" class=\"wp-image-2450 size-thumbnail\" src=\"https:\/\/www.taller-palabras.com\/WordPress_04\/wp-content\/uploads\/2020\/09\/StephenKing-150x150.jpg\" alt=\"\" width=\"150\" height=\"150\" srcset=\"https:\/\/www.taller-palabras.com\/WordPress_04\/wp-content\/uploads\/2020\/09\/StephenKing-150x150.jpg 150w, https:\/\/www.taller-palabras.com\/WordPress_04\/wp-content\/uploads\/2020\/09\/StephenKing-100x100.jpg 100w\" sizes=\"auto, (max-width: 150px) 100vw, 150px\" \/><figcaption id=\"caption-attachment-2450\" class=\"wp-caption-text\">Autor Stephen King<\/figcaption><\/figure>\n<p>En la primera entrega de la extraordinaria serie \u00abLa Torre Oscura\u00bb, \u00abel pistolero\u00bb comienza su arduo viaje hacia la misteriosa torre. Roland de Gilead, uno de los h\u00e9roes m\u00e1s enigm\u00e1ticos del autor, debe perseguir al Hombre Negro por el desierto para que le revele los secretos de la Torre Oscura, un edificio m\u00edtico que se encuentra en el nexo de todos los universos. Tras correr innumerables peligros, \u00abel pistolero\u00bb comienza a formar el equipo con el que viajar\u00e1 por distintos mundos.<\/p>\n","protected":false},"excerpt":{"rendered":"<p>En la primera entrega de la extraordinaria serie \u00abLa Torre Oscura\u00bb, \u00abel pistolero\u00bb comienza su arduo viaje hacia la misteriosa torre. Roland de Gilead, uno de los h\u00e9roes m\u00e1s enigm\u00e1ticos del autor, debe perseguir al Hombre Negro por el desierto para que le revele los secretos de la Torre Oscura, un edificio m\u00edtico que se [&hellip;]<\/p>\n","protected":false},"featured_media":10658,"template":"","meta":[],"product_brand":[],"product_cat":[25,47],"product_tag":[54,1403,272],"class_list":{"0":"post-10655","1":"product","2":"type-product","3":"status-publish","4":"has-post-thumbnail","6":"product_cat-libros-digitales-ebooks","7":"product_cat-libros-digitales-sagas","8":"product_tag-descargar-ebook","9":"product_tag-el-pistolero","10":"product_tag-stephen-king","12":"first","13":"instock","14":"shipping-taxable","15":"purchasable","16":"product-type-variable","17":"has-default-attributes"},"_links":{"self":[{"href":"https:\/\/www.taller-palabras.com\/WordPress_04\/wp-json\/wp\/v2\/product\/10655","targetHints":{"allow":["GET"]}}],"collection":[{"href":"https:\/\/www.taller-palabras.com\/WordPress_04\/wp-json\/wp\/v2\/product"}],"about":[{"href":"https:\/\/www.taller-palabras.com\/WordPress_04\/wp-json\/wp\/v2\/types\/product"}],"wp:featuredmedia":[{"embeddable":true,"href":"https:\/\/www.taller-palabras.com\/WordPress_04\/wp-json\/wp\/v2\/media\/10658"}],"wp:attachment":[{"href":"https:\/\/www.taller-palabras.com\/WordPress_04\/wp-json\/wp\/v2\/media?parent=10655"}],"wp:term":[{"taxonomy":"product_brand","embeddable":true,"href":"https:\/\/www.taller-palabras.com\/WordPress_04\/wp-json\/wp\/v2\/product_brand?post=10655"},{"taxonomy":"product_cat","embeddable":true,"href":"https:\/\/www.taller-palabras.com\/WordPress_04\/wp-json\/wp\/v2\/product_cat?post=10655"},{"taxonomy":"product_tag","embeddable":true,"href":"https:\/\/www.taller-palabras.com\/WordPress_04\/wp-json\/wp\/v2\/product_tag?post=10655"}],"curies":[{"name":"wp","href":"https:\/\/api.w.org\/{rel}","templated":true}]}}