{"id":10688,"date":"2024-09-29T13:22:45","date_gmt":"2024-09-29T16:22:45","guid":{"rendered":"https:\/\/www.taller-palabras.com\/WordPress_04\/?post_type=product&#038;p=10688"},"modified":"2024-09-30T12:26:49","modified_gmt":"2024-09-30T15:26:49","slug":"saga-la-torre-oscura-cancion-de-susannah-6-stephen-king-ebook","status":"publish","type":"product","link":"https:\/\/www.taller-palabras.com\/WordPress_04\/producto\/saga-la-torre-oscura-cancion-de-susannah-6-stephen-king-ebook","title":{"rendered":"Saga: La torre oscura &#8211; Canci\u00f3n de Susannah (6) &#8211; Stephen King \/ebook"},"content":{"rendered":"<figure id=\"attachment_2450\" aria-describedby=\"caption-attachment-2450\" style=\"width: 150px\" class=\"wp-caption alignleft\"><img loading=\"lazy\" decoding=\"async\" class=\"wp-image-2450 size-thumbnail\" src=\"https:\/\/www.taller-palabras.com\/WordPress_04\/wp-content\/uploads\/2020\/09\/StephenKing-150x150.jpg\" alt=\"\" width=\"150\" height=\"150\" srcset=\"https:\/\/www.taller-palabras.com\/WordPress_04\/wp-content\/uploads\/2020\/09\/StephenKing-150x150.jpg 150w, https:\/\/www.taller-palabras.com\/WordPress_04\/wp-content\/uploads\/2020\/09\/StephenKing-100x100.jpg 100w\" sizes=\"auto, (max-width: 150px) 100vw, 150px\" \/><figcaption id=\"caption-attachment-2450\" class=\"wp-caption-text\">Autor Stephen King<\/figcaption><\/figure>\n<p>Roland Deschain y su ka-tet viajan hacia el sudeste a trav\u00e9s de los bosques del Mundo Medio. El camino les lleva a \u00e9l y sus compa\u00f1eros hasta el Calla Bryn Sturgis, una tranquila comunidad de granjeros y rancheros en las fronteras del Mundo Medio. M\u00e1s all\u00e1 de este pueblo se encuentra Tronido, de donde procede la m\u00e1s terrible de las amenazas: los lobos. En el Calla, los viajeros se encuentran con el padre Callahan, otro refugiado de nuestro mundo. \u00c9l tambi\u00e9n es uno de los protectores de la Torre Oscura, en particular de un solar de la Segunda Avenida de Manhattan donde crece una sola rosa roja. Los lobos de Tronido se est\u00e1n acercando y por primera vez los habitantes del Calla Bryn Sturgis, entrenados e inspirados por el coraje de Roland y su ka-tet, van a luchar.<\/p>\n","protected":false},"excerpt":{"rendered":"<p>Roland Deschain y su ka-tet viajan hacia el sudeste a trav\u00e9s de los bosques del Mundo Medio. El camino les lleva a \u00e9l y sus compa\u00f1eros hasta el Calla Bryn Sturgis, una tranquila comunidad de granjeros y rancheros en las fronteras del Mundo Medio. M\u00e1s all\u00e1 de este pueblo se encuentra Tronido, de donde procede [&hellip;]<\/p>\n","protected":false},"featured_media":10693,"template":"","meta":[],"product_brand":[],"product_cat":[25,47],"product_tag":[1408,54,272],"class_list":{"0":"post-10688","1":"product","2":"type-product","3":"status-publish","4":"has-post-thumbnail","6":"product_cat-libros-digitales-ebooks","7":"product_cat-libros-digitales-sagas","8":"product_tag-cancion-de-susannah","9":"product_tag-descargar-ebook","10":"product_tag-stephen-king","12":"first","13":"instock","14":"shipping-taxable","15":"purchasable","16":"product-type-variable","17":"has-default-attributes"},"_links":{"self":[{"href":"https:\/\/www.taller-palabras.com\/WordPress_04\/wp-json\/wp\/v2\/product\/10688","targetHints":{"allow":["GET"]}}],"collection":[{"href":"https:\/\/www.taller-palabras.com\/WordPress_04\/wp-json\/wp\/v2\/product"}],"about":[{"href":"https:\/\/www.taller-palabras.com\/WordPress_04\/wp-json\/wp\/v2\/types\/product"}],"wp:featuredmedia":[{"embeddable":true,"href":"https:\/\/www.taller-palabras.com\/WordPress_04\/wp-json\/wp\/v2\/media\/10693"}],"wp:attachment":[{"href":"https:\/\/www.taller-palabras.com\/WordPress_04\/wp-json\/wp\/v2\/media?parent=10688"}],"wp:term":[{"taxonomy":"product_brand","embeddable":true,"href":"https:\/\/www.taller-palabras.com\/WordPress_04\/wp-json\/wp\/v2\/product_brand?post=10688"},{"taxonomy":"product_cat","embeddable":true,"href":"https:\/\/www.taller-palabras.com\/WordPress_04\/wp-json\/wp\/v2\/product_cat?post=10688"},{"taxonomy":"product_tag","embeddable":true,"href":"https:\/\/www.taller-palabras.com\/WordPress_04\/wp-json\/wp\/v2\/product_tag?post=10688"}],"curies":[{"name":"wp","href":"https:\/\/api.w.org\/{rel}","templated":true}]}}