{"id":10694,"date":"2024-09-29T13:21:48","date_gmt":"2024-09-29T16:21:48","guid":{"rendered":"https:\/\/www.taller-palabras.com\/WordPress_04\/?post_type=product&#038;p=10694"},"modified":"2024-09-30T12:34:03","modified_gmt":"2024-09-30T15:34:03","slug":"saga-la-torre-oscura-7-stephen-king-ebook","status":"publish","type":"product","link":"https:\/\/www.taller-palabras.com\/WordPress_04\/producto\/saga-la-torre-oscura-7-stephen-king-ebook","title":{"rendered":"Saga: La torre oscura (7) &#8211; Stephen King \/ebook"},"content":{"rendered":"<figure id=\"attachment_2450\" aria-describedby=\"caption-attachment-2450\" style=\"width: 150px\" class=\"wp-caption alignleft\"><img loading=\"lazy\" decoding=\"async\" class=\"wp-image-2450 size-thumbnail\" src=\"https:\/\/www.taller-palabras.com\/WordPress_04\/wp-content\/uploads\/2020\/09\/StephenKing-150x150.jpg\" alt=\"\" width=\"150\" height=\"150\" srcset=\"https:\/\/www.taller-palabras.com\/WordPress_04\/wp-content\/uploads\/2020\/09\/StephenKing-150x150.jpg 150w, https:\/\/www.taller-palabras.com\/WordPress_04\/wp-content\/uploads\/2020\/09\/StephenKing-100x100.jpg 100w\" sizes=\"auto, (max-width: 150px) 100vw, 150px\" \/><figcaption id=\"caption-attachment-2450\" class=\"wp-caption-text\">Autor Stephen King<\/figcaption><\/figure>\n<p>Todo lo bueno se acaba, Lector Constante, y ni siquiera Stephen King es capaz de narrar una historia que nunca termina. El autor teme que los lectores que han seguido todas las aventuras de Roland desde su principio puedan llegar a cansarse. Sin embargo, ahora queda poco y lo \u00faltimo a veces es lo mejor. Los compa\u00f1eros del ka-tet de Roland se encuentran separados en el espacio y en el tiempo y su primera meta es volver a juntarse. Susannah ha sobrevivido al parto del ser monstruoso. Jake, Ancho y el padre Callahan luchan contra sus enemigos en Nueva York. Roland y Eddie siguen en el a\u00f1o 1977 en Maine; all\u00ed buscan la puerta de regreso a donde est\u00e1n sus amigos. Y as\u00ed comienza nuestra historia, una nueva incursi\u00f3n de Stephen King en los mundos de la fantas\u00eda m\u00e1s desbordada. Si has llegado hasta aqu\u00ed, lector, sigue un poco m\u00e1s, no temas llegar al final del camino. \u00a1Bienvenido a la Torre Oscura!<\/p>\n","protected":false},"excerpt":{"rendered":"<p>Todo lo bueno se acaba, Lector Constante, y ni siquiera Stephen King es capaz de narrar una historia que nunca termina. El autor teme que los lectores que han seguido todas las aventuras de Roland desde su principio puedan llegar a cansarse. Sin embargo, ahora queda poco y lo \u00faltimo a veces es lo mejor. [&hellip;]<\/p>\n","protected":false},"featured_media":10698,"template":"","meta":[],"product_brand":[],"product_cat":[25,47],"product_tag":[54,1409,272],"class_list":{"0":"post-10694","1":"product","2":"type-product","3":"status-publish","4":"has-post-thumbnail","6":"product_cat-libros-digitales-ebooks","7":"product_cat-libros-digitales-sagas","8":"product_tag-descargar-ebook","9":"product_tag-la-torre-oscura","10":"product_tag-stephen-king","12":"first","13":"instock","14":"shipping-taxable","15":"purchasable","16":"product-type-variable","17":"has-default-attributes"},"_links":{"self":[{"href":"https:\/\/www.taller-palabras.com\/WordPress_04\/wp-json\/wp\/v2\/product\/10694","targetHints":{"allow":["GET"]}}],"collection":[{"href":"https:\/\/www.taller-palabras.com\/WordPress_04\/wp-json\/wp\/v2\/product"}],"about":[{"href":"https:\/\/www.taller-palabras.com\/WordPress_04\/wp-json\/wp\/v2\/types\/product"}],"wp:featuredmedia":[{"embeddable":true,"href":"https:\/\/www.taller-palabras.com\/WordPress_04\/wp-json\/wp\/v2\/media\/10698"}],"wp:attachment":[{"href":"https:\/\/www.taller-palabras.com\/WordPress_04\/wp-json\/wp\/v2\/media?parent=10694"}],"wp:term":[{"taxonomy":"product_brand","embeddable":true,"href":"https:\/\/www.taller-palabras.com\/WordPress_04\/wp-json\/wp\/v2\/product_brand?post=10694"},{"taxonomy":"product_cat","embeddable":true,"href":"https:\/\/www.taller-palabras.com\/WordPress_04\/wp-json\/wp\/v2\/product_cat?post=10694"},{"taxonomy":"product_tag","embeddable":true,"href":"https:\/\/www.taller-palabras.com\/WordPress_04\/wp-json\/wp\/v2\/product_tag?post=10694"}],"curies":[{"name":"wp","href":"https:\/\/api.w.org\/{rel}","templated":true}]}}