{"id":10703,"date":"2024-09-20T13:20:52","date_gmt":"2024-09-20T16:20:52","guid":{"rendered":"https:\/\/www.taller-palabras.com\/WordPress_04\/?post_type=product&#038;p=10703"},"modified":"2024-09-30T15:00:56","modified_gmt":"2024-09-30T18:00:56","slug":"saga-la-torre-oscura-el-viento-por-la-cerradura-8-stephen-king-ebook","status":"publish","type":"product","link":"https:\/\/www.taller-palabras.com\/WordPress_04\/producto\/saga-la-torre-oscura-el-viento-por-la-cerradura-8-stephen-king-ebook","title":{"rendered":"Saga: La torre oscura &#8211; El viento por la cerradura (8) &#8211; Stephen King \/ebook"},"content":{"rendered":"<figure id=\"attachment_2450\" aria-describedby=\"caption-attachment-2450\" style=\"width: 150px\" class=\"wp-caption alignleft\"><img loading=\"lazy\" decoding=\"async\" class=\"wp-image-2450 size-thumbnail\" src=\"https:\/\/www.taller-palabras.com\/WordPress_04\/wp-content\/uploads\/2020\/09\/StephenKing-150x150.jpg\" alt=\"\" width=\"150\" height=\"150\" srcset=\"https:\/\/www.taller-palabras.com\/WordPress_04\/wp-content\/uploads\/2020\/09\/StephenKing-150x150.jpg 150w, https:\/\/www.taller-palabras.com\/WordPress_04\/wp-content\/uploads\/2020\/09\/StephenKing-100x100.jpg 100w\" sizes=\"auto, (max-width: 150px) 100vw, 150px\" \/><figcaption id=\"caption-attachment-2450\" class=\"wp-caption-text\">Autor Stephen King<\/figcaption><\/figure>\n<p>En El viento por la cerradura, Stephen King vuelve a los paisajes fascinantes de Mundo Medio, la tierra de la maravillosa saga de la Torre Oscura, una de sus creaciones m\u00e1s impactantes. De camino hacia las Baron\u00edas Exteriores, Roland Deschain y su ka-tet, Jake, Susannah, Eddie y Oy, el bilibramo, tendr\u00e1n que sobrellevar una violenta tormenta justo despu\u00e9s de cruzar el r\u00edo Whye. Buscan un refugio para protegerse del vendaval y, para pasar las horas, Roland les cuenta dos historias sorprendentes que descubren m\u00e1s detalles de su propio pasado. Durante su primer a\u00f1o de pistolero, cuando Roland intentaba superar el gran sentimiento de culpabilidad que le hab\u00eda causado la muerte de su madre, su padre le envi\u00f3 a investigar el caso de un metamorfo, un hombrepieles que estaba depredando la poblaci\u00f3n de Debaria. Roland interrog\u00f3 a Bill Streeter, un chico valiente pero aterrorizado y \u00fanico testigo superviviente de la \u00faltima matanza de la bestia y para tranquilizarle y prepararle para la dura prueba que le esperaba al d\u00eda siguiente, empieza a recitarle uno de los cuentos m\u00e1gicos del Eld que su madre sol\u00eda contarle antes de acostarle: \u00abNunca somos demasiado mayores para los cuentos\u00bb, le dijo a Bill. \u00abHombres y ni\u00f1os, ni\u00f1as y mujeres, siempre nos encantan. Vivimos para ellos\u00bb. Y as\u00ed es la historia narra Roland, la leyenda inolvidable de Tim Coraz\u00f3n Tenaz, un cuento que cobra vida tambi\u00e9n para nosotros.<\/p>\n","protected":false},"excerpt":{"rendered":"<p>En El viento por la cerradura, Stephen King vuelve a los paisajes fascinantes de Mundo Medio, la tierra de la maravillosa saga de la Torre Oscura, una de sus creaciones m\u00e1s impactantes. De camino hacia las Baron\u00edas Exteriores, Roland Deschain y su ka-tet, Jake, Susannah, Eddie y Oy, el bilibramo, tendr\u00e1n que sobrellevar una violenta [&hellip;]<\/p>\n","protected":false},"featured_media":10708,"template":"","meta":[],"product_brand":[],"product_cat":[25,47],"product_tag":[54,1410,272],"class_list":{"0":"post-10703","1":"product","2":"type-product","3":"status-publish","4":"has-post-thumbnail","6":"product_cat-libros-digitales-ebooks","7":"product_cat-libros-digitales-sagas","8":"product_tag-descargar-ebook","9":"product_tag-el-viento-por-la-cerradura","10":"product_tag-stephen-king","12":"first","13":"instock","14":"shipping-taxable","15":"purchasable","16":"product-type-variable","17":"has-default-attributes"},"_links":{"self":[{"href":"https:\/\/www.taller-palabras.com\/WordPress_04\/wp-json\/wp\/v2\/product\/10703","targetHints":{"allow":["GET"]}}],"collection":[{"href":"https:\/\/www.taller-palabras.com\/WordPress_04\/wp-json\/wp\/v2\/product"}],"about":[{"href":"https:\/\/www.taller-palabras.com\/WordPress_04\/wp-json\/wp\/v2\/types\/product"}],"wp:featuredmedia":[{"embeddable":true,"href":"https:\/\/www.taller-palabras.com\/WordPress_04\/wp-json\/wp\/v2\/media\/10708"}],"wp:attachment":[{"href":"https:\/\/www.taller-palabras.com\/WordPress_04\/wp-json\/wp\/v2\/media?parent=10703"}],"wp:term":[{"taxonomy":"product_brand","embeddable":true,"href":"https:\/\/www.taller-palabras.com\/WordPress_04\/wp-json\/wp\/v2\/product_brand?post=10703"},{"taxonomy":"product_cat","embeddable":true,"href":"https:\/\/www.taller-palabras.com\/WordPress_04\/wp-json\/wp\/v2\/product_cat?post=10703"},{"taxonomy":"product_tag","embeddable":true,"href":"https:\/\/www.taller-palabras.com\/WordPress_04\/wp-json\/wp\/v2\/product_tag?post=10703"}],"curies":[{"name":"wp","href":"https:\/\/api.w.org\/{rel}","templated":true}]}}