{"id":10709,"date":"2021-12-18T11:59:34","date_gmt":"2021-12-18T14:59:34","guid":{"rendered":"https:\/\/www.taller-palabras.com\/WordPress_04\/?post_type=product&#038;p=10709"},"modified":"2024-09-30T15:34:41","modified_gmt":"2024-09-30T18:34:41","slug":"operacion-shylock-philip-roth-ebook","status":"publish","type":"product","link":"https:\/\/www.taller-palabras.com\/WordPress_04\/producto\/operacion-shylock-philip-roth-ebook","title":{"rendered":"Operaci\u00f3n Shylock &#8211; Philip Roth \/ebook"},"content":{"rendered":"<figure id=\"attachment_5014\" aria-describedby=\"caption-attachment-5014\" style=\"width: 150px\" class=\"wp-caption alignleft\"><img loading=\"lazy\" decoding=\"async\" class=\"wp-image-5014 size-thumbnail\" src=\"https:\/\/www.taller-palabras.com\/WordPress_04\/wp-content\/uploads\/2021\/12\/Philip_Roth-150x150.jpg\" alt=\"\" width=\"150\" height=\"150\" srcset=\"https:\/\/www.taller-palabras.com\/WordPress_04\/wp-content\/uploads\/2021\/12\/Philip_Roth-150x150.jpg 150w, https:\/\/www.taller-palabras.com\/WordPress_04\/wp-content\/uploads\/2021\/12\/Philip_Roth-100x100.jpg 100w\" sizes=\"auto, (max-width: 150px) 100vw, 150px\" \/><figcaption id=\"caption-attachment-5014\" class=\"wp-caption-text\">Autor Philip Roth<\/figcaption><\/figure>\n<p>En este libro, diab\u00f3licamente imaginativo, que podr\u00eda -o no- ser una novela, Philip Roth conoce a un hombre que podr\u00eda -o no- ser Philip Roth. Porque alguien con ese nombre ha estado viajando por Israel, haciendo propaganda del Diasporismo, una ins\u00f3lita doctrina que pregona la necesidad de un nuevo \u00e9xodo, pero en direcci\u00f3n contraria. Roth intenta detenerle, incluso si esto significa hacerse pasar por su propio \u00abdoble\u00bb. Con un agud\u00edsimo suspense, una irreverente especulaci\u00f3n filos\u00f3fica y una serie de personajes que incluyen a agentes de inteligencia israel\u00edes, exiliados palestinos, criminales de guerra y un miembro de una organizaci\u00f3n llamada Antisemitas An\u00f3nimos, Operaci\u00f3n Shylock se mantiene en la frontera entre el ensayo y la ficci\u00f3n, la seriedad y la alta comedia, la historia y la pesadilla.<br \/>\n\u00abUna de las obras maestras de Roth, un genio de la comedia, un maestro en vida\u00bb. HAROLD BLOOM<\/p>\n","protected":false},"excerpt":{"rendered":"<p>En este libro, diab\u00f3licamente imaginativo, que podr\u00eda -o no- ser una novela, Philip Roth conoce a un hombre que podr\u00eda -o no- ser Philip Roth. Porque alguien con ese nombre ha estado viajando por Israel, haciendo propaganda del Diasporismo, una ins\u00f3lita doctrina que pregona la necesidad de un nuevo \u00e9xodo, pero en direcci\u00f3n contraria. Roth [&hellip;]<\/p>\n","protected":false},"featured_media":10712,"template":"","meta":[],"product_brand":[],"product_cat":[25],"product_tag":[54,45,1411,678],"class_list":{"0":"post-10709","1":"product","2":"type-product","3":"status-publish","4":"has-post-thumbnail","6":"product_cat-libros-digitales-ebooks","7":"product_tag-descargar-ebook","8":"product_tag-mejor-novela","9":"product_tag-operacion-shylock","10":"product_tag-philip-roth","12":"first","13":"instock","14":"shipping-taxable","15":"purchasable","16":"product-type-variable","17":"has-default-attributes"},"_links":{"self":[{"href":"https:\/\/www.taller-palabras.com\/WordPress_04\/wp-json\/wp\/v2\/product\/10709","targetHints":{"allow":["GET"]}}],"collection":[{"href":"https:\/\/www.taller-palabras.com\/WordPress_04\/wp-json\/wp\/v2\/product"}],"about":[{"href":"https:\/\/www.taller-palabras.com\/WordPress_04\/wp-json\/wp\/v2\/types\/product"}],"wp:featuredmedia":[{"embeddable":true,"href":"https:\/\/www.taller-palabras.com\/WordPress_04\/wp-json\/wp\/v2\/media\/10712"}],"wp:attachment":[{"href":"https:\/\/www.taller-palabras.com\/WordPress_04\/wp-json\/wp\/v2\/media?parent=10709"}],"wp:term":[{"taxonomy":"product_brand","embeddable":true,"href":"https:\/\/www.taller-palabras.com\/WordPress_04\/wp-json\/wp\/v2\/product_brand?post=10709"},{"taxonomy":"product_cat","embeddable":true,"href":"https:\/\/www.taller-palabras.com\/WordPress_04\/wp-json\/wp\/v2\/product_cat?post=10709"},{"taxonomy":"product_tag","embeddable":true,"href":"https:\/\/www.taller-palabras.com\/WordPress_04\/wp-json\/wp\/v2\/product_tag?post=10709"}],"curies":[{"name":"wp","href":"https:\/\/api.w.org\/{rel}","templated":true}]}}