{"id":10720,"date":"2024-06-15T13:51:32","date_gmt":"2024-06-15T16:51:32","guid":{"rendered":"https:\/\/www.taller-palabras.com\/WordPress_04\/?post_type=product&#038;p=10720"},"modified":"2024-10-02T12:25:11","modified_gmt":"2024-10-02T15:25:11","slug":"el-palacio-de-cristal-amitav-ghosh-ebook","status":"publish","type":"product","link":"https:\/\/www.taller-palabras.com\/WordPress_04\/producto\/el-palacio-de-cristal-amitav-ghosh-ebook","title":{"rendered":"El Palacio de Cristal &#8211; Amitav Ghosh  \/ebook"},"content":{"rendered":"<figure id=\"attachment_10009\" aria-describedby=\"caption-attachment-10009\" style=\"width: 150px\" class=\"wp-caption alignleft\"><img loading=\"lazy\" decoding=\"async\" class=\"wp-image-10009 size-thumbnail\" src=\"https:\/\/www.taller-palabras.com\/WordPress_04\/wp-content\/uploads\/2024\/06\/Ghosh-150x150.jpg\" alt=\"\" width=\"150\" height=\"150\" srcset=\"https:\/\/www.taller-palabras.com\/WordPress_04\/wp-content\/uploads\/2024\/06\/Ghosh-150x150.jpg 150w, https:\/\/www.taller-palabras.com\/WordPress_04\/wp-content\/uploads\/2024\/06\/Ghosh-100x100.jpg 100w, https:\/\/www.taller-palabras.com\/WordPress_04\/wp-content\/uploads\/2024\/06\/Ghosh.jpg 283w\" sizes=\"auto, (max-width: 150px) 100vw, 150px\" \/><figcaption id=\"caption-attachment-10009\" class=\"wp-caption-text\">Autor Amitav Ghosh<\/figcaption><\/figure>\n<p>Rajkumar tiene doce a\u00f1os, es hu\u00e9rfano y se busca la vida en el mercado a las puertas del palacio real de Mandalay cuando Inglaterra env\u00eda a sus ej\u00e9rcitos a Birmania. La v\u00edspera de la partida de la familia real al exilio, cuando comienzan los saqueos, Rajkumar ve por un instante a Dolly, la doncella esclava de la reina, una ni\u00f1a de diez a\u00f1os. Nunca la olvidar\u00e1 y, ya adulto y rico, la buscar\u00e1 en su exilio. Una espl\u00e9ndida y caudalosa novela sobre la obsesi\u00f3n y el deseo, con un riqu\u00edsimo trasfondo hist\u00f3rico.<\/p>\n","protected":false},"excerpt":{"rendered":"<p>Rajkumar tiene doce a\u00f1os, es hu\u00e9rfano y se busca la vida en el mercado a las puertas del palacio real de Mandalay cuando Inglaterra env\u00eda a sus ej\u00e9rcitos a Birmania. La v\u00edspera de la partida de la familia real al exilio, cuando comienzan los saqueos, Rajkumar ve por un instante a Dolly, la doncella esclava [&hellip;]<\/p>\n","protected":false},"featured_media":10723,"template":"","meta":[],"product_brand":[],"product_cat":[25],"product_tag":[1348,54,1414,45],"class_list":{"0":"post-10720","1":"product","2":"type-product","3":"status-publish","4":"has-post-thumbnail","6":"product_cat-libros-digitales-ebooks","7":"product_tag-amitav-ghosh","8":"product_tag-descargar-ebook","9":"product_tag-el-palacio-de-cristal","10":"product_tag-mejor-novela","12":"first","13":"instock","14":"shipping-taxable","15":"purchasable","16":"product-type-variable","17":"has-default-attributes"},"_links":{"self":[{"href":"https:\/\/www.taller-palabras.com\/WordPress_04\/wp-json\/wp\/v2\/product\/10720","targetHints":{"allow":["GET"]}}],"collection":[{"href":"https:\/\/www.taller-palabras.com\/WordPress_04\/wp-json\/wp\/v2\/product"}],"about":[{"href":"https:\/\/www.taller-palabras.com\/WordPress_04\/wp-json\/wp\/v2\/types\/product"}],"wp:featuredmedia":[{"embeddable":true,"href":"https:\/\/www.taller-palabras.com\/WordPress_04\/wp-json\/wp\/v2\/media\/10723"}],"wp:attachment":[{"href":"https:\/\/www.taller-palabras.com\/WordPress_04\/wp-json\/wp\/v2\/media?parent=10720"}],"wp:term":[{"taxonomy":"product_brand","embeddable":true,"href":"https:\/\/www.taller-palabras.com\/WordPress_04\/wp-json\/wp\/v2\/product_brand?post=10720"},{"taxonomy":"product_cat","embeddable":true,"href":"https:\/\/www.taller-palabras.com\/WordPress_04\/wp-json\/wp\/v2\/product_cat?post=10720"},{"taxonomy":"product_tag","embeddable":true,"href":"https:\/\/www.taller-palabras.com\/WordPress_04\/wp-json\/wp\/v2\/product_tag?post=10720"}],"curies":[{"name":"wp","href":"https:\/\/api.w.org\/{rel}","templated":true}]}}