{"id":10743,"date":"2024-10-13T10:15:33","date_gmt":"2024-10-13T13:15:33","guid":{"rendered":"https:\/\/www.taller-palabras.com\/WordPress_04\/?post_type=product&#038;p=10743"},"modified":"2024-10-13T10:45:44","modified_gmt":"2024-10-13T13:45:44","slug":"la-vegetariana-kang-han-ebook","status":"publish","type":"product","link":"https:\/\/www.taller-palabras.com\/WordPress_04\/producto\/la-vegetariana-kang-han-ebook","title":{"rendered":"La vegetariana &#8211; Han Kang \/ebook"},"content":{"rendered":"<figure id=\"attachment_10747\" aria-describedby=\"caption-attachment-10747\" style=\"width: 150px\" class=\"wp-caption alignleft\"><img loading=\"lazy\" decoding=\"async\" class=\"wp-image-10747 size-thumbnail\" src=\"https:\/\/www.taller-palabras.com\/WordPress_04\/wp-content\/uploads\/2024\/10\/Han-kang-150x150.jpg\" alt=\"\" width=\"150\" height=\"150\" srcset=\"https:\/\/www.taller-palabras.com\/WordPress_04\/wp-content\/uploads\/2024\/10\/Han-kang-150x150.jpg 150w, https:\/\/www.taller-palabras.com\/WordPress_04\/wp-content\/uploads\/2024\/10\/Han-kang-100x100.jpg 100w\" sizes=\"auto, (max-width: 150px) 100vw, 150px\" \/><figcaption id=\"caption-attachment-10747\" class=\"wp-caption-text\">Autora Han Kang<\/figcaption><\/figure>\n<p>Hacer preguntas, eso es para m\u00ed escribir. No escribo respuestas, simplemente me afano por redondear las preguntas, trato de permanecer mucho tiempo dentro de ellas. De rodillas, arrastr\u00e1ndome otras veces, espero llegar hasta el final, hasta el centro (aunque sea imposible). Esta novelas es tambi\u00e9n una pregunta imposible. Hay una mujer, un ser humano que ya no quiere formar parte de la humanidad. Un ser que pone en juego su vida para no da\u00f1ar a nadie ni a nada, un ser a quien un d\u00eda deja de importarle en absoluto vivir o morir. Simplemente quise preguntar si una mujer as\u00ed se quedara en silencio, y llevara a cabo su decisi\u00f3n, qu\u00e9 es lo que pasar\u00eda; con qu\u00e9 se encontrar\u00eda al final del camino.<\/p>\n","protected":false},"excerpt":{"rendered":"<p>Hacer preguntas, eso es para m\u00ed escribir. No escribo respuestas, simplemente me afano por redondear las preguntas, trato de permanecer mucho tiempo dentro de ellas. De rodillas, arrastr\u00e1ndome otras veces, espero llegar hasta el final, hasta el centro (aunque sea imposible). Esta novelas es tambi\u00e9n una pregunta imposible. Hay una mujer, un ser humano que [&hellip;]<\/p>\n","protected":false},"featured_media":10746,"template":"","meta":[],"product_brand":[],"product_cat":[25],"product_tag":[54,1415,1416,1184],"class_list":{"0":"post-10743","1":"product","2":"type-product","3":"status-publish","4":"has-post-thumbnail","6":"product_cat-libros-digitales-ebooks","7":"product_tag-descargar-ebook","8":"product_tag-kang-han","9":"product_tag-la-vegetariana","10":"product_tag-mejor-novelas","12":"first","13":"instock","14":"shipping-taxable","15":"purchasable","16":"product-type-variable","17":"has-default-attributes"},"_links":{"self":[{"href":"https:\/\/www.taller-palabras.com\/WordPress_04\/wp-json\/wp\/v2\/product\/10743","targetHints":{"allow":["GET"]}}],"collection":[{"href":"https:\/\/www.taller-palabras.com\/WordPress_04\/wp-json\/wp\/v2\/product"}],"about":[{"href":"https:\/\/www.taller-palabras.com\/WordPress_04\/wp-json\/wp\/v2\/types\/product"}],"wp:featuredmedia":[{"embeddable":true,"href":"https:\/\/www.taller-palabras.com\/WordPress_04\/wp-json\/wp\/v2\/media\/10746"}],"wp:attachment":[{"href":"https:\/\/www.taller-palabras.com\/WordPress_04\/wp-json\/wp\/v2\/media?parent=10743"}],"wp:term":[{"taxonomy":"product_brand","embeddable":true,"href":"https:\/\/www.taller-palabras.com\/WordPress_04\/wp-json\/wp\/v2\/product_brand?post=10743"},{"taxonomy":"product_cat","embeddable":true,"href":"https:\/\/www.taller-palabras.com\/WordPress_04\/wp-json\/wp\/v2\/product_cat?post=10743"},{"taxonomy":"product_tag","embeddable":true,"href":"https:\/\/www.taller-palabras.com\/WordPress_04\/wp-json\/wp\/v2\/product_tag?post=10743"}],"curies":[{"name":"wp","href":"https:\/\/api.w.org\/{rel}","templated":true}]}}