{"id":10801,"date":"2022-10-21T16:54:10","date_gmt":"2022-10-21T19:54:10","guid":{"rendered":"https:\/\/www.taller-palabras.com\/WordPress_04\/?post_type=product&#038;p=10801"},"modified":"2024-10-21T17:02:06","modified_gmt":"2024-10-21T20:02:06","slug":"frankenstein-o-el-moderno-prometeo-mary-shelley-ebook","status":"publish","type":"product","link":"https:\/\/www.taller-palabras.com\/WordPress_04\/producto\/frankenstein-o-el-moderno-prometeo-mary-shelley-ebook","title":{"rendered":"Frankenstein o el moderno Prometeo &#8211; Mary Shelley \/ebook"},"content":{"rendered":"<figure id=\"attachment_10804\" aria-describedby=\"caption-attachment-10804\" style=\"width: 150px\" class=\"wp-caption alignleft\"><img loading=\"lazy\" decoding=\"async\" class=\"wp-image-10804 size-thumbnail\" src=\"https:\/\/www.taller-palabras.com\/WordPress_04\/wp-content\/uploads\/2024\/10\/Mary-Shelley-150x150.png\" alt=\"\" width=\"150\" height=\"150\" srcset=\"https:\/\/www.taller-palabras.com\/WordPress_04\/wp-content\/uploads\/2024\/10\/Mary-Shelley-150x150.png 150w, https:\/\/www.taller-palabras.com\/WordPress_04\/wp-content\/uploads\/2024\/10\/Mary-Shelley-100x100.png 100w, https:\/\/www.taller-palabras.com\/WordPress_04\/wp-content\/uploads\/2024\/10\/Mary-Shelley.png 300w\" sizes=\"auto, (max-width: 150px) 100vw, 150px\" \/><figcaption id=\"caption-attachment-10804\" class=\"wp-caption-text\">Autora Mary Shelley<\/figcaption><\/figure>\n<p>Mary Shelley (1797-1851) fue hija del pensador radical William Godwin \u2014c\u00e9lebre autor del revolucionario ensayo titulado Political Justice y de novelas de tradici\u00f3n g\u00f3tica como \u00abSt Leon\u00bb y Caleb Williams\u2014 y de Mary Wollstonecraft, autora de la m\u00e1s ardiente defensa sobre la educaci\u00f3n y derechos de la mujer que se hubiera hecho hasta entonces, expresada en su obra Vindication of the Rights of Woman. En 1814 conoci\u00f3 al poeta Percy Bysshe Shelley, que ser\u00eda el amor de su vida, y con quien huy\u00f3 al Continente en 1814. En la noche del 17 de junio de 1816, despu\u00e9s de una velada en compa\u00f1\u00eda de Lord Byron, Percy B. Shelley, John W. Polidori, Matthew G. Lewis, entre otros, en la que se discuti\u00f3 sobre el galvanismo, los experimentos del doctor Erasmus Darwin y la posibilidad de descubrir el principio vital y conferirlo a la materia inerte, Mary tuvo una pesadilla en la cual un estudiante obsesionado con la creaci\u00f3n de vida artificial despierta y contempla horrorizado a su espantoso engendro. Este sue\u00f1o fue el primer atisbo de una Criatura que se ha elevado por s\u00ed misma al pedestal de los mitos b\u00e1sicos del terror. A partir de esta visi\u00f3n de pesadilla, Mary Shelley construy\u00f3 Frankenstein, o el moderno Prometeo, una historia que ha estremecido a generaciones de lectores y cuya actualidad permanente han garantizado las numerosas adaptaciones al cine. Una historia destinada no s\u00f3lo a despertar el horror, sino a proponer<\/p>\n","protected":false},"excerpt":{"rendered":"<p>Mary Shelley (1797-1851) fue hija del pensador radical William Godwin \u2014c\u00e9lebre autor del revolucionario ensayo titulado Political Justice y de novelas de tradici\u00f3n g\u00f3tica como \u00abSt Leon\u00bb y Caleb Williams\u2014 y de Mary Wollstonecraft, autora de la m\u00e1s ardiente defensa sobre la educaci\u00f3n y derechos de la mujer que se hubiera hecho hasta entonces, expresada [&hellip;]<\/p>\n","protected":false},"featured_media":10805,"template":"","meta":[],"product_brand":[],"product_cat":[25],"product_tag":[54,1427,1426,1184],"class_list":{"0":"post-10801","1":"product","2":"type-product","3":"status-publish","4":"has-post-thumbnail","6":"product_cat-libros-digitales-ebooks","7":"product_tag-descargar-ebook","8":"product_tag-frankenstein-o-el-moderno-prometeo","9":"product_tag-mary-shelley","10":"product_tag-mejor-novelas","12":"first","13":"instock","14":"shipping-taxable","15":"purchasable","16":"product-type-variable","17":"has-default-attributes"},"_links":{"self":[{"href":"https:\/\/www.taller-palabras.com\/WordPress_04\/wp-json\/wp\/v2\/product\/10801","targetHints":{"allow":["GET"]}}],"collection":[{"href":"https:\/\/www.taller-palabras.com\/WordPress_04\/wp-json\/wp\/v2\/product"}],"about":[{"href":"https:\/\/www.taller-palabras.com\/WordPress_04\/wp-json\/wp\/v2\/types\/product"}],"wp:featuredmedia":[{"embeddable":true,"href":"https:\/\/www.taller-palabras.com\/WordPress_04\/wp-json\/wp\/v2\/media\/10805"}],"wp:attachment":[{"href":"https:\/\/www.taller-palabras.com\/WordPress_04\/wp-json\/wp\/v2\/media?parent=10801"}],"wp:term":[{"taxonomy":"product_brand","embeddable":true,"href":"https:\/\/www.taller-palabras.com\/WordPress_04\/wp-json\/wp\/v2\/product_brand?post=10801"},{"taxonomy":"product_cat","embeddable":true,"href":"https:\/\/www.taller-palabras.com\/WordPress_04\/wp-json\/wp\/v2\/product_cat?post=10801"},{"taxonomy":"product_tag","embeddable":true,"href":"https:\/\/www.taller-palabras.com\/WordPress_04\/wp-json\/wp\/v2\/product_tag?post=10801"}],"curies":[{"name":"wp","href":"https:\/\/api.w.org\/{rel}","templated":true}]}}