{"id":10814,"date":"2021-10-24T13:34:53","date_gmt":"2021-10-24T16:34:53","guid":{"rendered":"https:\/\/www.taller-palabras.com\/WordPress_04\/?post_type=product&#038;p=10814"},"modified":"2024-10-24T14:09:35","modified_gmt":"2024-10-24T17:09:35","slug":"asi-hablo-zaratustra-friedrich-nietzsche-ebook","status":"publish","type":"product","link":"https:\/\/www.taller-palabras.com\/WordPress_04\/producto\/asi-hablo-zaratustra-friedrich-nietzsche-ebook","title":{"rendered":"Asi habl\u00f3 Zaratustra &#8211; Friedrich Nietzsche \/ebook"},"content":{"rendered":"<figure id=\"attachment_10817\" aria-describedby=\"caption-attachment-10817\" style=\"width: 150px\" class=\"wp-caption alignleft\"><img loading=\"lazy\" decoding=\"async\" class=\"wp-image-10817 size-thumbnail\" src=\"https:\/\/www.taller-palabras.com\/WordPress_04\/wp-content\/uploads\/2024\/10\/Friedrich-Nietzsche-150x150.jpg\" alt=\"\" width=\"150\" height=\"150\" srcset=\"https:\/\/www.taller-palabras.com\/WordPress_04\/wp-content\/uploads\/2024\/10\/Friedrich-Nietzsche-150x150.jpg 150w, https:\/\/www.taller-palabras.com\/WordPress_04\/wp-content\/uploads\/2024\/10\/Friedrich-Nietzsche-100x100.jpg 100w, https:\/\/www.taller-palabras.com\/WordPress_04\/wp-content\/uploads\/2024\/10\/Friedrich-Nietzsche.jpg 283w\" sizes=\"auto, (max-width: 150px) 100vw, 150px\" \/><figcaption id=\"caption-attachment-10817\" class=\"wp-caption-text\">Autor Friedrich Nietzsche<\/figcaption><\/figure>\n<p>Nietzsche se sirve de la figura semilegendaria del fil\u00f3sofo persa Zoroastro del s.-VI a.C. para desarrollar su propia doctrina filosof\u00eda. El conjunto del libro narra los discursos que Zaratustra (Zoroastro) pronuncia entre los hombres para anunciar su nueva doctrina. En la primera parte, Nietzsche habla de tres figuras fundamentales del esp\u00edritu: el camello (que soporta el dominio de la moral), el le\u00f3n (que crea una nueva moral, es libre) y el ni\u00f1o (que crea nuevos valores mediante el juego); asimismo, propone la necesidad de considerar las virtudes tradicionales como \u00abadormideras\u00bb, que impiden ver los valores verdaderos. La segunda parte relata la segunda bajada de Zaratustra y Nietzsche ataca a quienes se oponen a la voluntad creadora de una moral libre. Al final de esta parte aparece la visi\u00f3n del \u00abeterno retorno de las cosas\u00bb, que aterroriza a Zaratustra por su radicalidad y es uno de los n\u00facleos de su filosof\u00eda. Pero esta segunda parte termina tambi\u00e9n con un fracaso: Zaratustra regresa a su monta\u00f1a, incomprendido por los hombres que no entienden cuanto dice y se r\u00eden de \u00e9l; el eremita ten\u00eda raz\u00f3n y Zaratustra se da cuenta. La tercera parte tiene una importancia especial. En ella Zaratustra plantea la doctrina del \u00abeterno retorno\u00bb. Nietzsche expone esta doctrina empleando gran cantidad de s\u00edmbolos y discursos aleg\u00f3ricos de gran belleza l\u00edrica. La cuarta y \u00faltima parte presenta a un Zaratustra anciano y desanimado ante el fracaso de su tarea, pero que todav\u00eda tiene la fuerza suficiente para reivindicar la necesidad de aquellos que denomina \u00abhombres superiores\u00bb. \u00c9stos ser\u00e1n los \u00fanicos que podr\u00e1n comprender su doctrina y vivir seg\u00fan la filosof\u00eda que Nietzsche representa: son los verdaderos \u00absuperhombres\u00bb, que habr\u00e1n anulado la mediocridad de la cultura occidental y constituir\u00e1n una nueva clase de fil\u00f3sofos.<\/p>\n","protected":false},"excerpt":{"rendered":"<p>Nietzsche se sirve de la figura semilegendaria del fil\u00f3sofo persa Zoroastro del s.-VI a.C. para desarrollar su propia doctrina filosof\u00eda. El conjunto del libro narra los discursos que Zaratustra (Zoroastro) pronuncia entre los hombres para anunciar su nueva doctrina. En la primera parte, Nietzsche habla de tres figuras fundamentales del esp\u00edritu: el camello (que soporta [&hellip;]<\/p>\n","protected":false},"featured_media":10819,"template":"","meta":[],"product_brand":[],"product_cat":[25],"product_tag":[54,1415,1417,1184],"class_list":{"0":"post-10814","1":"product","2":"type-product","3":"status-publish","4":"has-post-thumbnail","6":"product_cat-libros-digitales-ebooks","7":"product_tag-descargar-ebook","8":"product_tag-kang-han","9":"product_tag-la-clase-de-griego","10":"product_tag-mejor-novelas","12":"first","13":"instock","14":"shipping-taxable","15":"purchasable","16":"product-type-variable","17":"has-default-attributes"},"_links":{"self":[{"href":"https:\/\/www.taller-palabras.com\/WordPress_04\/wp-json\/wp\/v2\/product\/10814","targetHints":{"allow":["GET"]}}],"collection":[{"href":"https:\/\/www.taller-palabras.com\/WordPress_04\/wp-json\/wp\/v2\/product"}],"about":[{"href":"https:\/\/www.taller-palabras.com\/WordPress_04\/wp-json\/wp\/v2\/types\/product"}],"wp:featuredmedia":[{"embeddable":true,"href":"https:\/\/www.taller-palabras.com\/WordPress_04\/wp-json\/wp\/v2\/media\/10819"}],"wp:attachment":[{"href":"https:\/\/www.taller-palabras.com\/WordPress_04\/wp-json\/wp\/v2\/media?parent=10814"}],"wp:term":[{"taxonomy":"product_brand","embeddable":true,"href":"https:\/\/www.taller-palabras.com\/WordPress_04\/wp-json\/wp\/v2\/product_brand?post=10814"},{"taxonomy":"product_cat","embeddable":true,"href":"https:\/\/www.taller-palabras.com\/WordPress_04\/wp-json\/wp\/v2\/product_cat?post=10814"},{"taxonomy":"product_tag","embeddable":true,"href":"https:\/\/www.taller-palabras.com\/WordPress_04\/wp-json\/wp\/v2\/product_tag?post=10814"}],"curies":[{"name":"wp","href":"https:\/\/api.w.org\/{rel}","templated":true}]}}