{"id":10822,"date":"2020-11-24T09:57:02","date_gmt":"2020-11-24T12:57:02","guid":{"rendered":"https:\/\/www.taller-palabras.com\/WordPress_04\/?post_type=product&#038;p=10822"},"modified":"2024-10-24T14:15:37","modified_gmt":"2024-10-24T17:15:37","slug":"la-muerte-en-venecia-thomas-mann-ebook","status":"publish","type":"product","link":"https:\/\/www.taller-palabras.com\/WordPress_04\/producto\/la-muerte-en-venecia-thomas-mann-ebook","title":{"rendered":"La muerte en Venecia &#8211; Thomas Mann \/ebook"},"content":{"rendered":"<figure id=\"attachment_2741\" aria-describedby=\"caption-attachment-2741\" style=\"width: 150px\" class=\"wp-caption alignleft\"><img loading=\"lazy\" decoding=\"async\" class=\"wp-image-2741 size-thumbnail\" src=\"https:\/\/www.taller-palabras.com\/WordPress_04\/wp-content\/uploads\/2020\/11\/Thomasmann-150x150.jpg\" alt=\"\" width=\"150\" height=\"150\" srcset=\"https:\/\/www.taller-palabras.com\/WordPress_04\/wp-content\/uploads\/2020\/11\/Thomasmann-150x150.jpg 150w, https:\/\/www.taller-palabras.com\/WordPress_04\/wp-content\/uploads\/2020\/11\/Thomasmann-100x100.jpg 100w\" sizes=\"auto, (max-width: 150px) 100vw, 150px\" \/><figcaption id=\"caption-attachment-2741\" class=\"wp-caption-text\">Autor Thomas Mann<\/figcaption><\/figure>\n<p>Un compositor envejecido y fatigado descubre, en medio de la decadente belleza veneciana, el espont\u00e1neo atractivo de un angelical adolescente. Tras sufrir una crisis creativa, el compositor Gustav Von Aschenbach llega al Lido de Venecia para pasar una temporada de vacaciones en solitario, con el fin, no s\u00f3lo de reflexionar, sino tambi\u00e9n de dar descanso a un cuerpo extenuado y enfermo. En el Hotel Des Bains llama su atenci\u00f3n una familia de turistas polacos, especialmente el joven Tadzio, un adolescente por el que siente una s\u00fabita e intensa atracci\u00f3n. Contemplar a Tadzio se convierte enseguida para Aschenbach en el momento central de la jornada; y luego de su existencia. A bordo del barco que le lleva a Venecia, Aschenbach observa horrorizado a un viejo maquillado que se arrima sonriendo tontamente a un grupo de muchachos. Pero hacia el final de la historia, cuando sigue extasiado a Tadzio por las callejuelas y los canales de la ciudad, asolada por una epidemia de c\u00f3lera, Aschenbach se ha convertido en ese hombre. La muerte en Venecia, como el propio Mann sosten\u00eda, trata de la p\u00e9rdida de la dignidad del artista, pero Mann examina tambi\u00e9n la relaci\u00f3n entre el arte y la vida. Aschenbach cree que con trabajo y disciplina puede dominar la vida y aun moldearla hasta convertirla en arte. Las desordenadas emociones y la pasi\u00f3n indomable que Tadzio-Dionisos le inspira, le obligar\u00e1n a admitir que esa convicci\u00f3n es una falacia. Los elementos m\u00edticos de la novela ofrecen el contexto necesario para trazar un retrato de la homosexualidad. Escrita con sutileza y con una profunda penetraci\u00f3n psicol\u00f3gica, esta obra es un vivido relato de lo que significa enamorarse. La novela corta era tal vez la forma art\u00edstica ideal para Thomas Mann; e indudablemente, desde sus primeros presagios inquietantes hasta el pat\u00e9tico climax final, es una obra maestra en su g\u00e9nero. Publicada en 1914, esta novela cimentar\u00eda la fama de Mann, que en 1929 recibi\u00f3 el premio Nobel.<\/p>\n","protected":false},"excerpt":{"rendered":"<p>Un compositor envejecido y fatigado descubre, en medio de la decadente belleza veneciana, el espont\u00e1neo atractivo de un angelical adolescente. Tras sufrir una crisis creativa, el compositor Gustav Von Aschenbach llega al Lido de Venecia para pasar una temporada de vacaciones en solitario, con el fin, no s\u00f3lo de reflexionar, sino tambi\u00e9n de dar descanso [&hellip;]<\/p>\n","protected":false},"featured_media":10818,"template":"","meta":[],"product_brand":[],"product_cat":[25],"product_tag":[54,1429,308,323],"class_list":{"0":"post-10822","1":"product","2":"type-product","3":"status-publish","4":"has-post-thumbnail","6":"product_cat-libros-digitales-ebooks","7":"product_tag-descargar-ebook","8":"product_tag-la-muerte-en-venecia","9":"product_tag-mejores-novela","10":"product_tag-thomas-mann","12":"first","13":"instock","14":"shipping-taxable","15":"purchasable","16":"product-type-variable","17":"has-default-attributes"},"_links":{"self":[{"href":"https:\/\/www.taller-palabras.com\/WordPress_04\/wp-json\/wp\/v2\/product\/10822","targetHints":{"allow":["GET"]}}],"collection":[{"href":"https:\/\/www.taller-palabras.com\/WordPress_04\/wp-json\/wp\/v2\/product"}],"about":[{"href":"https:\/\/www.taller-palabras.com\/WordPress_04\/wp-json\/wp\/v2\/types\/product"}],"wp:featuredmedia":[{"embeddable":true,"href":"https:\/\/www.taller-palabras.com\/WordPress_04\/wp-json\/wp\/v2\/media\/10818"}],"wp:attachment":[{"href":"https:\/\/www.taller-palabras.com\/WordPress_04\/wp-json\/wp\/v2\/media?parent=10822"}],"wp:term":[{"taxonomy":"product_brand","embeddable":true,"href":"https:\/\/www.taller-palabras.com\/WordPress_04\/wp-json\/wp\/v2\/product_brand?post=10822"},{"taxonomy":"product_cat","embeddable":true,"href":"https:\/\/www.taller-palabras.com\/WordPress_04\/wp-json\/wp\/v2\/product_cat?post=10822"},{"taxonomy":"product_tag","embeddable":true,"href":"https:\/\/www.taller-palabras.com\/WordPress_04\/wp-json\/wp\/v2\/product_tag?post=10822"}],"curies":[{"name":"wp","href":"https:\/\/api.w.org\/{rel}","templated":true}]}}