{"id":10851,"date":"2023-11-02T11:49:01","date_gmt":"2023-11-02T14:49:01","guid":{"rendered":"https:\/\/www.taller-palabras.com\/WordPress_04\/?post_type=product&#038;p=10851"},"modified":"2024-11-02T11:53:32","modified_gmt":"2024-11-02T14:53:32","slug":"saga-concilio-de-sombras-2-victoria-schwab-ebook","status":"publish","type":"product","link":"https:\/\/www.taller-palabras.com\/WordPress_04\/producto\/saga-concilio-de-sombras-2-victoria-schwab-ebook","title":{"rendered":"Saga: Concilio de sombras (2)- Victoria Schwab  \/ebook"},"content":{"rendered":"<figure id=\"attachment_10848\" aria-describedby=\"caption-attachment-10848\" style=\"width: 150px\" class=\"wp-caption alignleft\"><img loading=\"lazy\" decoding=\"async\" class=\"wp-image-10848 size-thumbnail\" src=\"https:\/\/www.taller-palabras.com\/WordPress_04\/wp-content\/uploads\/2024\/11\/Victoria-Schwab-150x150.jpg\" alt=\"\" width=\"150\" height=\"150\" srcset=\"https:\/\/www.taller-palabras.com\/WordPress_04\/wp-content\/uploads\/2024\/11\/Victoria-Schwab-150x150.jpg 150w, https:\/\/www.taller-palabras.com\/WordPress_04\/wp-content\/uploads\/2024\/11\/Victoria-Schwab-100x100.jpg 100w, https:\/\/www.taller-palabras.com\/WordPress_04\/wp-content\/uploads\/2024\/11\/Victoria-Schwab.jpg 225w\" sizes=\"auto, (max-width: 150px) 100vw, 150px\" \/><figcaption id=\"caption-attachment-10848\" class=\"wp-caption-text\">Autora Victoria Schwab<\/figcaption><\/figure>\n<p>Han pasado cuatro meses desde que una misteriosa piedra obsidiana cay\u00f3 en manos de Kell. Cuatro meses desde que Delilah Bard se cruz\u00f3 en su camino. Cuatro meses desde que el pr\u00edncipe Rhy fue herido y desde que los nefastos mellizos Dane del Londres Blanco cayeron y que la piedra fue arrojada con el cuerpo agonizante de Holland por el abismo de regreso al Londres Negro. Ahora, inquieto tras abandonar su h\u00e1bito de contrabandista, Kell tiene pesadillas sobre alarmantes eventos m\u00e1gicos y no puede dejar de pensar en Lila, que despareci\u00f3 por el muelle tal como lo hab\u00eda planeado. Mientras el Londres Rojo se prepara para los Juegos Elementales \u2014una extravagante competencia internacional de magia pensada para entretener a los pueblos y para mantener las buenas relaciones entre los pa\u00edses vecinos\u2014, cierto barco pirata se acerca, trayendo viejos amigos de regreso al puerto. Y mientras el Londres Rojo est\u00e1 inmerso en el esplendor y las emociones de los Juegos, otro Londres est\u00e1 resurgiendo. El equilibrio de la magia siempre es un peligro y para que una ciudad florezca, otro Londres debe caer\u2026<\/p>\n","protected":false},"excerpt":{"rendered":"<p>Han pasado cuatro meses desde que una misteriosa piedra obsidiana cay\u00f3 en manos de Kell. Cuatro meses desde que Delilah Bard se cruz\u00f3 en su camino. Cuatro meses desde que el pr\u00edncipe Rhy fue herido y desde que los nefastos mellizos Dane del Londres Blanco cayeron y que la piedra fue arrojada con el cuerpo [&hellip;]<\/p>\n","protected":false},"featured_media":10856,"template":"","meta":[],"product_brand":[],"product_cat":[25,47],"product_tag":[1437,54,45,1435],"class_list":{"0":"post-10851","1":"product","2":"type-product","3":"status-publish","4":"has-post-thumbnail","6":"product_cat-libros-digitales-ebooks","7":"product_cat-libros-digitales-sagas","8":"product_tag-concilio-de-sombras","9":"product_tag-descargar-ebook","10":"product_tag-mejor-novela","11":"product_tag-victoria-schwab","13":"first","14":"instock","15":"shipping-taxable","16":"purchasable","17":"product-type-variable","18":"has-default-attributes"},"_links":{"self":[{"href":"https:\/\/www.taller-palabras.com\/WordPress_04\/wp-json\/wp\/v2\/product\/10851","targetHints":{"allow":["GET"]}}],"collection":[{"href":"https:\/\/www.taller-palabras.com\/WordPress_04\/wp-json\/wp\/v2\/product"}],"about":[{"href":"https:\/\/www.taller-palabras.com\/WordPress_04\/wp-json\/wp\/v2\/types\/product"}],"wp:featuredmedia":[{"embeddable":true,"href":"https:\/\/www.taller-palabras.com\/WordPress_04\/wp-json\/wp\/v2\/media\/10856"}],"wp:attachment":[{"href":"https:\/\/www.taller-palabras.com\/WordPress_04\/wp-json\/wp\/v2\/media?parent=10851"}],"wp:term":[{"taxonomy":"product_brand","embeddable":true,"href":"https:\/\/www.taller-palabras.com\/WordPress_04\/wp-json\/wp\/v2\/product_brand?post=10851"},{"taxonomy":"product_cat","embeddable":true,"href":"https:\/\/www.taller-palabras.com\/WordPress_04\/wp-json\/wp\/v2\/product_cat?post=10851"},{"taxonomy":"product_tag","embeddable":true,"href":"https:\/\/www.taller-palabras.com\/WordPress_04\/wp-json\/wp\/v2\/product_tag?post=10851"}],"curies":[{"name":"wp","href":"https:\/\/api.w.org\/{rel}","templated":true}]}}