{"id":10857,"date":"2023-11-02T11:53:59","date_gmt":"2023-11-02T14:53:59","guid":{"rendered":"https:\/\/www.taller-palabras.com\/WordPress_04\/?post_type=product&#038;p=10857"},"modified":"2024-11-02T11:57:38","modified_gmt":"2024-11-02T14:57:38","slug":"saga-una-magia-mas-oscura-1-victoria-schwab-ebook","status":"publish","type":"product","link":"https:\/\/www.taller-palabras.com\/WordPress_04\/producto\/saga-una-magia-mas-oscura-1-victoria-schwab-ebook","title":{"rendered":"Saga: Una magia m\u00e1s oscura (1)- Victoria Schwab  \/ebook"},"content":{"rendered":"<figure id=\"attachment_10848\" aria-describedby=\"caption-attachment-10848\" style=\"width: 150px\" class=\"wp-caption alignleft\"><img loading=\"lazy\" decoding=\"async\" class=\"wp-image-10848 size-thumbnail\" src=\"https:\/\/www.taller-palabras.com\/WordPress_04\/wp-content\/uploads\/2024\/11\/Victoria-Schwab-150x150.jpg\" alt=\"\" width=\"150\" height=\"150\" srcset=\"https:\/\/www.taller-palabras.com\/WordPress_04\/wp-content\/uploads\/2024\/11\/Victoria-Schwab-150x150.jpg 150w, https:\/\/www.taller-palabras.com\/WordPress_04\/wp-content\/uploads\/2024\/11\/Victoria-Schwab-100x100.jpg 100w, https:\/\/www.taller-palabras.com\/WordPress_04\/wp-content\/uploads\/2024\/11\/Victoria-Schwab.jpg 225w\" sizes=\"auto, (max-width: 150px) 100vw, 150px\" \/><figcaption id=\"caption-attachment-10848\" class=\"wp-caption-text\">Autora Victoria Schwab<\/figcaption><\/figure>\n<p>Kell es uno de los \u00faltimos magos viajeros con una extra\u00f1a habilidad para viajar entre universos paralelos conectados por una ciudad m\u00e1gica. Existe un Londres Gris, sin magia y con un rey loco: el rey George\u00a0III. Un Londres Rojo, donde se honra la vida y la magia y donde Kell creci\u00f3 junto a Rhy Maresh, heredera de un imperio esplendoroso. Un Londres Blanco, donde la lucha por controlar la magia dej\u00f3 una ciudad en ruinas. Y mucho tiempo atr\u00e1s, hab\u00eda un Londres Negro. Pero ya nadie habla de eso. Oficialmente, Kell es el viajero Rojo, embajador del imperio de Maresh y responsable de circular la correspondencia entre los nobles de cada Londres. Extraoficialmente, es un contrabandista, al servicio de quienes est\u00e9n dispuestos a pagar por objetos de mundos que jam\u00e1s ver\u00e1n. Se trata de un hobby con consecuencias mortales, que ahora sufre en primera persona. En viaje, Kell se topa con Delilah Bard, una ladrona con aspiraciones idealistas. Ella le roba, lo salva de un enemigo letal y finalmente lo obliga a llevarla a otro mundo en busca de aventuras. Una magia peligrosa emerge y la traici\u00f3n acecha en cada rinc\u00f3n. Para mantener a todos los mundos a salvo, tendr\u00e1n primero que pelear por seguir con vida.<\/p>\n","protected":false},"excerpt":{"rendered":"<p>Kell es uno de los \u00faltimos magos viajeros con una extra\u00f1a habilidad para viajar entre universos paralelos conectados por una ciudad m\u00e1gica. Existe un Londres Gris, sin magia y con un rey loco: el rey George\u00a0III. Un Londres Rojo, donde se honra la vida y la magia y donde Kell creci\u00f3 junto a Rhy Maresh, [&hellip;]<\/p>\n","protected":false},"featured_media":10860,"template":"","meta":[],"product_brand":[],"product_cat":[25,47],"product_tag":[54,45,1438,1435],"class_list":{"0":"post-10857","1":"product","2":"type-product","3":"status-publish","4":"has-post-thumbnail","6":"product_cat-libros-digitales-ebooks","7":"product_cat-libros-digitales-sagas","8":"product_tag-descargar-ebook","9":"product_tag-mejor-novela","10":"product_tag-una-magia-mas-oscura","11":"product_tag-victoria-schwab","13":"first","14":"instock","15":"shipping-taxable","16":"purchasable","17":"product-type-variable","18":"has-default-attributes"},"_links":{"self":[{"href":"https:\/\/www.taller-palabras.com\/WordPress_04\/wp-json\/wp\/v2\/product\/10857","targetHints":{"allow":["GET"]}}],"collection":[{"href":"https:\/\/www.taller-palabras.com\/WordPress_04\/wp-json\/wp\/v2\/product"}],"about":[{"href":"https:\/\/www.taller-palabras.com\/WordPress_04\/wp-json\/wp\/v2\/types\/product"}],"wp:featuredmedia":[{"embeddable":true,"href":"https:\/\/www.taller-palabras.com\/WordPress_04\/wp-json\/wp\/v2\/media\/10860"}],"wp:attachment":[{"href":"https:\/\/www.taller-palabras.com\/WordPress_04\/wp-json\/wp\/v2\/media?parent=10857"}],"wp:term":[{"taxonomy":"product_brand","embeddable":true,"href":"https:\/\/www.taller-palabras.com\/WordPress_04\/wp-json\/wp\/v2\/product_brand?post=10857"},{"taxonomy":"product_cat","embeddable":true,"href":"https:\/\/www.taller-palabras.com\/WordPress_04\/wp-json\/wp\/v2\/product_cat?post=10857"},{"taxonomy":"product_tag","embeddable":true,"href":"https:\/\/www.taller-palabras.com\/WordPress_04\/wp-json\/wp\/v2\/product_tag?post=10857"}],"curies":[{"name":"wp","href":"https:\/\/api.w.org\/{rel}","templated":true}]}}