{"id":10869,"date":"2024-08-23T13:25:27","date_gmt":"2024-08-23T16:25:27","guid":{"rendered":"https:\/\/www.taller-palabras.com\/WordPress_04\/?post_type=product&#038;p=10869"},"modified":"2026-04-28T16:56:19","modified_gmt":"2026-04-28T19:56:19","slug":"buenos-presagios-pratchett-gaiman-ebook","status":"publish","type":"product","link":"https:\/\/www.taller-palabras.com\/WordPress_04\/producto\/buenos-presagios-pratchett-gaiman-ebook","title":{"rendered":"Buenos presagios &#8211; Pratchett &#8211; Gaiman \/ebook"},"content":{"rendered":"<figure id=\"attachment_10873\" aria-describedby=\"caption-attachment-10873\" style=\"width: 150px\" class=\"wp-caption alignleft\"><img loading=\"lazy\" decoding=\"async\" class=\"wp-image-10873 size-thumbnail\" src=\"https:\/\/www.taller-palabras.com\/WordPress_04\/wp-content\/uploads\/2024\/11\/Pratchett-Gaiman-150x150.jpg\" alt=\"\" width=\"150\" height=\"150\" srcset=\"https:\/\/www.taller-palabras.com\/WordPress_04\/wp-content\/uploads\/2024\/11\/Pratchett-Gaiman-150x150.jpg 150w, https:\/\/www.taller-palabras.com\/WordPress_04\/wp-content\/uploads\/2024\/11\/Pratchett-Gaiman-100x100.jpg 100w, https:\/\/www.taller-palabras.com\/WordPress_04\/wp-content\/uploads\/2024\/11\/Pratchett-Gaiman.jpg 283w\" sizes=\"auto, (max-width: 150px) 100vw, 150px\" \/><figcaption id=\"caption-attachment-10873\" class=\"wp-caption-text\">Autores Terry Pratchett y Neil Gaiman<\/figcaption><\/figure>\n<p>Seg\u00fan Las Buenas y Acertadas profec\u00edas de Agnes la Chalada, Bruja (el \u00fanico libro fiable de profec\u00edas, escrito en 1655, antes de que ella explotara), el fin del mundo tendr\u00e1 lugar el pr\u00f3ximo s\u00e1bado. Los ej\u00e9rcitos del Bien y del Mal se est\u00e1n agrupando, la Atl\u00e1ntida est\u00e1 resurgiendo, llueven sapos y los \u00e1nimos est\u00e1n algo alterados as\u00ed que\u2026 todo parece ajustarse al Plan Divino. De no ser por un \u00e1ngel quisquilloso y un demonio buscavidas que han vivido a costa de los mortales desde el comienzo de los tiempos y que no est\u00e1n dispuestos a aceptar tan f\u00e1cilmente eso del \u00abFin de la civilizaci\u00f3n tal y como la conocemos\u00bb. Y\u2026 \u00a1vaya por Dios! \u00a1Parece que alguien ha hecho desaparecer al Anticristo!<\/p>\n","protected":false},"excerpt":{"rendered":"<p>Seg\u00fan Las Buenas y Acertadas profec\u00edas de Agnes la Chalada, Bruja (el \u00fanico libro fiable de profec\u00edas, escrito en 1655, antes de que ella explotara), el fin del mundo tendr\u00e1 lugar el pr\u00f3ximo s\u00e1bado. Los ej\u00e9rcitos del Bien y del Mal se est\u00e1n agrupando, la Atl\u00e1ntida est\u00e1 resurgiendo, llueven sapos y los \u00e1nimos est\u00e1n algo [&hellip;]<\/p>\n","protected":false},"featured_media":10872,"template":"","meta":[],"product_brand":[],"product_cat":[25],"product_tag":[1439,54,45,1075,499],"class_list":{"0":"post-10869","1":"product","2":"type-product","3":"status-publish","4":"has-post-thumbnail","6":"product_cat-libros-digitales-ebooks","7":"product_tag-buenos-presagios","8":"product_tag-descargar-ebook","9":"product_tag-mejor-novela","10":"product_tag-neil-gaiman","11":"product_tag-terry-pratchett","13":"first","14":"instock","15":"shipping-taxable","16":"purchasable","17":"product-type-variable","18":"has-default-attributes"},"_links":{"self":[{"href":"https:\/\/www.taller-palabras.com\/WordPress_04\/wp-json\/wp\/v2\/product\/10869","targetHints":{"allow":["GET"]}}],"collection":[{"href":"https:\/\/www.taller-palabras.com\/WordPress_04\/wp-json\/wp\/v2\/product"}],"about":[{"href":"https:\/\/www.taller-palabras.com\/WordPress_04\/wp-json\/wp\/v2\/types\/product"}],"wp:featuredmedia":[{"embeddable":true,"href":"https:\/\/www.taller-palabras.com\/WordPress_04\/wp-json\/wp\/v2\/media\/10872"}],"wp:attachment":[{"href":"https:\/\/www.taller-palabras.com\/WordPress_04\/wp-json\/wp\/v2\/media?parent=10869"}],"wp:term":[{"taxonomy":"product_brand","embeddable":true,"href":"https:\/\/www.taller-palabras.com\/WordPress_04\/wp-json\/wp\/v2\/product_brand?post=10869"},{"taxonomy":"product_cat","embeddable":true,"href":"https:\/\/www.taller-palabras.com\/WordPress_04\/wp-json\/wp\/v2\/product_cat?post=10869"},{"taxonomy":"product_tag","embeddable":true,"href":"https:\/\/www.taller-palabras.com\/WordPress_04\/wp-json\/wp\/v2\/product_tag?post=10869"}],"curies":[{"name":"wp","href":"https:\/\/api.w.org\/{rel}","templated":true}]}}