{"id":10874,"date":"2024-08-23T14:51:13","date_gmt":"2024-08-23T17:51:13","guid":{"rendered":"https:\/\/www.taller-palabras.com\/WordPress_04\/?post_type=product&#038;p=10874"},"modified":"2024-11-03T11:17:44","modified_gmt":"2024-11-03T14:17:44","slug":"autobiografia-angela-davis-toni-morrison-ebook","status":"publish","type":"product","link":"https:\/\/www.taller-palabras.com\/WordPress_04\/producto\/autobiografia-angela-davis-toni-morrison-ebook","title":{"rendered":"Autobiograf\u00eda &#8211; Angela Davis &#038; Toni Morrison  \/ebook"},"content":{"rendered":"<figure id=\"attachment_10877\" aria-describedby=\"caption-attachment-10877\" style=\"width: 150px\" class=\"wp-caption alignleft\"><img loading=\"lazy\" decoding=\"async\" class=\"wp-image-10877 size-thumbnail\" src=\"https:\/\/www.taller-palabras.com\/WordPress_04\/wp-content\/uploads\/2024\/11\/Morrison.Davis_-150x150.png\" alt=\"\" width=\"150\" height=\"150\" srcset=\"https:\/\/www.taller-palabras.com\/WordPress_04\/wp-content\/uploads\/2024\/11\/Morrison.Davis_-150x150.png 150w, https:\/\/www.taller-palabras.com\/WordPress_04\/wp-content\/uploads\/2024\/11\/Morrison.Davis_-100x100.png 100w, https:\/\/www.taller-palabras.com\/WordPress_04\/wp-content\/uploads\/2024\/11\/Morrison.Davis_.png 283w\" sizes=\"auto, (max-width: 150px) 100vw, 150px\" \/><figcaption id=\"caption-attachment-10877\" class=\"wp-caption-text\">Autoras Toni Morrison y Angela Davis<\/figcaption><\/figure>\n<p>Publicada en 1974 y escrita cuando ten\u00eda 28 a\u00f1os, la autobiograf\u00eda de Angela Davis, con la ayuda y supervisi\u00f3n de Toni Morrison (premio Nobel, 1993) es una radiograf\u00eda fundamental de las luchas sociales en Estados Unidos durante los a\u00f1os sesenta y setenta, periodo en el que se convirti\u00f3 en un icono del Movimiento de Liberaci\u00f3n Negro. Davis ten\u00eda las experiencias y Morrison el olfato. Esta \u00faltima le hac\u00eda las preguntas precisas para que la primera plasmase en palabras la imagen mental que todos los lectores querr\u00edan conocer. Durante esos meses, Angela se mud\u00f3 con Morrison y qued\u00f3 fascinada por la capacidad de Morrison.\u201cToni puede ser muy, muy persuasiva, y no pas\u00f3 mucho tiempo antes de que me convenciera de que pod\u00eda escribir un libro que ser\u00eda m\u00e1s un relato pol\u00edtico que una autobiograf\u00eda individual\u201d. En sus p\u00e1ginas, Davis expone el punto de vista de una militante afroamericana y su particular visi\u00f3n del movimiento negro y el feminismo, en uno de los momentos m\u00e1s efervescentes de la historia pol\u00edtica reciente, cuando el imperialismo norteamericano estaba a la defensiva tanto en el exterior (Vietnam, frentes de liberaci\u00f3n, etc.) como en el interior. Fue en este periodo cuando fue perseguida y encarcelada por diversas autoridades, falsamente acusada de secuestro, conspiraci\u00f3n y asesinato. M\u00e1s que ideas abstractas, teor\u00edas o ejercicios intelectuales triviales, lo que encontramos en este volumen es una profunda preocupaci\u00f3n por la dignidad de la gente, en un momento hist\u00f3rico en el que la lucha por estos valores se libraba a vida o muerte. Y Davis luch\u00f3 por la vida de muchos como si fuera por la suya propia.<\/p>\n","protected":false},"excerpt":{"rendered":"<p>Publicada en 1974 y escrita cuando ten\u00eda 28 a\u00f1os, la autobiograf\u00eda de Angela Davis, con la ayuda y supervisi\u00f3n de Toni Morrison (premio Nobel, 1993) es una radiograf\u00eda fundamental de las luchas sociales en Estados Unidos durante los a\u00f1os sesenta y setenta, periodo en el que se convirti\u00f3 en un icono del Movimiento de Liberaci\u00f3n [&hellip;]<\/p>\n","protected":false},"featured_media":10880,"template":"","meta":[],"product_brand":[],"product_cat":[25],"product_tag":[1440,503,54,45,376],"class_list":{"0":"post-10874","1":"product","2":"type-product","3":"status-publish","4":"has-post-thumbnail","6":"product_cat-libros-digitales-ebooks","7":"product_tag-angela-davis","8":"product_tag-autobiografia","9":"product_tag-descargar-ebook","10":"product_tag-mejor-novela","11":"product_tag-toni-morrison","13":"first","14":"instock","15":"shipping-taxable","16":"purchasable","17":"product-type-variable","18":"has-default-attributes"},"_links":{"self":[{"href":"https:\/\/www.taller-palabras.com\/WordPress_04\/wp-json\/wp\/v2\/product\/10874","targetHints":{"allow":["GET"]}}],"collection":[{"href":"https:\/\/www.taller-palabras.com\/WordPress_04\/wp-json\/wp\/v2\/product"}],"about":[{"href":"https:\/\/www.taller-palabras.com\/WordPress_04\/wp-json\/wp\/v2\/types\/product"}],"wp:featuredmedia":[{"embeddable":true,"href":"https:\/\/www.taller-palabras.com\/WordPress_04\/wp-json\/wp\/v2\/media\/10880"}],"wp:attachment":[{"href":"https:\/\/www.taller-palabras.com\/WordPress_04\/wp-json\/wp\/v2\/media?parent=10874"}],"wp:term":[{"taxonomy":"product_brand","embeddable":true,"href":"https:\/\/www.taller-palabras.com\/WordPress_04\/wp-json\/wp\/v2\/product_brand?post=10874"},{"taxonomy":"product_cat","embeddable":true,"href":"https:\/\/www.taller-palabras.com\/WordPress_04\/wp-json\/wp\/v2\/product_cat?post=10874"},{"taxonomy":"product_tag","embeddable":true,"href":"https:\/\/www.taller-palabras.com\/WordPress_04\/wp-json\/wp\/v2\/product_tag?post=10874"}],"curies":[{"name":"wp","href":"https:\/\/api.w.org\/{rel}","templated":true}]}}