{"id":10917,"date":"2023-08-02T13:20:10","date_gmt":"2023-08-02T16:20:10","guid":{"rendered":"https:\/\/www.taller-palabras.com\/WordPress_04\/?post_type=product&#038;p=10917"},"modified":"2024-11-21T15:45:30","modified_gmt":"2024-11-21T18:45:30","slug":"el-sueno-de-los-heroes-adolfo-bioy-casares-ebook","status":"publish","type":"product","link":"https:\/\/www.taller-palabras.com\/WordPress_04\/producto\/el-sueno-de-los-heroes-adolfo-bioy-casares-ebook","title":{"rendered":"El sue\u00f1o de los heroes &#8211; Adolfo Bioy Casares \/ebook"},"content":{"rendered":"<figure id=\"attachment_7423\" aria-describedby=\"caption-attachment-7423\" style=\"width: 150px\" class=\"wp-caption alignleft\"><img loading=\"lazy\" decoding=\"async\" class=\"wp-image-7423 size-thumbnail\" src=\"https:\/\/www.taller-palabras.com\/WordPress_04\/wp-content\/uploads\/2023\/08\/Adolfo-Bioy-Casares-150x150.jpg\" alt=\"\" width=\"150\" height=\"150\" srcset=\"https:\/\/www.taller-palabras.com\/WordPress_04\/wp-content\/uploads\/2023\/08\/Adolfo-Bioy-Casares-150x150.jpg 150w, https:\/\/www.taller-palabras.com\/WordPress_04\/wp-content\/uploads\/2023\/08\/Adolfo-Bioy-Casares-100x100.jpg 100w, https:\/\/www.taller-palabras.com\/WordPress_04\/wp-content\/uploads\/2023\/08\/Adolfo-Bioy-Casares.jpg 200w\" sizes=\"auto, (max-width: 150px) 100vw, 150px\" \/><figcaption id=\"caption-attachment-7423\" class=\"wp-caption-text\">Autor Adolfo Bioy Casares<\/figcaption><\/figure>\n<p>Las preocupaciones y los temas caracter\u00edsticos de los relatos de Adolfo Bioy Casares se dan cita nuevamente en El sue\u00f1o de los h\u00e9roes, novela en la que lo fant\u00e1stico irrumpe en la trivialidad cotidiana de una pandilla de amigos que, durante tres d\u00edas del carnaval de 1927, recorren los suburbios de Buenos Aires en busca de aventuras y diversiones. Articulada en torno al enfrentamiento entre el turbio doctor Valerga y Emilio Gauna y a la pasi\u00f3n de este por Clara, el cruce entre espacios y tiempos diferentes adquiere en esta ocasi\u00f3n un tono sombr\u00edo y dram\u00e1tico, ya que el intento de regresar al pasado ignora de forma imprudente que ese peligroso viaje no implica la repetici\u00f3n de las situaciones vividas, sino que puede dar lugar al despliegue de posibilidades anteriormente evitadas.<\/p>\n<p>&nbsp;<\/p>\n","protected":false},"excerpt":{"rendered":"<p>Las preocupaciones y los temas caracter\u00edsticos de los relatos de Adolfo Bioy Casares se dan cita nuevamente en El sue\u00f1o de los h\u00e9roes, novela en la que lo fant\u00e1stico irrumpe en la trivialidad cotidiana de una pandilla de amigos que, durante tres d\u00edas del carnaval de 1927, recorren los suburbios de Buenos Aires en busca [&hellip;]<\/p>\n","protected":false},"featured_media":10920,"template":"","meta":[],"product_brand":[],"product_cat":[25],"product_tag":[1084,54,1442,45],"class_list":{"0":"post-10917","1":"product","2":"type-product","3":"status-publish","4":"has-post-thumbnail","6":"product_cat-libros-digitales-ebooks","7":"product_tag-adolfo-bioy-casares","8":"product_tag-descargar-ebook","9":"product_tag-el-sueno-de-los-heroes","10":"product_tag-mejor-novela","12":"first","13":"instock","14":"shipping-taxable","15":"purchasable","16":"product-type-variable","17":"has-default-attributes"},"_links":{"self":[{"href":"https:\/\/www.taller-palabras.com\/WordPress_04\/wp-json\/wp\/v2\/product\/10917","targetHints":{"allow":["GET"]}}],"collection":[{"href":"https:\/\/www.taller-palabras.com\/WordPress_04\/wp-json\/wp\/v2\/product"}],"about":[{"href":"https:\/\/www.taller-palabras.com\/WordPress_04\/wp-json\/wp\/v2\/types\/product"}],"wp:featuredmedia":[{"embeddable":true,"href":"https:\/\/www.taller-palabras.com\/WordPress_04\/wp-json\/wp\/v2\/media\/10920"}],"wp:attachment":[{"href":"https:\/\/www.taller-palabras.com\/WordPress_04\/wp-json\/wp\/v2\/media?parent=10917"}],"wp:term":[{"taxonomy":"product_brand","embeddable":true,"href":"https:\/\/www.taller-palabras.com\/WordPress_04\/wp-json\/wp\/v2\/product_brand?post=10917"},{"taxonomy":"product_cat","embeddable":true,"href":"https:\/\/www.taller-palabras.com\/WordPress_04\/wp-json\/wp\/v2\/product_cat?post=10917"},{"taxonomy":"product_tag","embeddable":true,"href":"https:\/\/www.taller-palabras.com\/WordPress_04\/wp-json\/wp\/v2\/product_tag?post=10917"}],"curies":[{"name":"wp","href":"https:\/\/api.w.org\/{rel}","templated":true}]}}