{"id":10931,"date":"2021-02-11T10:54:23","date_gmt":"2021-02-11T13:54:23","guid":{"rendered":"https:\/\/www.taller-palabras.com\/WordPress_04\/?post_type=product&#038;p=10931"},"modified":"2026-03-31T12:11:58","modified_gmt":"2026-03-31T15:11:58","slug":"final-del-juego-julio-cortazar-ebook","status":"publish","type":"product","link":"https:\/\/www.taller-palabras.com\/WordPress_04\/producto\/final-del-juego-julio-cortazar-ebook","title":{"rendered":"Final del juego  &#8211; Julio Cort\u00e1zar\/ebook"},"content":{"rendered":"<figure id=\"attachment_2903\" aria-describedby=\"caption-attachment-2903\" style=\"width: 150px\" class=\"wp-caption alignleft\"><img loading=\"lazy\" decoding=\"async\" class=\"wp-image-2903 size-thumbnail\" src=\"https:\/\/www.taller-palabras.com\/WordPress_04\/wp-content\/uploads\/2020\/12\/Julio_Cortazar-150x150.jpg\" alt=\"\" width=\"150\" height=\"150\" srcset=\"https:\/\/www.taller-palabras.com\/WordPress_04\/wp-content\/uploads\/2020\/12\/Julio_Cortazar-150x150.jpg 150w, https:\/\/www.taller-palabras.com\/WordPress_04\/wp-content\/uploads\/2020\/12\/Julio_Cortazar-100x100.jpg 100w\" sizes=\"auto, (max-width: 150px) 100vw, 150px\" \/><figcaption id=\"caption-attachment-2903\" class=\"wp-caption-text\">Autor Julio Cort\u00e1zar<\/figcaption><\/figure>\n<p style=\"text-align: left;\">Final del juego es una de las colecciones de cuentos m\u00e1s importantes de la segunda mitad del siglo XX. Empe\u00f1ado en transgredir las leyes de la narrativa convencional, en estos dieciocho relatos Julio Cort\u00e1zar combina la intertextualidad, un uso in\u00e9dito de lo coloquial y el juego interminable para hacer entrar al lector en un particular\u00edsimo universo donde nada es lo que parece. No se trata de simple literatura: a lo que nos invita el autor argentino es a sospechar de la seriedad y el racionalismo cr\u00e9dulo de nuestro mundo.<\/p>\n<p style=\"text-align: left;\">Carlos Fuentes<\/p>\n","protected":false},"excerpt":{"rendered":"<p>Final del juego es una de las colecciones de cuentos m\u00e1s importantes de la segunda mitad del siglo XX. Empe\u00f1ado en transgredir las leyes de la narrativa convencional, en estos dieciocho relatos Julio Cort\u00e1zar combina la intertextualidad, un uso in\u00e9dito de lo coloquial y el juego interminable para hacer entrar al lector en un particular\u00edsimo [&hellip;]<\/p>\n","protected":false},"featured_media":10934,"template":"","meta":[],"product_brand":[1706],"product_cat":[25],"product_tag":[54,1444,348],"class_list":{"0":"post-10931","1":"product","2":"type-product","3":"status-publish","4":"has-post-thumbnail","6":"product_brand-grupo1","7":"product_cat-libros-digitales-ebooks","8":"product_tag-descargar-ebook","9":"product_tag-final-del-juego","10":"product_tag-julio-cortazar","12":"first","13":"instock","14":"shipping-taxable","15":"purchasable","16":"product-type-variable","17":"has-default-attributes"},"_links":{"self":[{"href":"https:\/\/www.taller-palabras.com\/WordPress_04\/wp-json\/wp\/v2\/product\/10931","targetHints":{"allow":["GET"]}}],"collection":[{"href":"https:\/\/www.taller-palabras.com\/WordPress_04\/wp-json\/wp\/v2\/product"}],"about":[{"href":"https:\/\/www.taller-palabras.com\/WordPress_04\/wp-json\/wp\/v2\/types\/product"}],"wp:featuredmedia":[{"embeddable":true,"href":"https:\/\/www.taller-palabras.com\/WordPress_04\/wp-json\/wp\/v2\/media\/10934"}],"wp:attachment":[{"href":"https:\/\/www.taller-palabras.com\/WordPress_04\/wp-json\/wp\/v2\/media?parent=10931"}],"wp:term":[{"taxonomy":"product_brand","embeddable":true,"href":"https:\/\/www.taller-palabras.com\/WordPress_04\/wp-json\/wp\/v2\/product_brand?post=10931"},{"taxonomy":"product_cat","embeddable":true,"href":"https:\/\/www.taller-palabras.com\/WordPress_04\/wp-json\/wp\/v2\/product_cat?post=10931"},{"taxonomy":"product_tag","embeddable":true,"href":"https:\/\/www.taller-palabras.com\/WordPress_04\/wp-json\/wp\/v2\/product_tag?post=10931"}],"curies":[{"name":"wp","href":"https:\/\/api.w.org\/{rel}","templated":true}]}}