{"id":10937,"date":"2024-03-29T14:06:55","date_gmt":"2024-03-29T17:06:55","guid":{"rendered":"https:\/\/www.taller-palabras.com\/WordPress_04\/?post_type=product&#038;p=10937"},"modified":"2024-11-28T12:58:21","modified_gmt":"2024-11-28T15:58:21","slug":"la-forma-de-las-ruinas-juan-gabriel-vasquez-ebook","status":"publish","type":"product","link":"https:\/\/www.taller-palabras.com\/WordPress_04\/producto\/la-forma-de-las-ruinas-juan-gabriel-vasquez-ebook","title":{"rendered":"La forma de las ruinas &#8211; Juan Gabriel V\u00e1squez \/ebook"},"content":{"rendered":"<figure id=\"attachment_9423\" aria-describedby=\"caption-attachment-9423\" style=\"width: 150px\" class=\"wp-caption alignleft\"><img loading=\"lazy\" decoding=\"async\" class=\"wp-image-9423 size-thumbnail\" src=\"https:\/\/www.taller-palabras.com\/WordPress_04\/wp-content\/uploads\/2024\/03\/Juan-Gabriel-Velasquez-150x150.jpg\" alt=\"\" width=\"150\" height=\"150\" srcset=\"https:\/\/www.taller-palabras.com\/WordPress_04\/wp-content\/uploads\/2024\/03\/Juan-Gabriel-Velasquez-150x150.jpg 150w, https:\/\/www.taller-palabras.com\/WordPress_04\/wp-content\/uploads\/2024\/03\/Juan-Gabriel-Velasquez-100x100.jpg 100w\" sizes=\"auto, (max-width: 150px) 100vw, 150px\" \/><figcaption id=\"caption-attachment-9423\" class=\"wp-caption-text\">Autor Juan Gabriel V\u00e1squez<\/figcaption><\/figure>\n<p>En el a\u00f1o 2014, Carlos Carballo es arrestado por intentar robar de un museo el traje de pa\u00f1o de Jorge Eli\u00e9cer Gait\u00e1n, l\u00edder pol\u00edtico asesinado en Bogot\u00e1 en 1948. Carballo es un hombre atormentado que busca se\u00f1ales para desentra\u00f1ar los misterios de un pasado que lo obsesiona. Pero nadie, ni siquiera sus amigos m\u00e1s cercanos, sospecha las razones profundas de su obsesi\u00f3n. \u00bfQu\u00e9 conecta los asesinatos de Jorge Eli\u00e9cer Gait\u00e1n, cuya muerte parti\u00f3 en dos la historia de Colombia, y de John F. Kennedy? \u00bfDe qu\u00e9 forma puede un crimen ocurrido en 1914, el del senador liberal colombiano Rafael Uribe Uribe, marcar la vida de un hombre en el siglo XXI? Para Carballo todo est\u00e1 conectado, y las coincidencias no existen. Tras un encuentro fortuito con este hombre misterioso, el escritor Juan Gabriel V\u00e1squez se ve obligado a internarse en los secretos de una vida ajena, al tiempo que se enfrenta a los momentos m\u00e1s oscuros del pasado colombiano.<br \/>\nLa forma de las ruinas es al mismo tiempo una intriga de investigadores e investigados, una novela profundamente autobiogr\u00e1fica y una intensa exploraci\u00f3n hist\u00f3rica. Una lectura compulsiva, tan bella y honda como apasionante, y una indagaci\u00f3n magistral en las verdades inciertas de un pa\u00eds que no acaba de conocerse.<\/p>\n","protected":false},"excerpt":{"rendered":"<p>En el a\u00f1o 2014, Carlos Carballo es arrestado por intentar robar de un museo el traje de pa\u00f1o de Jorge Eli\u00e9cer Gait\u00e1n, l\u00edder pol\u00edtico asesinado en Bogot\u00e1 en 1948. Carballo es un hombre atormentado que busca se\u00f1ales para desentra\u00f1ar los misterios de un pasado que lo obsesiona. Pero nadie, ni siquiera sus amigos m\u00e1s cercanos, [&hellip;]<\/p>\n","protected":false},"featured_media":10942,"template":"","meta":[],"product_brand":[],"product_cat":[25],"product_tag":[1181,1287,1445,225],"class_list":{"0":"post-10937","1":"product","2":"type-product","3":"status-publish","4":"has-post-thumbnail","6":"product_cat-libros-digitales-ebooks","7":"product_tag-descargar-ebooks","8":"product_tag-juan-gabriel-vasquez","9":"product_tag-la-forma-de-las-ruinas","10":"product_tag-mejores-novelas","12":"first","13":"instock","14":"shipping-taxable","15":"purchasable","16":"product-type-variable","17":"has-default-attributes"},"_links":{"self":[{"href":"https:\/\/www.taller-palabras.com\/WordPress_04\/wp-json\/wp\/v2\/product\/10937","targetHints":{"allow":["GET"]}}],"collection":[{"href":"https:\/\/www.taller-palabras.com\/WordPress_04\/wp-json\/wp\/v2\/product"}],"about":[{"href":"https:\/\/www.taller-palabras.com\/WordPress_04\/wp-json\/wp\/v2\/types\/product"}],"wp:featuredmedia":[{"embeddable":true,"href":"https:\/\/www.taller-palabras.com\/WordPress_04\/wp-json\/wp\/v2\/media\/10942"}],"wp:attachment":[{"href":"https:\/\/www.taller-palabras.com\/WordPress_04\/wp-json\/wp\/v2\/media?parent=10937"}],"wp:term":[{"taxonomy":"product_brand","embeddable":true,"href":"https:\/\/www.taller-palabras.com\/WordPress_04\/wp-json\/wp\/v2\/product_brand?post=10937"},{"taxonomy":"product_cat","embeddable":true,"href":"https:\/\/www.taller-palabras.com\/WordPress_04\/wp-json\/wp\/v2\/product_cat?post=10937"},{"taxonomy":"product_tag","embeddable":true,"href":"https:\/\/www.taller-palabras.com\/WordPress_04\/wp-json\/wp\/v2\/product_tag?post=10937"}],"curies":[{"name":"wp","href":"https:\/\/api.w.org\/{rel}","templated":true}]}}