{"id":10946,"date":"2022-04-24T12:19:07","date_gmt":"2022-04-24T15:19:07","guid":{"rendered":"https:\/\/www.taller-palabras.com\/WordPress_04\/?post_type=product&#038;p=10946"},"modified":"2024-11-28T13:11:01","modified_gmt":"2024-11-28T16:11:01","slug":"pajaros-en-la-boca-samanta-schweblin-ebook","status":"publish","type":"product","link":"https:\/\/www.taller-palabras.com\/WordPress_04\/producto\/pajaros-en-la-boca-samanta-schweblin-ebook","title":{"rendered":"P\u00e1jaros en la boca  &#8211; Samanta Schweblin \/ebook"},"content":{"rendered":"<figure id=\"attachment_5549\" aria-describedby=\"caption-attachment-5549\" style=\"width: 150px\" class=\"wp-caption alignleft\"><img loading=\"lazy\" decoding=\"async\" class=\"wp-image-5549 size-thumbnail\" src=\"https:\/\/www.taller-palabras.com\/WordPress_04\/wp-content\/uploads\/2022\/04\/samanta-schweblin-150x150.jpg\" alt=\"\" width=\"150\" height=\"150\" srcset=\"https:\/\/www.taller-palabras.com\/WordPress_04\/wp-content\/uploads\/2022\/04\/samanta-schweblin-150x150.jpg 150w, https:\/\/www.taller-palabras.com\/WordPress_04\/wp-content\/uploads\/2022\/04\/samanta-schweblin-100x100.jpg 100w, https:\/\/www.taller-palabras.com\/WordPress_04\/wp-content\/uploads\/2022\/04\/samanta-schweblin.jpg 283w\" sizes=\"auto, (max-width: 150px) 100vw, 150px\" \/><figcaption id=\"caption-attachment-5549\" class=\"wp-caption-text\">Autora Samanta Schweblin<\/figcaption><\/figure>\n<p>Heredera de la m\u00e1s prestigiosa tradici\u00f3n literaria, en la l\u00ednea de Raymond Carver y Flannery O\u2019Connor, Schweblin maneja el lenguaje de una forma extraordinaria, con una prosa sobria y eficaz al servicio de historias que se mueven en el l\u00edmite entre lo real y lo fant\u00e1stico. Los cuentos de Schweblin, perturbadores y desconcertantes, plantean un enigma que provoca y atrapa profundamente al lector.<\/p>\n<p>\u00abUna implacable m\u00e1quina de relojer\u00eda narrativa capaz de mantener en vilo al lector, al extremo de arrebatarle la respiraci\u00f3n, [\u2026] de cuya descarga el\u00e9ctrica ning\u00fan lector podr\u00e1 librarse.\u00bb<br \/>\nEl Mundo<br \/>\n\u00abLa sorpresa de descubrir que en un texto literario est\u00e1n contenidas todas las dem\u00e1s artes. Schweblin es una experiencia m\u00e1s parecida a la que se puede tener en una galer\u00eda o frente a una pel\u00edcula de autor que delante de un libro sacado de un estante gris.\u00bb<br \/>\nMARIO BELLAT\u00cdN<br \/>\n\u00abSamanta Schweblin es, tal vez, la mejor escritora de cuentos que ha dado la literatura hispanohablante en los \u00faltimos 30 a\u00f1os.\u00bb<br \/>\nFLAVIA PITELLA<\/p>\n","protected":false},"excerpt":{"rendered":"<p>Heredera de la m\u00e1s prestigiosa tradici\u00f3n literaria, en la l\u00ednea de Raymond Carver y Flannery O\u2019Connor, Schweblin maneja el lenguaje de una forma extraordinaria, con una prosa sobria y eficaz al servicio de historias que se mueven en el l\u00edmite entre lo real y lo fant\u00e1stico. Los cuentos de Schweblin, perturbadores y desconcertantes, plantean un [&hellip;]<\/p>\n","protected":false},"featured_media":10949,"template":"","meta":[],"product_brand":[],"product_cat":[25],"product_tag":[54,45,1446,769],"class_list":{"0":"post-10946","1":"product","2":"type-product","3":"status-publish","4":"has-post-thumbnail","6":"product_cat-libros-digitales-ebooks","7":"product_tag-descargar-ebook","8":"product_tag-mejor-novela","9":"product_tag-pajaros-en-la-boca","10":"product_tag-samanta-schweblin","12":"first","13":"instock","14":"shipping-taxable","15":"purchasable","16":"product-type-variable","17":"has-default-attributes"},"_links":{"self":[{"href":"https:\/\/www.taller-palabras.com\/WordPress_04\/wp-json\/wp\/v2\/product\/10946","targetHints":{"allow":["GET"]}}],"collection":[{"href":"https:\/\/www.taller-palabras.com\/WordPress_04\/wp-json\/wp\/v2\/product"}],"about":[{"href":"https:\/\/www.taller-palabras.com\/WordPress_04\/wp-json\/wp\/v2\/types\/product"}],"wp:featuredmedia":[{"embeddable":true,"href":"https:\/\/www.taller-palabras.com\/WordPress_04\/wp-json\/wp\/v2\/media\/10949"}],"wp:attachment":[{"href":"https:\/\/www.taller-palabras.com\/WordPress_04\/wp-json\/wp\/v2\/media?parent=10946"}],"wp:term":[{"taxonomy":"product_brand","embeddable":true,"href":"https:\/\/www.taller-palabras.com\/WordPress_04\/wp-json\/wp\/v2\/product_brand?post=10946"},{"taxonomy":"product_cat","embeddable":true,"href":"https:\/\/www.taller-palabras.com\/WordPress_04\/wp-json\/wp\/v2\/product_cat?post=10946"},{"taxonomy":"product_tag","embeddable":true,"href":"https:\/\/www.taller-palabras.com\/WordPress_04\/wp-json\/wp\/v2\/product_tag?post=10946"}],"curies":[{"name":"wp","href":"https:\/\/api.w.org\/{rel}","templated":true}]}}