{"id":10952,"date":"2018-10-31T08:09:45","date_gmt":"2018-10-31T11:09:45","guid":{"rendered":"https:\/\/www.taller-palabras.com\/WordPress_04\/?post_type=product&#038;p=10952"},"modified":"2024-11-29T16:39:33","modified_gmt":"2024-11-29T19:39:33","slug":"la-abadia-de-northanger-jane-austen-ebook-copia","status":"publish","type":"product","link":"https:\/\/www.taller-palabras.com\/WordPress_04\/producto\/la-abadia-de-northanger-jane-austen-ebook-copia","title":{"rendered":"La abad\u00eda de Northanger &#8211; Jane Austen  \/ebook"},"content":{"rendered":"<figure id=\"attachment_277\" aria-describedby=\"caption-attachment-277\" style=\"width: 150px\" class=\"wp-caption alignleft\"><img loading=\"lazy\" decoding=\"async\" class=\"wp-image-277 size-thumbnail\" src=\"https:\/\/www.taller-palabras.com\/WordPress_04\/wp-content\/uploads\/2018\/10\/jane-austen-150x150.jpg\" alt=\"\" width=\"150\" height=\"150\" srcset=\"https:\/\/www.taller-palabras.com\/WordPress_04\/wp-content\/uploads\/2018\/10\/jane-austen-150x150.jpg 150w, https:\/\/www.taller-palabras.com\/WordPress_04\/wp-content\/uploads\/2018\/10\/jane-austen-324x324.jpg 324w, https:\/\/www.taller-palabras.com\/WordPress_04\/wp-content\/uploads\/2018\/10\/jane-austen-100x100.jpg 100w\" sizes=\"auto, (max-width: 150px) 100vw, 150px\" \/><figcaption id=\"caption-attachment-277\" class=\"wp-caption-text\">Autora Jane Austen<\/figcaption><\/figure>\n<p>Catherine Morland es una muchacha \u00abtan corriente como la que m\u00e1s\u00bb, s\u00f3lo que tiende a ver la vida como una novela. Cuando es presentada en sociedad en Bath, conoce a un joven apuesto y refinado y se siente como en una novela sentimental. Luego, invitada por el padre del joven, pasa una temporada en una antigua abad\u00eda, donde sospecha que se cobijan terribles secretos, como en una novela g\u00f3tica. Pero la realidad, que tambi\u00e9n tiene sus secretos, le revelar\u00e1 al fin un mundo acaso m\u00e1s absurdo y angustioso que el imaginado por la peor de sus fantas\u00edas. Novela de novelas, literatura de la literatura, La abad\u00eda de Northanger, escrita antes de 1803 pero no publicada hasta 1818, p\u00f3stumamente, encierra en una s\u00e1tira literaria una hiriente reflexi\u00f3n sobre los prejuicios y crueldades de la sociedad, y es sin duda una de las obras m\u00e1s agudas y divertidas de Jane Austen.<\/p>\n","protected":false},"excerpt":{"rendered":"<p>Catherine Morland es una muchacha \u00abtan corriente como la que m\u00e1s\u00bb, s\u00f3lo que tiende a ver la vida como una novela. Cuando es presentada en sociedad en Bath, conoce a un joven apuesto y refinado y se siente como en una novela sentimental. Luego, invitada por el padre del joven, pasa una temporada en una [&hellip;]<\/p>\n","protected":false},"featured_media":10927,"template":"","meta":[],"product_brand":[],"product_cat":[25],"product_tag":[54,92,1443,55],"class_list":{"0":"post-10952","1":"product","2":"type-product","3":"status-publish","4":"has-post-thumbnail","6":"product_cat-libros-digitales-ebooks","7":"product_tag-descargar-ebook","8":"product_tag-jane-austen","9":"product_tag-la-abadia-de-northanger","10":"product_tag-novelas","12":"first","13":"instock","14":"shipping-taxable","15":"purchasable","16":"product-type-variable","17":"has-default-attributes"},"_links":{"self":[{"href":"https:\/\/www.taller-palabras.com\/WordPress_04\/wp-json\/wp\/v2\/product\/10952","targetHints":{"allow":["GET"]}}],"collection":[{"href":"https:\/\/www.taller-palabras.com\/WordPress_04\/wp-json\/wp\/v2\/product"}],"about":[{"href":"https:\/\/www.taller-palabras.com\/WordPress_04\/wp-json\/wp\/v2\/types\/product"}],"wp:featuredmedia":[{"embeddable":true,"href":"https:\/\/www.taller-palabras.com\/WordPress_04\/wp-json\/wp\/v2\/media\/10927"}],"wp:attachment":[{"href":"https:\/\/www.taller-palabras.com\/WordPress_04\/wp-json\/wp\/v2\/media?parent=10952"}],"wp:term":[{"taxonomy":"product_brand","embeddable":true,"href":"https:\/\/www.taller-palabras.com\/WordPress_04\/wp-json\/wp\/v2\/product_brand?post=10952"},{"taxonomy":"product_cat","embeddable":true,"href":"https:\/\/www.taller-palabras.com\/WordPress_04\/wp-json\/wp\/v2\/product_cat?post=10952"},{"taxonomy":"product_tag","embeddable":true,"href":"https:\/\/www.taller-palabras.com\/WordPress_04\/wp-json\/wp\/v2\/product_tag?post=10952"}],"curies":[{"name":"wp","href":"https:\/\/api.w.org\/{rel}","templated":true}]}}