{"id":10974,"date":"2024-09-30T12:33:05","date_gmt":"2024-09-30T15:33:05","guid":{"rendered":"https:\/\/www.taller-palabras.com\/WordPress_04\/?post_type=product&#038;p=10974"},"modified":"2024-12-05T12:31:07","modified_gmt":"2024-12-05T15:31:07","slug":"la-isla-del-dr-moreau-h-g-wells-ebook","status":"publish","type":"product","link":"https:\/\/www.taller-palabras.com\/WordPress_04\/producto\/la-isla-del-dr-moreau-h-g-wells-ebook","title":{"rendered":"La isla del Dr. Moreau &#8211; H. G. Wells \/ebook"},"content":{"rendered":"<figure id=\"attachment_10979\" aria-describedby=\"caption-attachment-10979\" style=\"width: 150px\" class=\"wp-caption alignleft\"><img loading=\"lazy\" decoding=\"async\" class=\"wp-image-10979 size-thumbnail\" src=\"https:\/\/www.taller-palabras.com\/WordPress_04\/wp-content\/uploads\/2024\/12\/h-g-wells-150x150.jpg\" alt=\"\" width=\"150\" height=\"150\" srcset=\"https:\/\/www.taller-palabras.com\/WordPress_04\/wp-content\/uploads\/2024\/12\/h-g-wells-150x150.jpg 150w, https:\/\/www.taller-palabras.com\/WordPress_04\/wp-content\/uploads\/2024\/12\/h-g-wells-100x100.jpg 100w, https:\/\/www.taller-palabras.com\/WordPress_04\/wp-content\/uploads\/2024\/12\/h-g-wells.jpg 283w\" sizes=\"auto, (max-width: 150px) 100vw, 150px\" \/><figcaption id=\"caption-attachment-10979\" class=\"wp-caption-text\">Autor H. G. Wells<\/figcaption><\/figure>\n<p>Wells, personalidad ecl\u00e9ctica y nada inmovilista, que tan pronto se entusiasmaba por una idea o una persona como todo lo contrario; amigo de James, de Conrad o de Crane; pacifista y partidario del desarme, socialista ut\u00f3pico y viajero infatigable, public\u00f3 en 1896 este \u00abgrotesco teol\u00f3gico\u00bb, por utilizar sus palabras. Quiz\u00e1 en ninguna otra obra anida una s\u00e1tira tan amarga y despiadada como en \u00e9sta. Al dibujar los humanimales de la isla, tan incre\u00edbles como psicol\u00f3gicamente veros\u00edmiles, Wells hizo una cruel comparaci\u00f3n con las leyes y principios morales de su tiempo, de la que los humanos no pudieron sentirse precisamente orgullosos.<\/p>\n","protected":false},"excerpt":{"rendered":"<p>Wells, personalidad ecl\u00e9ctica y nada inmovilista, que tan pronto se entusiasmaba por una idea o una persona como todo lo contrario; amigo de James, de Conrad o de Crane; pacifista y partidario del desarme, socialista ut\u00f3pico y viajero infatigable, public\u00f3 en 1896 este \u00abgrotesco teol\u00f3gico\u00bb, por utilizar sus palabras. Quiz\u00e1 en ninguna otra obra anida [&hellip;]<\/p>\n","protected":false},"featured_media":10980,"template":"","meta":[],"product_brand":[],"product_cat":[25],"product_tag":[54,1449,1450,1184],"class_list":{"0":"post-10974","1":"product","2":"type-product","3":"status-publish","4":"has-post-thumbnail","6":"product_cat-libros-digitales-ebooks","7":"product_tag-descargar-ebook","8":"product_tag-h-g-wells","9":"product_tag-la-isla-del-dr-moreau","10":"product_tag-mejor-novelas","12":"first","13":"instock","14":"shipping-taxable","15":"purchasable","16":"product-type-variable","17":"has-default-attributes"},"_links":{"self":[{"href":"https:\/\/www.taller-palabras.com\/WordPress_04\/wp-json\/wp\/v2\/product\/10974","targetHints":{"allow":["GET"]}}],"collection":[{"href":"https:\/\/www.taller-palabras.com\/WordPress_04\/wp-json\/wp\/v2\/product"}],"about":[{"href":"https:\/\/www.taller-palabras.com\/WordPress_04\/wp-json\/wp\/v2\/types\/product"}],"wp:featuredmedia":[{"embeddable":true,"href":"https:\/\/www.taller-palabras.com\/WordPress_04\/wp-json\/wp\/v2\/media\/10980"}],"wp:attachment":[{"href":"https:\/\/www.taller-palabras.com\/WordPress_04\/wp-json\/wp\/v2\/media?parent=10974"}],"wp:term":[{"taxonomy":"product_brand","embeddable":true,"href":"https:\/\/www.taller-palabras.com\/WordPress_04\/wp-json\/wp\/v2\/product_brand?post=10974"},{"taxonomy":"product_cat","embeddable":true,"href":"https:\/\/www.taller-palabras.com\/WordPress_04\/wp-json\/wp\/v2\/product_cat?post=10974"},{"taxonomy":"product_tag","embeddable":true,"href":"https:\/\/www.taller-palabras.com\/WordPress_04\/wp-json\/wp\/v2\/product_tag?post=10974"}],"curies":[{"name":"wp","href":"https:\/\/api.w.org\/{rel}","templated":true}]}}