{"id":10989,"date":"2022-10-16T16:45:31","date_gmt":"2022-10-16T19:45:31","guid":{"rendered":"https:\/\/www.taller-palabras.com\/WordPress_04\/?post_type=product&#038;p=10989"},"modified":"2024-12-05T16:26:12","modified_gmt":"2024-12-05T19:26:12","slug":"serie-una-realidad-aparte-2-carlos-castaneda-ebook","status":"publish","type":"product","link":"https:\/\/www.taller-palabras.com\/WordPress_04\/producto\/serie-una-realidad-aparte-2-carlos-castaneda-ebook","title":{"rendered":"Serie: Una realidad aparte (2) &#8211; Carlos Castaneda \/ebook"},"content":{"rendered":"<figure id=\"attachment_10760\" aria-describedby=\"caption-attachment-10760\" style=\"width: 150px\" class=\"wp-caption alignleft\"><img loading=\"lazy\" decoding=\"async\" class=\"wp-image-10760 size-thumbnail\" src=\"https:\/\/www.taller-palabras.com\/WordPress_04\/wp-content\/uploads\/2024\/10\/Carlos-Castaneda-150x150.jpg\" alt=\"\" width=\"150\" height=\"150\" srcset=\"https:\/\/www.taller-palabras.com\/WordPress_04\/wp-content\/uploads\/2024\/10\/Carlos-Castaneda-150x150.jpg 150w, https:\/\/www.taller-palabras.com\/WordPress_04\/wp-content\/uploads\/2024\/10\/Carlos-Castaneda-100x100.jpg 100w, https:\/\/www.taller-palabras.com\/WordPress_04\/wp-content\/uploads\/2024\/10\/Carlos-Castaneda.jpg 220w\" sizes=\"auto, (max-width: 150px) 100vw, 150px\" \/><figcaption id=\"caption-attachment-10760\" class=\"wp-caption-text\">Autor Carlos Castaneda<\/figcaption><\/figure>\n<p>En estas nuevas conversaciones con su maestro, el brujo yaqui Juan Matus, Carlos Castaneda reanuda su pugna por asimilar el conocimiento arcaico que hace del mundo un lugar plet\u00f3rico de maravillas y misterios, poblado por entidades extra\u00f1as \u2014im\u00e1genes arquet\u00edpicas, concretizaciones de energ\u00eda tel\u00farica\u2014, y que permite al iniciado vivir una vida verdadera y ganar poder sobre las cosas. La batalla del aprendiz es doble, pues adem\u00e1s de enfrentar peligros mortales en sus contactos con la \u00abotra\u00bb realidad, debe vencerse a s\u00ed mismo y superar moldes de pensamiento inculcados desde la infancia. Pasado el estupor de la primera inmersi\u00f3n en lo desconocido, narrada en Las ense\u00f1anzas de don Juan, este segundo aspecto de la lucha crece en importancia; el relato se vuelve m\u00e1s personal, m\u00e1s inmediato, y se ampl\u00eda tambi\u00e9n la visi\u00f3n del \u00e1mbito social en el que don Juan se mueve.<\/p>\n","protected":false},"excerpt":{"rendered":"<p>En estas nuevas conversaciones con su maestro, el brujo yaqui Juan Matus, Carlos Castaneda reanuda su pugna por asimilar el conocimiento arcaico que hace del mundo un lugar plet\u00f3rico de maravillas y misterios, poblado por entidades extra\u00f1as \u2014im\u00e1genes arquet\u00edpicas, concretizaciones de energ\u00eda tel\u00farica\u2014, y que permite al iniciado vivir una vida verdadera y ganar poder [&hellip;]<\/p>\n","protected":false},"featured_media":10992,"template":"","meta":[],"product_brand":[],"product_cat":[25,47],"product_tag":[1418,54,1184,1453],"class_list":{"0":"post-10989","1":"product","2":"type-product","3":"status-publish","4":"has-post-thumbnail","6":"product_cat-libros-digitales-ebooks","7":"product_cat-libros-digitales-sagas","8":"product_tag-carlos-castaneda","9":"product_tag-descargar-ebook","10":"product_tag-mejor-novelas","11":"product_tag-una-realidad-aparte","13":"first","14":"instock","15":"shipping-taxable","16":"purchasable","17":"product-type-variable","18":"has-default-attributes"},"_links":{"self":[{"href":"https:\/\/www.taller-palabras.com\/WordPress_04\/wp-json\/wp\/v2\/product\/10989","targetHints":{"allow":["GET"]}}],"collection":[{"href":"https:\/\/www.taller-palabras.com\/WordPress_04\/wp-json\/wp\/v2\/product"}],"about":[{"href":"https:\/\/www.taller-palabras.com\/WordPress_04\/wp-json\/wp\/v2\/types\/product"}],"wp:featuredmedia":[{"embeddable":true,"href":"https:\/\/www.taller-palabras.com\/WordPress_04\/wp-json\/wp\/v2\/media\/10992"}],"wp:attachment":[{"href":"https:\/\/www.taller-palabras.com\/WordPress_04\/wp-json\/wp\/v2\/media?parent=10989"}],"wp:term":[{"taxonomy":"product_brand","embeddable":true,"href":"https:\/\/www.taller-palabras.com\/WordPress_04\/wp-json\/wp\/v2\/product_brand?post=10989"},{"taxonomy":"product_cat","embeddable":true,"href":"https:\/\/www.taller-palabras.com\/WordPress_04\/wp-json\/wp\/v2\/product_cat?post=10989"},{"taxonomy":"product_tag","embeddable":true,"href":"https:\/\/www.taller-palabras.com\/WordPress_04\/wp-json\/wp\/v2\/product_tag?post=10989"}],"curies":[{"name":"wp","href":"https:\/\/api.w.org\/{rel}","templated":true}]}}