{"id":10995,"date":"2022-10-16T16:44:14","date_gmt":"2022-10-16T19:44:14","guid":{"rendered":"https:\/\/www.taller-palabras.com\/WordPress_04\/?post_type=product&#038;p=10995"},"modified":"2024-12-05T16:32:37","modified_gmt":"2024-12-05T19:32:37","slug":"serie-viaje-a-ixtlan-3-carlos-castaneda-ebook","status":"publish","type":"product","link":"https:\/\/www.taller-palabras.com\/WordPress_04\/producto\/serie-viaje-a-ixtlan-3-carlos-castaneda-ebook","title":{"rendered":"Serie: Viaje a Ixtl\u00e1n (3)- Carlos Castaneda \/ebook"},"content":{"rendered":"<figure id=\"attachment_10760\" aria-describedby=\"caption-attachment-10760\" style=\"width: 150px\" class=\"wp-caption alignleft\"><img loading=\"lazy\" decoding=\"async\" class=\"wp-image-10760 size-thumbnail\" src=\"https:\/\/www.taller-palabras.com\/WordPress_04\/wp-content\/uploads\/2024\/10\/Carlos-Castaneda-150x150.jpg\" alt=\"\" width=\"150\" height=\"150\" srcset=\"https:\/\/www.taller-palabras.com\/WordPress_04\/wp-content\/uploads\/2024\/10\/Carlos-Castaneda-150x150.jpg 150w, https:\/\/www.taller-palabras.com\/WordPress_04\/wp-content\/uploads\/2024\/10\/Carlos-Castaneda-100x100.jpg 100w, https:\/\/www.taller-palabras.com\/WordPress_04\/wp-content\/uploads\/2024\/10\/Carlos-Castaneda.jpg 220w\" sizes=\"auto, (max-width: 150px) 100vw, 150px\" \/><figcaption id=\"caption-attachment-10760\" class=\"wp-caption-text\">Autor Carlos Castaneda<\/figcaption><\/figure>\n<p>En el tercer libro sobre su iniciaci\u00f3n como hombre de conocimiento, Castaneda desanda camino hasta los primeros tratos con su maestro, el brujo yaqui don Juan, y a\u00f1ade al recuento de prodigios las arduas lecciones de disciplina f\u00edsica y mental que, desde un principio, lo preparaban para un acto decisivo de poder: parar el mundo, suspender la percepci\u00f3n ordinaria, situarse entre esta realidad y la otra, la inculcada por el maestro. Esa realidad aparte, eje de las ense\u00f1anzas anteriormente reveladas, cobra as\u00ed nuevo sentido como punto de apoyo, y el centro se desplaza hacia la m\u00edstica del guerrero, el hombre sin rutinas, libre, fluido, imprevisible, que, fiel a su esencial naturaleza terrena, vive una vida impecable. El tema cierra con el relato del viaje al que alude el t\u00edtulo, intimaci\u00f3n dram\u00e1tica de la soledad y la \u00e1spera nobleza de tal vida.<\/p>\n","protected":false},"excerpt":{"rendered":"<p>En el tercer libro sobre su iniciaci\u00f3n como hombre de conocimiento, Castaneda desanda camino hasta los primeros tratos con su maestro, el brujo yaqui don Juan, y a\u00f1ade al recuento de prodigios las arduas lecciones de disciplina f\u00edsica y mental que, desde un principio, lo preparaban para un acto decisivo de poder: parar el mundo, [&hellip;]<\/p>\n","protected":false},"featured_media":11000,"template":"","meta":[],"product_brand":[],"product_cat":[25,47],"product_tag":[1418,54,1184,1454],"class_list":{"0":"post-10995","1":"product","2":"type-product","3":"status-publish","4":"has-post-thumbnail","6":"product_cat-libros-digitales-ebooks","7":"product_cat-libros-digitales-sagas","8":"product_tag-carlos-castaneda","9":"product_tag-descargar-ebook","10":"product_tag-mejor-novelas","11":"product_tag-viaje-a-ixtlan","13":"first","14":"instock","15":"shipping-taxable","16":"purchasable","17":"product-type-variable","18":"has-default-attributes"},"_links":{"self":[{"href":"https:\/\/www.taller-palabras.com\/WordPress_04\/wp-json\/wp\/v2\/product\/10995","targetHints":{"allow":["GET"]}}],"collection":[{"href":"https:\/\/www.taller-palabras.com\/WordPress_04\/wp-json\/wp\/v2\/product"}],"about":[{"href":"https:\/\/www.taller-palabras.com\/WordPress_04\/wp-json\/wp\/v2\/types\/product"}],"wp:featuredmedia":[{"embeddable":true,"href":"https:\/\/www.taller-palabras.com\/WordPress_04\/wp-json\/wp\/v2\/media\/11000"}],"wp:attachment":[{"href":"https:\/\/www.taller-palabras.com\/WordPress_04\/wp-json\/wp\/v2\/media?parent=10995"}],"wp:term":[{"taxonomy":"product_brand","embeddable":true,"href":"https:\/\/www.taller-palabras.com\/WordPress_04\/wp-json\/wp\/v2\/product_brand?post=10995"},{"taxonomy":"product_cat","embeddable":true,"href":"https:\/\/www.taller-palabras.com\/WordPress_04\/wp-json\/wp\/v2\/product_cat?post=10995"},{"taxonomy":"product_tag","embeddable":true,"href":"https:\/\/www.taller-palabras.com\/WordPress_04\/wp-json\/wp\/v2\/product_tag?post=10995"}],"curies":[{"name":"wp","href":"https:\/\/api.w.org\/{rel}","templated":true}]}}