{"id":11001,"date":"2022-10-16T16:43:41","date_gmt":"2022-10-16T19:43:41","guid":{"rendered":"https:\/\/www.taller-palabras.com\/WordPress_04\/?post_type=product&#038;p=11001"},"modified":"2024-12-06T11:51:26","modified_gmt":"2024-12-06T14:51:26","slug":"serie-relatos-de-poder-4-carlos-castaneda-ebook","status":"publish","type":"product","link":"https:\/\/www.taller-palabras.com\/WordPress_04\/producto\/serie-relatos-de-poder-4-carlos-castaneda-ebook","title":{"rendered":"Serie: Relatos de poder (4) &#8211; Carlos Castaneda \/ebook"},"content":{"rendered":"<figure id=\"attachment_10760\" aria-describedby=\"caption-attachment-10760\" style=\"width: 150px\" class=\"wp-caption alignleft\"><img loading=\"lazy\" decoding=\"async\" class=\"wp-image-10760 size-thumbnail\" src=\"https:\/\/www.taller-palabras.com\/WordPress_04\/wp-content\/uploads\/2024\/10\/Carlos-Castaneda-150x150.jpg\" alt=\"\" width=\"150\" height=\"150\" srcset=\"https:\/\/www.taller-palabras.com\/WordPress_04\/wp-content\/uploads\/2024\/10\/Carlos-Castaneda-150x150.jpg 150w, https:\/\/www.taller-palabras.com\/WordPress_04\/wp-content\/uploads\/2024\/10\/Carlos-Castaneda-100x100.jpg 100w, https:\/\/www.taller-palabras.com\/WordPress_04\/wp-content\/uploads\/2024\/10\/Carlos-Castaneda.jpg 220w\" sizes=\"auto, (max-width: 150px) 100vw, 150px\" \/><figcaption id=\"caption-attachment-10760\" class=\"wp-caption-text\">Autor Carlos Castaneda<\/figcaption><\/figure>\n<p>La relaci\u00f3n de las \u00faltimas \u00abense\u00f1anzas de don Juan\u00bb cierra impecablemente el ciclo iniciado con el libro de ese t\u00edtulo y proseguido en Una realidad aparte y Viaje a Ixtl\u00e1n. Las lecciones de brujer\u00eda y la obra que las narra llevan aqu\u00ed sus postulados a la conclusi\u00f3n natural: los misterios del conocimiento secreto se disipan como la bruma en el acto mismo de cobrar concreci\u00f3n definitiva; una acumulaci\u00f3n de poder personal resulta en la despersonalizaci\u00f3n del poder y todos los prodigios se funden en el \u00fanico prodigio de la vida terrena. Puede advertirse el paralelismo entre la iniciaci\u00f3n guerrera que Castaneda ha cursado y la \u00abdisciplina sin doctrina\u00bb del Zen, y no son menos claras las diferencias de tono y humor, es decir, civilizaci\u00f3n. Sabidur\u00eda b\u00e1rbara, la de don Juan reaviva estructuras primitivas de la conciencia e inserta su realidad m\u00e1gica en nuestro realismo convencional, no s\u00f3lo produciendo fen\u00f3menos que contradicen las convenciones, sino a trav\u00e9s del discurso articulado que postula todo un modelo del mundo. Pero este encuentro de la cultura occidental con las ra\u00edces ind\u00edgenas es, en primera instancia, una historia cautivante que fluye entre el asombro y la risa.<\/p>\n","protected":false},"excerpt":{"rendered":"<p>La relaci\u00f3n de las \u00faltimas \u00abense\u00f1anzas de don Juan\u00bb cierra impecablemente el ciclo iniciado con el libro de ese t\u00edtulo y proseguido en Una realidad aparte y Viaje a Ixtl\u00e1n. Las lecciones de brujer\u00eda y la obra que las narra llevan aqu\u00ed sus postulados a la conclusi\u00f3n natural: los misterios del conocimiento secreto se disipan [&hellip;]<\/p>\n","protected":false},"featured_media":11005,"template":"","meta":[],"product_brand":[],"product_cat":[25,47],"product_tag":[1418,54,1420,1184],"class_list":{"0":"post-11001","1":"product","2":"type-product","3":"status-publish","4":"has-post-thumbnail","6":"product_cat-libros-digitales-ebooks","7":"product_cat-libros-digitales-sagas","8":"product_tag-carlos-castaneda","9":"product_tag-descargar-ebook","10":"product_tag-el-segundo-anillo-de-poder","11":"product_tag-mejor-novelas","13":"first","14":"instock","15":"shipping-taxable","16":"purchasable","17":"product-type-variable","18":"has-default-attributes"},"_links":{"self":[{"href":"https:\/\/www.taller-palabras.com\/WordPress_04\/wp-json\/wp\/v2\/product\/11001","targetHints":{"allow":["GET"]}}],"collection":[{"href":"https:\/\/www.taller-palabras.com\/WordPress_04\/wp-json\/wp\/v2\/product"}],"about":[{"href":"https:\/\/www.taller-palabras.com\/WordPress_04\/wp-json\/wp\/v2\/types\/product"}],"wp:featuredmedia":[{"embeddable":true,"href":"https:\/\/www.taller-palabras.com\/WordPress_04\/wp-json\/wp\/v2\/media\/11005"}],"wp:attachment":[{"href":"https:\/\/www.taller-palabras.com\/WordPress_04\/wp-json\/wp\/v2\/media?parent=11001"}],"wp:term":[{"taxonomy":"product_brand","embeddable":true,"href":"https:\/\/www.taller-palabras.com\/WordPress_04\/wp-json\/wp\/v2\/product_brand?post=11001"},{"taxonomy":"product_cat","embeddable":true,"href":"https:\/\/www.taller-palabras.com\/WordPress_04\/wp-json\/wp\/v2\/product_cat?post=11001"},{"taxonomy":"product_tag","embeddable":true,"href":"https:\/\/www.taller-palabras.com\/WordPress_04\/wp-json\/wp\/v2\/product_tag?post=11001"}],"curies":[{"name":"wp","href":"https:\/\/api.w.org\/{rel}","templated":true}]}}