{"id":11011,"date":"2022-10-16T16:40:54","date_gmt":"2022-10-16T19:40:54","guid":{"rendered":"https:\/\/www.taller-palabras.com\/WordPress_04\/?post_type=product&#038;p=11011"},"modified":"2024-12-06T13:05:25","modified_gmt":"2024-12-06T16:05:25","slug":"serie-el-fuego-interno-7-carlos-castaneda-ebook","status":"publish","type":"product","link":"https:\/\/www.taller-palabras.com\/WordPress_04\/producto\/serie-el-fuego-interno-7-carlos-castaneda-ebook","title":{"rendered":"Serie: El fuego interno (7)- Carlos Castaneda \/ebook"},"content":{"rendered":"<figure id=\"attachment_10760\" aria-describedby=\"caption-attachment-10760\" style=\"width: 150px\" class=\"wp-caption alignleft\"><img loading=\"lazy\" decoding=\"async\" class=\"wp-image-10760 size-thumbnail\" src=\"https:\/\/www.taller-palabras.com\/WordPress_04\/wp-content\/uploads\/2024\/10\/Carlos-Castaneda-150x150.jpg\" alt=\"\" width=\"150\" height=\"150\" srcset=\"https:\/\/www.taller-palabras.com\/WordPress_04\/wp-content\/uploads\/2024\/10\/Carlos-Castaneda-150x150.jpg 150w, https:\/\/www.taller-palabras.com\/WordPress_04\/wp-content\/uploads\/2024\/10\/Carlos-Castaneda-100x100.jpg 100w, https:\/\/www.taller-palabras.com\/WordPress_04\/wp-content\/uploads\/2024\/10\/Carlos-Castaneda.jpg 220w\" sizes=\"auto, (max-width: 150px) 100vw, 150px\" \/><figcaption id=\"caption-attachment-10760\" class=\"wp-caption-text\">Autor Carlos Castaneda<\/figcaption><\/figure>\n<p>El conocimiento de don Juan presenta tres facetas: la maestr\u00eda del estar Consciente de Ser, que es el enigma de la mente, la maestr\u00eda del acecho, que es el enigma del coraz\u00f3n, y la maestr\u00eda del intento, que es el enigma del esp\u00edritu. Esta s\u00e9ptima obra de Carlos Castaneda trata sobre la perplejidad que sienten los brujos al darse cabal cuenta del alcance de la conciencia de Ser y del asombroso misterio de la percepci\u00f3n. En ella narra experiencias que tuvieron lugar en estados de conciencia acrecentada y que nos introducen en la maestr\u00eda del estar Conscientes de Ser.<\/p>\n","protected":false},"excerpt":{"rendered":"<p>El conocimiento de don Juan presenta tres facetas: la maestr\u00eda del estar Consciente de Ser, que es el enigma de la mente, la maestr\u00eda del acecho, que es el enigma del coraz\u00f3n, y la maestr\u00eda del intento, que es el enigma del esp\u00edritu. Esta s\u00e9ptima obra de Carlos Castaneda trata sobre la perplejidad que sienten [&hellip;]<\/p>\n","protected":false},"featured_media":11016,"template":"","meta":[],"product_brand":[],"product_cat":[25,47],"product_tag":[1418,54,1455,1184],"class_list":{"0":"post-11011","1":"product","2":"type-product","3":"status-publish","4":"has-post-thumbnail","6":"product_cat-libros-digitales-ebooks","7":"product_cat-libros-digitales-sagas","8":"product_tag-carlos-castaneda","9":"product_tag-descargar-ebook","10":"product_tag-el-fuego-interno","11":"product_tag-mejor-novelas","13":"first","14":"instock","15":"shipping-taxable","16":"purchasable","17":"product-type-variable","18":"has-default-attributes"},"_links":{"self":[{"href":"https:\/\/www.taller-palabras.com\/WordPress_04\/wp-json\/wp\/v2\/product\/11011","targetHints":{"allow":["GET"]}}],"collection":[{"href":"https:\/\/www.taller-palabras.com\/WordPress_04\/wp-json\/wp\/v2\/product"}],"about":[{"href":"https:\/\/www.taller-palabras.com\/WordPress_04\/wp-json\/wp\/v2\/types\/product"}],"wp:featuredmedia":[{"embeddable":true,"href":"https:\/\/www.taller-palabras.com\/WordPress_04\/wp-json\/wp\/v2\/media\/11016"}],"wp:attachment":[{"href":"https:\/\/www.taller-palabras.com\/WordPress_04\/wp-json\/wp\/v2\/media?parent=11011"}],"wp:term":[{"taxonomy":"product_brand","embeddable":true,"href":"https:\/\/www.taller-palabras.com\/WordPress_04\/wp-json\/wp\/v2\/product_brand?post=11011"},{"taxonomy":"product_cat","embeddable":true,"href":"https:\/\/www.taller-palabras.com\/WordPress_04\/wp-json\/wp\/v2\/product_cat?post=11011"},{"taxonomy":"product_tag","embeddable":true,"href":"https:\/\/www.taller-palabras.com\/WordPress_04\/wp-json\/wp\/v2\/product_tag?post=11011"}],"curies":[{"name":"wp","href":"https:\/\/api.w.org\/{rel}","templated":true}]}}