{"id":11030,"date":"2022-10-16T16:39:31","date_gmt":"2022-10-16T19:39:31","guid":{"rendered":"https:\/\/www.taller-palabras.com\/WordPress_04\/?post_type=product&#038;p=11030"},"modified":"2024-12-08T17:19:50","modified_gmt":"2024-12-08T20:19:50","slug":"serie-el-conocimiento-silencioso-8-carlos-castaneda-ebook","status":"publish","type":"product","link":"https:\/\/www.taller-palabras.com\/WordPress_04\/producto\/serie-el-conocimiento-silencioso-8-carlos-castaneda-ebook","title":{"rendered":"Serie: El conocimiento silencioso (8) &#8211; Carlos Castaneda \/ebook"},"content":{"rendered":"<figure id=\"attachment_10760\" aria-describedby=\"caption-attachment-10760\" style=\"width: 150px\" class=\"wp-caption alignleft\"><img loading=\"lazy\" decoding=\"async\" class=\"wp-image-10760 size-thumbnail\" src=\"https:\/\/www.taller-palabras.com\/WordPress_04\/wp-content\/uploads\/2024\/10\/Carlos-Castaneda-150x150.jpg\" alt=\"\" width=\"150\" height=\"150\" srcset=\"https:\/\/www.taller-palabras.com\/WordPress_04\/wp-content\/uploads\/2024\/10\/Carlos-Castaneda-150x150.jpg 150w, https:\/\/www.taller-palabras.com\/WordPress_04\/wp-content\/uploads\/2024\/10\/Carlos-Castaneda-100x100.jpg 100w, https:\/\/www.taller-palabras.com\/WordPress_04\/wp-content\/uploads\/2024\/10\/Carlos-Castaneda.jpg 220w\" sizes=\"auto, (max-width: 150px) 100vw, 150px\" \/><figcaption id=\"caption-attachment-10760\" class=\"wp-caption-text\">Autor Carlos Castaneda<\/figcaption><\/figure>\n<p>En el universo hay una fuerza inconmensurable e indescriptible que los hace percibir y que nos brujos llaman intento, con la cual absolutamente todo cuanto existe est\u00e1 enlazado mediante un v\u00ednculo de conexi\u00f3n. La brujer\u00eda de don Juan podr\u00eda definirse como el proceso de limpiar, desempolvar nuestro v\u00ednculo con el intento. En esta octava obra, Carlos Castaneda nos introduce al enigma del esp\u00edritu que es la maestr\u00eda del intento. La brujer\u00eda \u2014dice don Juan, sabio maestro de Carlos Castaneda\u2014 es un estado de conciencia\u2026 Existe un poder escondido dentro de nuestro ser que se puede alcanzar\u2026 Una vez que lo alcanzamos, empezamos a ver, es decir, a percibir algo m\u00e1s. Y despu\u00e9s comenzamos a saber de una manera directa, sin tener que usar palabras\u2026 Es una percepci\u00f3n acrecentada, un conocimiento silencioso. Este brillante destello de conocimiento ilumina los rec\u00f3nditos parajes de la mente humana. La brujer\u00eda y la magia se revelan as\u00ed como met\u00e1foras de la necesidad del hombre de comprenderse a s\u00ed mismo.<\/p>\n","protected":false},"excerpt":{"rendered":"<p>En el universo hay una fuerza inconmensurable e indescriptible que los hace percibir y que nos brujos llaman intento, con la cual absolutamente todo cuanto existe est\u00e1 enlazado mediante un v\u00ednculo de conexi\u00f3n. La brujer\u00eda de don Juan podr\u00eda definirse como el proceso de limpiar, desempolvar nuestro v\u00ednculo con el intento. En esta octava obra, [&hellip;]<\/p>\n","protected":false},"featured_media":11029,"template":"","meta":[],"product_brand":[],"product_cat":[25,47],"product_tag":[1418,54,1457,1184],"class_list":{"0":"post-11030","1":"product","2":"type-product","3":"status-publish","4":"has-post-thumbnail","6":"product_cat-libros-digitales-ebooks","7":"product_cat-libros-digitales-sagas","8":"product_tag-carlos-castaneda","9":"product_tag-descargar-ebook","10":"product_tag-el-conocimiento-silencioso","11":"product_tag-mejor-novelas","13":"first","14":"instock","15":"shipping-taxable","16":"purchasable","17":"product-type-variable","18":"has-default-attributes"},"_links":{"self":[{"href":"https:\/\/www.taller-palabras.com\/WordPress_04\/wp-json\/wp\/v2\/product\/11030","targetHints":{"allow":["GET"]}}],"collection":[{"href":"https:\/\/www.taller-palabras.com\/WordPress_04\/wp-json\/wp\/v2\/product"}],"about":[{"href":"https:\/\/www.taller-palabras.com\/WordPress_04\/wp-json\/wp\/v2\/types\/product"}],"wp:featuredmedia":[{"embeddable":true,"href":"https:\/\/www.taller-palabras.com\/WordPress_04\/wp-json\/wp\/v2\/media\/11029"}],"wp:attachment":[{"href":"https:\/\/www.taller-palabras.com\/WordPress_04\/wp-json\/wp\/v2\/media?parent=11030"}],"wp:term":[{"taxonomy":"product_brand","embeddable":true,"href":"https:\/\/www.taller-palabras.com\/WordPress_04\/wp-json\/wp\/v2\/product_brand?post=11030"},{"taxonomy":"product_cat","embeddable":true,"href":"https:\/\/www.taller-palabras.com\/WordPress_04\/wp-json\/wp\/v2\/product_cat?post=11030"},{"taxonomy":"product_tag","embeddable":true,"href":"https:\/\/www.taller-palabras.com\/WordPress_04\/wp-json\/wp\/v2\/product_tag?post=11030"}],"curies":[{"name":"wp","href":"https:\/\/api.w.org\/{rel}","templated":true}]}}