{"id":11073,"date":"2025-01-01T13:40:07","date_gmt":"2025-01-01T16:40:07","guid":{"rendered":"https:\/\/www.taller-palabras.com\/WordPress_04\/?post_type=product&#038;p=11073"},"modified":"2025-07-17T18:05:25","modified_gmt":"2025-07-17T21:05:25","slug":"el-arte-de-amar-erich-fromm-ebook","status":"publish","type":"product","link":"https:\/\/www.taller-palabras.com\/WordPress_04\/producto\/el-arte-de-amar-erich-fromm-ebook","title":{"rendered":"El arte de amar &#8211; Erich Fromm \/ebook"},"content":{"rendered":"<figure id=\"attachment_11077\" aria-describedby=\"caption-attachment-11077\" style=\"width: 150px\" class=\"wp-caption alignleft\"><img loading=\"lazy\" decoding=\"async\" class=\"wp-image-11077 size-thumbnail\" src=\"https:\/\/www.taller-palabras.com\/WordPress_04\/wp-content\/uploads\/2025\/01\/Erich-Fromm-150x150.jpg\" alt=\"\" width=\"150\" height=\"150\" srcset=\"https:\/\/www.taller-palabras.com\/WordPress_04\/wp-content\/uploads\/2025\/01\/Erich-Fromm-150x150.jpg 150w, https:\/\/www.taller-palabras.com\/WordPress_04\/wp-content\/uploads\/2025\/01\/Erich-Fromm-100x100.jpg 100w, https:\/\/www.taller-palabras.com\/WordPress_04\/wp-content\/uploads\/2025\/01\/Erich-Fromm.jpg 283w\" sizes=\"auto, (max-width: 150px) 100vw, 150px\" \/><figcaption id=\"caption-attachment-11077\" class=\"wp-caption-text\">Autor Erich Fromm<\/figcaption><\/figure>\n<p>El arte de amar es una obra con la que Erich Fromm ha ayudado a varias generaciones a reflexionar sobre el amor y a responder a algunas preguntas aparentemente sencillas: \u00bfqu\u00e9 significa amar? \u00bfC\u00f3mo desprendernos de nosotros mismos para experimentar este sentimiento\u2026? Fromm nos explica que el amor no es s\u00f3lo una relaci\u00f3n personal, sino un rasgo de madurez que se manifiesta en diversas formas: amor er\u00f3tico, amor fraternal, amor filial, amor a uno mismo\u2026 Nos dice tambi\u00e9n que el amor no es algo pasajero y mec\u00e1nico, como a veces nos induce a creer la sociedad de hoy. Muy al contrario, el amor es un arte, el fruto de un aprendizaje. Por ello, si queremos aprender a amar debemos actuar como lo har\u00edamos si quisi\u00e9ramos aprender cualquier otro arte, ya sea la m\u00fasica, la pintura, la carpinter\u00eda o el arte de la medicina. O, por lo memos, no dedicar nuestra energ\u00eda a lograr el \u00e9xito y el dinero, el prestigio y el poder, sino a cultivar el verdadero arte de amar.<\/p>\n","protected":false},"excerpt":{"rendered":"<p>El arte de amar es una obra con la que Erich Fromm ha ayudado a varias generaciones a reflexionar sobre el amor y a responder a algunas preguntas aparentemente sencillas: \u00bfqu\u00e9 significa amar? \u00bfC\u00f3mo desprendernos de nosotros mismos para experimentar este sentimiento\u2026? Fromm nos explica que el amor no es s\u00f3lo una relaci\u00f3n personal, sino [&hellip;]<\/p>\n","protected":false},"featured_media":11076,"template":"","meta":[],"product_brand":[],"product_cat":[25],"product_tag":[54,1463,1462,1184],"class_list":{"0":"post-11073","1":"product","2":"type-product","3":"status-publish","4":"has-post-thumbnail","6":"product_cat-libros-digitales-ebooks","7":"product_tag-descargar-ebook","8":"product_tag-el-arte-de-amar","9":"product_tag-erich-fromm","10":"product_tag-mejor-novelas","12":"first","13":"instock","14":"shipping-taxable","15":"purchasable","16":"product-type-variable","17":"has-default-attributes"},"_links":{"self":[{"href":"https:\/\/www.taller-palabras.com\/WordPress_04\/wp-json\/wp\/v2\/product\/11073","targetHints":{"allow":["GET"]}}],"collection":[{"href":"https:\/\/www.taller-palabras.com\/WordPress_04\/wp-json\/wp\/v2\/product"}],"about":[{"href":"https:\/\/www.taller-palabras.com\/WordPress_04\/wp-json\/wp\/v2\/types\/product"}],"wp:featuredmedia":[{"embeddable":true,"href":"https:\/\/www.taller-palabras.com\/WordPress_04\/wp-json\/wp\/v2\/media\/11076"}],"wp:attachment":[{"href":"https:\/\/www.taller-palabras.com\/WordPress_04\/wp-json\/wp\/v2\/media?parent=11073"}],"wp:term":[{"taxonomy":"product_brand","embeddable":true,"href":"https:\/\/www.taller-palabras.com\/WordPress_04\/wp-json\/wp\/v2\/product_brand?post=11073"},{"taxonomy":"product_cat","embeddable":true,"href":"https:\/\/www.taller-palabras.com\/WordPress_04\/wp-json\/wp\/v2\/product_cat?post=11073"},{"taxonomy":"product_tag","embeddable":true,"href":"https:\/\/www.taller-palabras.com\/WordPress_04\/wp-json\/wp\/v2\/product_tag?post=11073"}],"curies":[{"name":"wp","href":"https:\/\/api.w.org\/{rel}","templated":true}]}}