{"id":11088,"date":"2025-01-01T13:54:00","date_gmt":"2025-01-01T16:54:00","guid":{"rendered":"https:\/\/www.taller-palabras.com\/WordPress_04\/?post_type=product&#038;p=11088"},"modified":"2025-07-17T12:34:23","modified_gmt":"2025-07-17T15:34:23","slug":"klara-y-el-sol-kazuo-ishiguro-ebook","status":"publish","type":"product","link":"https:\/\/www.taller-palabras.com\/WordPress_04\/producto\/klara-y-el-sol-kazuo-ishiguro-ebook","title":{"rendered":"Klara y el sol &#8211; Kazuo Ishiguro  \/ebook"},"content":{"rendered":"<figure id=\"attachment_2095\" aria-describedby=\"caption-attachment-2095\" style=\"width: 150px\" class=\"wp-caption alignleft\"><img loading=\"lazy\" decoding=\"async\" class=\"wp-image-2095 size-thumbnail\" src=\"https:\/\/www.taller-palabras.com\/WordPress_04\/wp-content\/uploads\/2020\/05\/KazuoIshiguro-150x150.jpg\" alt=\"\" width=\"150\" height=\"150\" srcset=\"https:\/\/www.taller-palabras.com\/WordPress_04\/wp-content\/uploads\/2020\/05\/KazuoIshiguro-150x150.jpg 150w, https:\/\/www.taller-palabras.com\/WordPress_04\/wp-content\/uploads\/2020\/05\/KazuoIshiguro-100x100.jpg 100w\" sizes=\"auto, (max-width: 150px) 100vw, 150px\" \/><figcaption id=\"caption-attachment-2095\" class=\"wp-caption-text\">Autor Kazuo Ishiguro<\/figcaption><\/figure>\n<p>La esperada novela de Kazuo Ishiguro tras el Premio Nobel. Una historia de ciencia ficci\u00f3n que indaga en lo que nos hace humanos. Klara es una AA, una Amiga Artificial, especializada en el cuidado de ni\u00f1os. Pasa sus d\u00edas en una tienda, esperando a que alguien la adquiera y se la lleve a una casa, un hogar. Mientras espera, contempla el exterior desde el escaparate. Observa a los transe\u00fantes, sus actitudes, sus gestos, su modo de caminar, y es testigo de algunos episodios que no acaba de entender, como una extra\u00f1a pelea entre dos taxistas. Klara es una AA singular, es m\u00e1s observadora y m\u00e1s dada a hacerse preguntas que la mayor\u00eda de sus cong\u00e9neres. Y, como sus compa\u00f1eros, necesita del Sol para alimentarse, para cargarse de energ\u00eda\u2026 \u00bfQu\u00e9 le espera en el mundo exterior cuando salga de la tienda y se vaya a vivir con una familia? \u00bfComprende bien los comportamientos, los repentinos cambios de humor, las emociones, los sentimientos de los humanos? Esta es la primera novela de Kazuo Ishiguro tras ser galardonado con el Premio Nobel. En ella vuelve a jugar con la ciencia ficci\u00f3n, como ya hizo en Nunca me abandones, y nos regala una deslumbrante par\u00e1bola sobre nuestro mundo, como tambi\u00e9n ofreci\u00f3 en El gigante enterrado. Emergen en estas p\u00e1ginas su m\u00e1s que probada potencia fabuladora, la exquisitez de su prosa rebosante de matices y esa capacidad \u00fanica para explorar la esencia del ser humano y lanzar preguntas turbadoras: \u00bfqu\u00e9 es lo que nos define como personas? \u00bfCu\u00e1l es nuestro papel en el mundo? \u00bfQu\u00e9 es el amor?<\/p>\n","protected":false},"excerpt":{"rendered":"<p>La esperada novela de Kazuo Ishiguro tras el Premio Nobel. Una historia de ciencia ficci\u00f3n que indaga en lo que nos hace humanos. Klara es una AA, una Amiga Artificial, especializada en el cuidado de ni\u00f1os. Pasa sus d\u00edas en una tienda, esperando a que alguien la adquiera y se la lleve a una casa, [&hellip;]<\/p>\n","protected":false},"featured_media":11091,"template":"","meta":[],"product_brand":[],"product_cat":[25],"product_tag":[54,1182,1466,1184],"class_list":{"0":"post-11088","1":"product","2":"type-product","3":"status-publish","4":"has-post-thumbnail","6":"product_cat-libros-digitales-ebooks","7":"product_tag-descargar-ebook","8":"product_tag-kazuo-ishiguro","9":"product_tag-klara-y-el-sol","10":"product_tag-mejor-novelas","12":"first","13":"instock","14":"shipping-taxable","15":"purchasable","16":"product-type-variable","17":"has-default-attributes"},"_links":{"self":[{"href":"https:\/\/www.taller-palabras.com\/WordPress_04\/wp-json\/wp\/v2\/product\/11088","targetHints":{"allow":["GET"]}}],"collection":[{"href":"https:\/\/www.taller-palabras.com\/WordPress_04\/wp-json\/wp\/v2\/product"}],"about":[{"href":"https:\/\/www.taller-palabras.com\/WordPress_04\/wp-json\/wp\/v2\/types\/product"}],"wp:featuredmedia":[{"embeddable":true,"href":"https:\/\/www.taller-palabras.com\/WordPress_04\/wp-json\/wp\/v2\/media\/11091"}],"wp:attachment":[{"href":"https:\/\/www.taller-palabras.com\/WordPress_04\/wp-json\/wp\/v2\/media?parent=11088"}],"wp:term":[{"taxonomy":"product_brand","embeddable":true,"href":"https:\/\/www.taller-palabras.com\/WordPress_04\/wp-json\/wp\/v2\/product_brand?post=11088"},{"taxonomy":"product_cat","embeddable":true,"href":"https:\/\/www.taller-palabras.com\/WordPress_04\/wp-json\/wp\/v2\/product_cat?post=11088"},{"taxonomy":"product_tag","embeddable":true,"href":"https:\/\/www.taller-palabras.com\/WordPress_04\/wp-json\/wp\/v2\/product_tag?post=11088"}],"curies":[{"name":"wp","href":"https:\/\/api.w.org\/{rel}","templated":true}]}}